{"id":5993,"date":"2016-01-13T00:14:09","date_gmt":"2016-01-12T21:14:09","guid":{"rendered":"http:\/\/blogs.magicjudges.org\/rules\/?page_id=5993"},"modified":"2017-03-01T01:14:15","modified_gmt":"2017-02-28T22:14:15","slug":"mtr1-12-fr","status":"publish","type":"page","link":"https:\/\/blogs.magicjudges.org\/rules\/mtr1-12-fr\/","title":{"rendered":"MTR 1.12 Niveaux d\u2019Application des R\u00e8gles (REL)"},"content":{"rendered":"<p style=\"text-align: justify;margin-bottom: 0px\">Le Niveau d\u2019Application des R\u00e8gles (ou REL pour Rules Enforcement Level) permet d\u2019indiquer aux joueurs et aux arbitres ce qu\u2019ils sont en droit d\u2019attendre du tournoi, en termes de s\u00e9v\u00e9rit\u00e9 dans l\u2019application des r\u00e8gles et de technicit\u00e9 requise dans le jeu. Il indique \u00e9galement quelles proc\u00e9dures doivent \u00eatre utilis\u00e9es.<\/p>\n<div class=\"alert alert-info\" role=\"alert\"> <em>L\u2019\u00e9tat d\u2019esprit et l\u2019attitude du joueur moyen, ainsi que les normes en mati\u00e8re de comportement auxquelles les arbitres et les autres joueurs peuvent s\u2019attendre, sont diff\u00e9rents pour chaque Niveau d\u2019Application des R\u00e8gles. Du plus d\u00e9contract\u00e9 au plus strict, les diff\u00e9rents Niveaux d\u2019Applications des R\u00e8gles sont : Convivial, Comp\u00e9titif et Professionnel.<\/em><\/div>\n<p style=\"text-align: justify;margin-bottom: 0px\">Le Niveau d\u2019Application des R\u00e8gles d\u2019un tournoi est g\u00e9n\u00e9ralement le reflet des lots qui y sont distribu\u00e9s et de la distance qu\u2019on estime qu\u2019un joueur va parcourir pour s\u2019y rendre.<\/p>\n<div class=\"alert alert-info\" role=\"alert\"> <em>Par exemple, les FNM se jouent en Niveau d\u2019Application des R\u00e8gles Convivial, elles attirent surtout les joueurs de la communaut\u00e9 d\u2019une boutique locale et leurs lots sont souvent d\u2019un ou deux boosters par joueur. D\u2019un autre c\u00f4t\u00e9 les PPTQ se jouent en Niveau d\u2019Application des R\u00e8gles Comp\u00e9titif, ils attirent des joueurs de toute la r\u00e9gion qui font parfois quelques heures de route, et parmi leurs lots il y a souvent de l\u2019argent en plus de l\u2019invitation au PTQ r\u00e9gional. Les jours 2 des Grands Prix et les Pro Tours se jouent en Niveau d\u2019Application des R\u00e8gles Professionnel, ils attirent des joueurs du monde entier et leurs lots incluent d\u2019importantes sommes d\u2019argent.<\/em><\/div>\n<p style=\"text-align: justify;margin-bottom: 0px\">Le Niveau d\u2019Application des R\u00e8gles qui correspond \u00e0 chaque type de tournoi se trouve dans le tableau fourni en <a href=\"http:\/\/blogs.magicjudges.org\/rules\/mtr-appendix-f-fr\/\">Annexe F<\/a>.<\/p>\n<p><strong>Regular (Convivial)<\/strong><\/p>\n<p style=\"text-align: justify;margin-bottom: 0px\">Les tournois conviviaux mettent l\u2019accent sur les aspects divertissants et sociaux plut\u00f4t que sur la comp\u00e9tition. La plupart des tournois se jouent \u00e0 ce niveau, sauf si des lots cons\u00e9quents ou des invitations \u00e0 jouer d\u2019autres \u00e9v\u00e9nements sont en jeu. Les joueurs sont cens\u00e9s conna\u00eetre la plupart des r\u00e8gles du jeu, peuvent avoir entendu parler des r\u00e8glements et de ce qui est \u00ab vraiment mal, \u00bb mais jouent pourtant comme ils le feraient chez eux. Les joueurs sont toujours tenus de respecter les r\u00e8gles du jeu mais la priorit\u00e9 est donn\u00e9e \u00e0 l\u2019\u00e9ducation et au fair-play plut\u00f4t qu\u2019\u00e0 la technicit\u00e9 du jeu. Le document Arbitrer en jeu convivial (Judging at Regular REL) couvre la fa\u00e7on dont doivent \u00eatre trait\u00e9es les infractions lors de ces tournois ; http:\/\/blogs.magicjudges.org\/translatedrules\/?lang=fr. <a href=\"http:\/\/blogs.magicjudges.org\/rules\/jar\/\">il se trouve ici<\/a>.<\/p>\n<div class=\"alert alert-info\" role=\"alert\"> <em>C\u2019est l\u2019\u00e9tape qui vient juste apr\u00e8s les parties de Magic entre amis sur la table de la cuisine. Remarquez bien que le guide des proc\u00e9dures et infractions (ou IPG pour Infraction Procedure Guide) ne s\u2019applique pas en Niveau d\u2019Application des R\u00e8gles Convivial. Nous utilisons \u00e0 la place le document Arbitrer en jeu convivial (ou JAR pour Judging at Regular REL) qui pose les bases pour cr\u00e9er une atmosph\u00e8re amusante et conviviale o\u00f9 ne sont punis que les infractions r\u00e9p\u00e9t\u00e9es et les probl\u00e8mes s\u00e9rieux-comme la triche, tout comportement agressif, la corruption et le vol. Au lieu de sanctionner les joueurs pour des erreurs innocentes de jeu ou de tournoi, notre travail en tant qu\u2019arbitres en Niveau d\u2019Application des R\u00e8gles Convivial de les aider \u00e0 apprendre la bonne fa\u00e7on de jouer afin qu\u2019ils puissent gagner lors d\u2019\u00e9v\u00e9nements dans les autres Niveaux d\u2019Application des R\u00e8gles.<\/em><\/div>\n<p><strong>Competitive (Comp\u00e9titif)<\/strong><\/p>\n<p style=\"text-align: justify;margin-bottom: 0px\">Les tournois comp\u00e9titifs sont g\u00e9n\u00e9ralement les tournois offrant de l\u2019argent ou des invitations \u00e0 des tournois professionnels. Les joueurs sont tenus de conna\u00eetre les r\u00e8gles du jeu, m\u00eame si une parfaite connaissance n\u2019est pas requise, et d\u2019\u00eatre familiers avec les r\u00e8glements et proc\u00e9dures de tournoi. N\u00e9anmoins, les erreurs qui ne sont pas intentionnelles ne sont pas punies s\u00e9v\u00e8rement. Ces tournois visent \u00e0 prot\u00e9ger les int\u00e9r\u00eats de tous les joueurs en assurant une int\u00e9grit\u00e9 maximale au tournoi, tout en tenant compte du fait que tous les joueurs ne connaissent pas parfaitement la structure, les proc\u00e9dures et les r\u00e8gles des tournois professionnels. Le document Magic Infraction Procedure Guide couvre la fa\u00e7on dont doivent \u00eatre trait\u00e9es les infractions lors de ces tournois ; il se trouve ici : http:\/\/blogs.magicjudges.org\/translatedrules\/?lang=fr.<\/p>\n<div class=\"alert alert-info\" role=\"alert\"> <em>Il s\u2019agit du Niveau d\u2019Application des R\u00e8gles de la plupart des tournois comp\u00e9titifs de Magic. Les GPT, les PPTQ, les RPTQ et les jours 1 des Grands Prix se jouent tous en Niveau d\u2019Application des R\u00e8gles Comp\u00e9titif. Une rigueur de jeu plus stricte et une communication plus claire sont toutes deux importantes \u00e0 ce niveau, de plus les erreurs de jeu et de tournoi sont sanctionn\u00e9es selon le guide des proc\u00e9dures et infractions (IPG). Consultez [[Annotated_IPG|l\u2019IPG annot\u00e9] pour plus d\u2019informations.<\/em><\/p>\n<p><em>Il est obligatoire de lister le deck (<a href=\"http:\/\/blogs.magicjudges.org\/rules\/mtr2-7-fr\/\">2.7 Listage du deck<\/a>) et les arbitres sont tenus d\u2019effectuer des decks-checks au cours du tournoi (<a href=\"http:\/\/blogs.magicjudges.org\/rules\/mtr2-8-fr\/\">2.8 Deck-checks<\/a>). Les joueurs sont cens\u00e9s m\u00e9langer les decks de leurs adversaires apr\u00e8s qu\u2019ils ont \u00e9t\u00e9 m\u00e9lang\u00e9s par leurs propri\u00e9taires (<a href=\"http:\/\/blogs.magicjudges.org\/rules\/mtr3-9-fr\/\">3.9 M\u00e9lange des cartes<\/a>) et certains types de pochettes sont interdits (<a href=\"http:\/\/blogs.magicjudges.org\/rules\/mtr3-10-fr\/\">3.10 Pochettes<\/a>).<\/em><\/p>\n<p><em>\u00c0 quelques exceptions les joueurs n\u2019ont pas le droit de se servir d\u2019appareils \u00e9lectroniques capables de prendre des notes et de les enregistrer, de communiquer avec d\u2019autres personnes ou d\u2019acc\u00e9der \u00e0 Internet, pendant les \u00e9tapes de draft ou de construction du deck et pendant qu\u2019ils jouent leurs matchs (<a href=\"http:\/\/blogs.magicjudges.org\/rules\/mtr2-10-fr\/\">2.10 Dropper d\u2019un tournoi<\/a>).<\/em><\/div>\n<p><strong>Professional (Professionnel)<\/strong><\/p>\n<p style=\"text-align: justify;margin-bottom: 0px\">Les tournois professionnels mettent en jeu d\u2019importantes sommes d\u2019argent, du prestige et d\u2019autres r\u00e9compenses qui attirent les joueurs depuis l\u2019autre c\u00f4t\u00e9 du globe. Les joueurs sont tenus d\u2019avoir une attitude et un niveau de jeu meilleur que dans les tournois comp\u00e9titifs. Le document Magic Infraction Procedure Guide couvre la fa\u00e7on dont doivent \u00eatre trait\u00e9es les infractions lors de ces tournois ; il se trouve ici : http:\/\/blogs.magicjudges.org\/translatedrules\/?lang=fr.<\/p>\n<div class=\"alert alert-info\" role=\"alert\"> <em>Il s\u2019agit du Niveau d\u2019Application des R\u00e8gles le plus strict et par voie de cons\u00e9quence le plus rare. Les jours 2 des Grands Prix et les Pro Tours se jouent tous deux en Niveau d\u2019Application des R\u00e8gles Professionnel.<\/em><\/p>\n<p><em>Il est obligatoire de lister le deck (<a href=\"http:\/\/blogs.magicjudges.org\/rules\/mtr2-7-fr\/\">2.7 Listage du deck<\/a>) et les arbitres sont tenus d\u2019effectuer des decks-checks au cours du tournoi (<a href=\"http:\/\/blogs.magicjudges.org\/rules\/mtr2-8-fr\/\">2.8 Deck-checks<\/a>). Les joueurs sont cens\u00e9s m\u00e9langer les decks de leurs adversaires apr\u00e8s qu\u2019ils ont \u00e9t\u00e9 m\u00e9lang\u00e9s par leurs propri\u00e9taires (<a href=\"http:\/\/blogs.magicjudges.org\/rules\/mtr3-9-fr\/\">3.9 M\u00e9lange des cartes<\/a>) et certains types de pochettes sont interdits (<a href=\"http:\/\/blogs.magicjudges.org\/rules\/mtr3-10-fr\/\">3.10 Pochettes<\/a>).<\/em><\/p>\n<p><em>\u00c0 quelques exceptions les joueurs n\u2019ont pas le droit de se servir d\u2019appareils \u00e9lectroniques capables de prendre des notes et de les enregistrer, de communiquer avec d\u2019autres personnes ou d\u2019acc\u00e9der \u00e0 Internet, pendant les \u00e9tapes de draft ou de construction du deck et pendant qu\u2019ils jouent leurs matchs (<a href=\"http:\/\/blogs.magicjudges.org\/rules\/mtr2-10-fr\/\">2.10 Dropper d\u2019un tournoi<\/a>).<\/em><\/p>\n<p><em>Les joueurs qui jouent leurs matchs dans la zone de jeu film\u00e9e des tournois en Niveau d\u2019Application des R\u00e8gles Professionnel doivent disposer leurs cartes en respectant les consignes d\u00e9crites dans <a href=\"http:\/\/blogs.magicjudges.org\/rules\/mtr2-13-fr\/\">la section 2.13 des MTR<\/a> qui traite de la couverture vid\u00e9o des \u00e9v\u00e9nements film\u00e9s.<\/em><\/div>\n","protected":false},"excerpt":{"rendered":"<p>Le Niveau d\u2019Application des R\u00e8gles (ou REL pour Rules Enforcement Level) permet d\u2019indiquer aux joueurs et aux arbitres ce qu\u2019ils sont en droit d\u2019attendre du tournoi, en termes de s\u00e9v\u00e9rit\u00e9 dans l\u2019application des r\u00e8gles et de technicit\u00e9 requise dans le jeu. Il indique \u00e9galement quelles proc\u00e9dures doivent \u00eatre utilis\u00e9es. Le Niveau d\u2019Application des R\u00e8gles d\u2019un [&hellip;]<\/p>\n","protected":false},"author":30,"featured_media":0,"parent":0,"menu_order":0,"comment_status":"closed","ping_status":"closed","template":"page_width-index.php","meta":{"footnotes":"","_links_to":"","_links_to_target":""},"language":[9],"class_list":["post-5993","page","type-page","status-publish","hentry","language-fr"],"_links":{"self":[{"href":"https:\/\/blogs.magicjudges.org\/rules\/wp-json\/wp\/v2\/pages\/5993","targetHints":{"allow":["GET"]}}],"collection":[{"href":"https:\/\/blogs.magicjudges.org\/rules\/wp-json\/wp\/v2\/pages"}],"about":[{"href":"https:\/\/blogs.magicjudges.org\/rules\/wp-json\/wp\/v2\/types\/page"}],"author":[{"embeddable":true,"href":"https:\/\/blogs.magicjudges.org\/rules\/wp-json\/wp\/v2\/users\/30"}],"replies":[{"embeddable":true,"href":"https:\/\/blogs.magicjudges.org\/rules\/wp-json\/wp\/v2\/comments?post=5993"}],"version-history":[{"count":2,"href":"https:\/\/blogs.magicjudges.org\/rules\/wp-json\/wp\/v2\/pages\/5993\/revisions"}],"predecessor-version":[{"id":6435,"href":"https:\/\/blogs.magicjudges.org\/rules\/wp-json\/wp\/v2\/pages\/5993\/revisions\/6435"}],"wp:attachment":[{"href":"https:\/\/blogs.magicjudges.org\/rules\/wp-json\/wp\/v2\/media?parent=5993"}],"wp:term":[{"taxonomy":"language","embeddable":true,"href":"https:\/\/blogs.magicjudges.org\/rules\/wp-json\/wp\/v2\/language?post=5993"}],"curies":[{"name":"wp","href":"https:\/\/api.w.org\/{rel}","templated":true}]}}