{"id":5999,"date":"2016-01-13T00:32:10","date_gmt":"2016-01-12T21:32:10","guid":{"rendered":"http:\/\/blogs.magicjudges.org\/rules\/?page_id=5999"},"modified":"2017-12-08T13:21:45","modified_gmt":"2017-12-08T10:21:45","slug":"mtr2-3-fr","status":"publish","type":"page","link":"https:\/\/blogs.magicjudges.org\/rules\/mtr2-3-fr\/","title":{"rendered":"MTR 2.3 Proc\u00e9dure d\u2019avant-partie"},"content":{"rendered":"<p style=\"text-align: justify;margin-bottom: 0px\">Les \u00e9tapes suivantes doivent \u00eatre effectu\u00e9es dans un laps de temps raisonnable avant que chaque partie ne commence :<\/p>\n<div class=\"alert alert-info\" role=\"alert\"> <em>Ici l\u2019expression \u201cdans un laps de temps raisonnable\u201d est importante. Les joueurs ne peuvent pas prendre un temps excessif pour utiliser leur sideboard ou m\u00e9langer, sauf \u00e0 s\u2019exposer \u00e0 des p\u00e9nalit\u00e9s pour Slow Play voire Stalling penalties.<br \/>\n<\/em><\/div>\n<ol style=\"text-align: justify\">\n<li>Si l\u2019utilisation de la r\u00e9serve est autoris\u00e9e, les joueurs peuvent retirer des cartes de leur deck principal et ajouter des cartes de leur r\u00e9serve.<br \/>\n<div class=\"alert alert-info\" role=\"alert\"> <em>Ici l\u2019\u00e9l\u00e9ment-clef se trouve dans la premi\u00e8re phrase : \u201cSi des actions de jeu ont eu lieu pendant une partie pr\u00e9c\u00e9dente du match\u201d. Un tournoi est cens\u00e9 mettre \u00e0 l\u2019\u00e9preuve en premier lieu les comp\u00e9tences du joueur en mati\u00e8re de construction de deck et de jeu technique, pas en mati\u00e8re d\u2019espionnage anticip\u00e9 de ses adversaires. Un joueur ne peut pas proposer de faire une \u00e9galit\u00e9 intentionnelle sur la premi\u00e8re manche avant d\u2019effectuer la moindre action de jeu dans le but d\u2019ajouter \u00e0 son deck des cartes du sideboard pour la suite du match. Si les joueurs ont effectu\u00e9s des actions de jeu, il est raisonnable qu\u2019ils mettent \u00e0 profit ces connaissances pour prendre des d\u00e9cisions pertinentes en utilisant leurs sideboards. Remarquez que cela s\u2019applique \u00e0 la premi\u00e8re partie du match ou \u00e0 tout match qui commence \u00e0 la manche deux ou plus \u00e0 cause de p\u00e9nalit\u00e9s attribu\u00e9es \u00e0 au moins un des joueurs avant le d\u00e9but de la premi\u00e8re partie. La derni\u00e8re phrase concerne des cas tels que ce qui se passe quand la troisi\u00e8me capacit\u00e9 de Karn, Liberated est activ\u00e9e : traitez ces parties red\u00e9marr\u00e9es de la m\u00eame fa\u00e7on que la partie d\u2019origine au sein du match.<\/em><\/div><\/li>\n<li>Les joueurs m\u00e9langent leur deck. Les \u00e9tapes 1 et 2 peuvent \u00eatre r\u00e9p\u00e9t\u00e9es.<br \/>\n<div class=\"alert alert-info\" role=\"alert\"> <em>Chaque joueur doit pr\u00e9senter un deck compl\u00e8tement al\u00e9atoire \u00e0 chaque partie &#8212; un joueur ne doit conna\u00eetre la position sp\u00e9cifique ou g\u00e9n\u00e9rale d\u2019aucune carte dans son deck. Le \u201cm\u00e9lange en tas\u201d, qui consiste \u00e0 \u00e9taler les cartes en un nombre d\u00e9fini de piles, n\u2019est pas consid\u00e9r\u00e9 comme suffisant au regard de cette proc\u00e9dure. (MTR 3.9) M\u00e9langer le deck n\u2019indique pas que l\u2019utilisation du sideboard est termin\u00e9e. Un joueur peut \u00eatre en train de m\u00e9langer et se rendre compte qu\u2019il souhaite reconsid\u00e9rer ses choix de sideboard, du moment que cela se fait en un laps de temps raisonnable.<\/em><\/div><\/li>\n<li>Les joueurs pr\u00e9sentent leur deck \u00e0 leur adversaire pour un m\u00e9lange suppl\u00e9mentaire. Ils pr\u00e9sentent \u00e9galement leur sideboard \u00e0 ce moment s\u2019ils en ont un.<br \/>\n<div class=\"alert alert-info\" role=\"alert\"> <em>Cette clause sert \u00e0 dissuader les joueurs d\u2019ordonner leur propre deck en le manipulant gr\u00e2ce \u00e0 des techniques de dext\u00e9rit\u00e9 manuelle au cours de la proc\u00e9dure de m\u00e9lange. Les joueurs doivent permettre aussi \u00e0 leur adversaire de s\u2019assurer de la l\u00e9galit\u00e9 de leur sideboard \u00e0 chaque partie (le nombre de cartes mais pas le contenu). Une fois qu\u2019un joueur a pr\u00e9sent\u00e9 son deck et que l\u2019adversaire l\u2019a m\u00e9lang\u00e9, le d\u00e9lai pour r\u00e9p\u00e9ter les \u00e9tapes 1-2 a expir\u00e9.<\/em><\/div><\/li>\n<li>Apr\u00e8s la premi\u00e8re partie d\u2019un match et les suivantes, le joueur qui doit prendre cette d\u00e9cision d\u00e9cide s\u2019il va jouer en premier ou en second s\u2019il ne l\u2019a pas d\u00e9j\u00e0 fait. Si ce joueur n\u2019exprime pas son choix avant de regarder les cartes de sa main, on consid\u00e8re qu\u2019il a choisi de jouer en premier.<br \/>\n<div class=\"alert alert-info\" role=\"alert\"> <em>Cela est aussi abord\u00e9 dans la section 2.2 des MTR mais pour r\u00e9sumer : un joueur d\u00e9cide s\u2019il veut jouer ou piocher avant de regarder sa main, parce que cela pourrait grandement influencer son choix. La plupart des gens veulent jouer en premier de toute fa\u00e7on donc c\u2019est tout simplement le choix par d\u00e9faut si le joueur ne l\u2019annonce pas explicitement.<\/em><\/div><\/li>\n<li>Chaque joueur pioche sept cartes. Ces cartes peuvent optionnellement \u00eatre distribu\u00e9es face cach\u00e9e sur la table.<br \/>\n<div class=\"alert alert-info\" role=\"alert\"> <em>Cette r\u00e8gle d\u00e9finit la taille de la main de d\u00e9part en tournoi homologu\u00e9. La m\u00e9thode employ\u00e9e pour piocher ces cartes est sans importance sous r\u00e9serve que sept cartes exactement soient pioch\u00e9es. Distribuer les cartes face cach\u00e9e sur la table ne signifie pas qu\u2019elles sont pioch\u00e9es. De nombreux joueurs agissent ainsi pour compter les cartes afin de s\u2019assurer qu\u2019ils en prennent le bon nombre.<\/em><\/div><\/li>\n<li>Chaque joueur, dans l\u2019ordre du tour, peut effectuer des mulligans. (Les r\u00e8gles sur les mulligans se trouvent dans les Magic Comprehensive Rules, r\u00e8gle 103.4). Si un joueur effectue un mulligan, il r\u00e9p\u00e8te la proc\u00e9dure de m\u00e9lange et de pr\u00e9sentation du deck d\u00e9crite ci-dessus.<br \/>\n<div class=\"alert alert-info\" role=\"alert\"> <em>Une fois qu\u2019un joueur a annonc\u00e9 sa d\u00e9cision de conserver sa main de d\u00e9part, il ne peut plus d\u00e9cider ensuite d\u2019effectuer un mulligan en fonction de la d\u00e9cision de l\u2019adversaire. Quand un joueur annonce une d\u00e9cision de mulligan, il est tenu de respecter ce choix, m\u00eame s\u2019il l\u2019annonce avant que ce soit \u00e0 lui de parler. Remarquez que les \u00e9tapes 1-2 ne sont pas r\u00e9p\u00e9t\u00e9es pendant le mulligan. On ne peut plus ajouter ni retirer des cartes du deck \u00e0 ce moment-l\u00e0.<\/em><em>\u00c0 partir du 26 septembre 2015, la r\u00e8gle 103.4 des CR est modifi\u00e9e : un joueur qui effectue un mulligan et conserve une main de d\u00e9part avec moins de cartes que sa taille initiale, est autoris\u00e9 \u00e0 effectuer un regard 1 apr\u00e8s avoir annonc\u00e9 qu\u2019il gardait sa main. Pour conna\u00eetre tous les d\u00e9tails techniques sur comment effectuer des mulligans, consultez les r\u00e8gles compl\u00e8tes, <a href=\"http:\/\/blogs.magicjudges.org\/rules\/cr103\/\">cf. CR 103.4.<\/a><\/em><\/div><\/li>\n<\/ol>\n<p style=\"text-align: justify;margin-bottom: 0px\">La partie est consid\u00e9r\u00e9e comme commenc\u00e9e une fois que tous les joueurs ont termin\u00e9 d\u2019effectuer leurs mulligans. Les proc\u00e9dures de pr\u00e9paration \u00e0 la partie peuvent \u00eatre effectu\u00e9es avant que le d\u00e9compte officiel du match n\u2019ait commenc\u00e9.<\/p>\n<div class=\"alert alert-info\" role=\"alert\"> <em>C\u2019est une fa\u00e7on de r\u00e9compenser les joueurs ponctuels, qui peuvent alors profiter pleinement de toute la dur\u00e9e de la ronde pour jouer, tout en tra\u00e7ant quand m\u00eame une fronti\u00e8re claire pour d\u00e9finir ce qui peut \u00eatre fait avant que le d\u00e9but de la ronde ne soit annonc\u00e9.<\/em><\/div>\n","protected":false},"excerpt":{"rendered":"<p>Les \u00e9tapes suivantes doivent \u00eatre effectu\u00e9es dans un laps de temps raisonnable avant que chaque partie ne commence : Si l\u2019utilisation de la r\u00e9serve est autoris\u00e9e, les joueurs peuvent retirer des cartes de leur deck principal et ajouter des cartes de leur r\u00e9serve. Les joueurs m\u00e9langent leur deck. Les \u00e9tapes 1 et 2 peuvent \u00eatre [&hellip;]<\/p>\n","protected":false},"author":30,"featured_media":0,"parent":0,"menu_order":0,"comment_status":"closed","ping_status":"closed","template":"page_width-index.php","meta":{"footnotes":"","_links_to":"","_links_to_target":""},"language":[9],"class_list":["post-5999","page","type-page","status-publish","hentry","language-fr"],"_links":{"self":[{"href":"https:\/\/blogs.magicjudges.org\/rules\/wp-json\/wp\/v2\/pages\/5999","targetHints":{"allow":["GET"]}}],"collection":[{"href":"https:\/\/blogs.magicjudges.org\/rules\/wp-json\/wp\/v2\/pages"}],"about":[{"href":"https:\/\/blogs.magicjudges.org\/rules\/wp-json\/wp\/v2\/types\/page"}],"author":[{"embeddable":true,"href":"https:\/\/blogs.magicjudges.org\/rules\/wp-json\/wp\/v2\/users\/30"}],"replies":[{"embeddable":true,"href":"https:\/\/blogs.magicjudges.org\/rules\/wp-json\/wp\/v2\/comments?post=5999"}],"version-history":[{"count":2,"href":"https:\/\/blogs.magicjudges.org\/rules\/wp-json\/wp\/v2\/pages\/5999\/revisions"}],"predecessor-version":[{"id":7148,"href":"https:\/\/blogs.magicjudges.org\/rules\/wp-json\/wp\/v2\/pages\/5999\/revisions\/7148"}],"wp:attachment":[{"href":"https:\/\/blogs.magicjudges.org\/rules\/wp-json\/wp\/v2\/media?parent=5999"}],"wp:term":[{"taxonomy":"language","embeddable":true,"href":"https:\/\/blogs.magicjudges.org\/rules\/wp-json\/wp\/v2\/language?post=5999"}],"curies":[{"name":"wp","href":"https:\/\/api.w.org\/{rel}","templated":true}]}}