{"id":6007,"date":"2016-01-13T00:36:43","date_gmt":"2016-01-12T21:36:43","guid":{"rendered":"http:\/\/blogs.magicjudges.org\/rules\/?page_id=6007"},"modified":"2017-12-08T13:25:09","modified_gmt":"2017-12-08T10:25:09","slug":"mtr2-7-fr","status":"publish","type":"page","link":"https:\/\/blogs.magicjudges.org\/rules\/mtr2-7-fr\/","title":{"rendered":"MTR 2.7 Listage du deck"},"content":{"rendered":"<p style=\"text-align: justify;margin-bottom: 0px\">Les joueurs doivent lister leur deck et leur r\u00e9serve (le cas \u00e9ch\u00e9ant) en Niveaux d\u2019Application des R\u00e8gles Comp\u00e9titif et Professionnel. Le Head-Judge peut demander un listage dans un tournoi en Niveau d\u2019Application des R\u00e8gles Convivial.<\/p>\n<div class=\"alert alert-info\" role=\"alert\"> <em>Si le Head-Judge ou le TO souhaite utiliser des listes de decks en Niveau d\u2019Application des R\u00e8gles Convivial, il doit s\u2019assurer d\u2019en informer les joueurs d\u00e8s que possible. N\u00e9anmoins si le TO ou le Head-Judge d\u00e9cide que l\u2019\u00e9v\u00e9nement a assez d\u2019enjeu pour justifier le listage en Niveau d\u2019Application des R\u00e8gles Convivial, peut-\u00eatre souhaitera-t-il aussi modifier le Niveau d\u2019Application des R\u00e8gles en Comp\u00e9titif. Il est tr\u00e8s rare de lister les decks lors des \u00e9v\u00e9nements en Niveau d\u2019Application des R\u00e8gles Convivial.<\/em><\/div>\n<p>&nbsp;<\/p>\n<p style=\"text-align: justify;margin-bottom: 0px\">Les listes contiennent la composition initiale de chaque deck et sideboard (le cas \u00e9ch\u00e9ant). Une fois votre liste rendue \u00e0 un officiel de tournoi, celle-ci ne peut plus \u00eatre modifi\u00e9e.<\/p>\n<div class=\"alert alert-info\" role=\"alert\"> <em>Modifier une liste de deck apr\u00e8s qu\u2019elle a \u00e9t\u00e9 rendue \u00e0 un officiel de tournoi n\u2019est pas permis parce qu\u2019un joueur pourrait b\u00e9n\u00e9ficier d\u2019informations strat\u00e9giques suppl\u00e9mentaires en attendant qu\u2019un ami vienne l\u2019aider \u00e0 d\u00e9cider quoi jouer ou en espionnant ses adversaires. Un arbitre a le droit de modifier une liste de deck quand il applique la proc\u00e9dure suppl\u00e9mentaire de r\u00e9paration en cas de Deck \/ Decklist Problem (<a href=\"http:\/\/blogs.magicjudges.org\/rules\/ipg-3-5-fr\/\">AIPG 3.5<\/a>).<\/em><\/div>\n<p style=\"text-align: justify;margin-bottom: 0px\">Dans les tournois en format construit, les listes de deck doivent \u00eatre rendues \u00e0 un officiel du tournoi avant le d\u00e9but de la ronde 1. Cela vaut aussi pour les joueurs qui b\u00e9n\u00e9ficient d\u2019un bye pour cette ronde.<\/p>\n<p style=\"text-align: justify;margin-bottom: 0px\">Dans les tournois en format limit\u00e9, chaque joueur doit rendre sa liste de deck avant le d\u00e9but de la premi\u00e8re ronde \u00e0 laquelle il participe et pour laquelle il ne b\u00e9n\u00e9ficie pas d\u2019un bye.<\/p>\n<div class=\"alert alert-info\" role=\"alert\"> <em>Cette r\u00e8gle est principalement ce qui permet au sleep in special d\u2019exister. On peut permettre aux joueurs de Grand Prix d\u2019arriver la ronde pr\u00e9c\u00e9dant leur premier match afin de construire leur deck pendant ce temps.<\/em><\/div>\n<p style=\"text-align: justify;margin-bottom: 0px\">Les joueurs ont le droit de demander \u00e0 voir leur liste de deck entre les matchs. Une telle requ\u00eate sera honor\u00e9e si c\u2019est logistiquement possible.<\/p>\n<div class=\"alert alert-info\" role=\"alert\"> <em>Il appartient aux arbitres de l\u2019\u00e9v\u00e9nement de d\u00e9terminer ce qui est logistiquement possible. Pour certains \u00e9v\u00e9nements des milliers de listes de decks sont r\u00e9cup\u00e9r\u00e9es au m\u00eame moment donc il peut s\u2019av\u00e9rer impossible d\u2019essayer d\u2019en retrouver une en particulier avant qu\u2019elles ne soient toutes class\u00e9es. Si un joueur a averti un arbitre d\u2019une erreur avant qu\u2019il ne puisse en tirer avantage ou avant le d\u00e9but de l\u2019\u00e9v\u00e9nement, veuillez garder cette information \u00e0 l\u2019esprit si vous ne pouvez pas lui fournir sa liste. En outre de nos jours les joueurs prennent souvent leur liste de deck en photo avant de la rendre ou apr\u00e8s avoir demand\u00e9 \u00e0 la revoir, pour leur usage ult\u00e9rieur.<\/em><\/div>\n<p style=\"text-align: justify;margin-bottom: 0px\">En g\u00e9n\u00e9ral, les listes de decks ne sont pas des informations publiques et ne sont pas partag\u00e9es avec d\u2019autres joueurs durant un tournoi.<br \/>\nLors des tournois en format construit en Niveau d\u2019Application des R\u00e8gles Professionnel (Pro Tour, World Magic Cup, Magic: The Gathering World Championship et Grand Prix), un exemplaire de la liste de deck de leur adversaire est fourni aux joueurs pendant les rondes en \u00e9limination directe \u00e0 la fin du tournoi.<\/p>\n<div class=\"alert alert-info\" role=\"alert\"> <em>Pendant les rondes en \u00e9limination directe \u00e0 la fin des tournois en Limit\u00e9, les risques diminuent drastiquement que votre adversaire obtienne des informations \u00e0 propos de votre liste de deck. C\u2019est pourquoi nous ne fournissons les listes de decks que pour les \u00e9v\u00e9nements en format Construit. Les Star City Games Open Series ont aussi autoris\u00e9 les joueurs du top 8 \u00e0 consulter les listes des decks de leurs adversaires.<\/em><\/p>\n<p><em>Remarquez que pour un joueur donn\u00e9 \u00e0 qui on remet la liste du deck de son adversaire, celle-ci est consid\u00e9r\u00e9e comme des notes prises en dehors de la partie donc ce joueur ne peut la consulter qu\u2019entre deux manches.<\/em><\/div>\n","protected":false},"excerpt":{"rendered":"<p>Les joueurs doivent lister leur deck et leur r\u00e9serve (le cas \u00e9ch\u00e9ant) en Niveaux d\u2019Application des R\u00e8gles Comp\u00e9titif et Professionnel. Le Head-Judge peut demander un listage dans un tournoi en Niveau d\u2019Application des R\u00e8gles Convivial. &nbsp; Les listes contiennent la composition initiale de chaque deck et sideboard (le cas \u00e9ch\u00e9ant). Une fois votre liste rendue [&hellip;]<\/p>\n","protected":false},"author":30,"featured_media":0,"parent":0,"menu_order":0,"comment_status":"closed","ping_status":"closed","template":"page_width-index.php","meta":{"footnotes":"","_links_to":"","_links_to_target":""},"language":[9],"class_list":["post-6007","page","type-page","status-publish","hentry","language-fr"],"_links":{"self":[{"href":"https:\/\/blogs.magicjudges.org\/rules\/wp-json\/wp\/v2\/pages\/6007","targetHints":{"allow":["GET"]}}],"collection":[{"href":"https:\/\/blogs.magicjudges.org\/rules\/wp-json\/wp\/v2\/pages"}],"about":[{"href":"https:\/\/blogs.magicjudges.org\/rules\/wp-json\/wp\/v2\/types\/page"}],"author":[{"embeddable":true,"href":"https:\/\/blogs.magicjudges.org\/rules\/wp-json\/wp\/v2\/users\/30"}],"replies":[{"embeddable":true,"href":"https:\/\/blogs.magicjudges.org\/rules\/wp-json\/wp\/v2\/comments?post=6007"}],"version-history":[{"count":3,"href":"https:\/\/blogs.magicjudges.org\/rules\/wp-json\/wp\/v2\/pages\/6007\/revisions"}],"predecessor-version":[{"id":7150,"href":"https:\/\/blogs.magicjudges.org\/rules\/wp-json\/wp\/v2\/pages\/6007\/revisions\/7150"}],"wp:attachment":[{"href":"https:\/\/blogs.magicjudges.org\/rules\/wp-json\/wp\/v2\/media?parent=6007"}],"wp:term":[{"taxonomy":"language","embeddable":true,"href":"https:\/\/blogs.magicjudges.org\/rules\/wp-json\/wp\/v2\/language?post=6007"}],"curies":[{"name":"wp","href":"https:\/\/api.w.org\/{rel}","templated":true}]}}