{"id":6008,"date":"2016-01-13T00:36:47","date_gmt":"2016-01-12T21:36:47","guid":{"rendered":"http:\/\/blogs.magicjudges.org\/rules\/?page_id=6008"},"modified":"2017-01-13T12:57:44","modified_gmt":"2017-01-13T09:57:44","slug":"mtr2-8-fr","status":"publish","type":"page","link":"https:\/\/blogs.magicjudges.org\/rules\/mtr2-8-fr\/","title":{"rendered":"MTR 2.8 Deck Checks"},"content":{"rendered":"<p style=\"text-align: justify;margin-bottom: 0px\">Des deck-checks (v\u00e9rifications de decks) doivent \u00eatre effectu\u00e9s durant tous les tournois en Niveaux d\u2019Application des R\u00e8gles Comp\u00e9titif et Professionnel et le Head-Judge peut \u00e9galement effectuer des deck-checks pendant les tournois en Niveau d\u2019Application des R\u00e8gles Convivial. Au moins dix pour cent de tous les decks doivent \u00eatre v\u00e9rifi\u00e9s au cours du tournoi.<\/p>\n<div class=\"alert alert-info\" role=\"alert\"> <em>Remarquez qu\u2019il ne s\u2019agit que d\u2019une recommandation. Bien que les decks checks soient tr\u00e8s importants, le tournoi pr\u00e9vaut toujours. La couverture de la salle doit toujours avoir la priorit\u00e9 sur le contr\u00f4le des decks. Les decks checks sont un moyen pour tenter de d\u00e9celer certaines formes de triche. Le facteur essentiel est qu\u2019ils sont dissuasifs car ils d\u00e9couragent les joueurs de faire quelque chose de malhonn\u00eate avec leur deck, \u00e0 cause du risque de subir un deck check inopin\u00e9.<\/em><\/div>\n<p style=\"text-align: justify;margin-bottom: 0px\">Il ne faut pas effectuer un deck check complet si un joueur a pioch\u00e9 une main et potentiellement pris des d\u00e9cisions de mulligan.<\/p>\n<div class=\"alert alert-info\" role=\"alert\"> <em>Veuillez remarquer qu&#8217;il s&#8217;agit d&#8217;une modification notable ! Par le pass\u00e9 il \u00e9tait seulement recommand\u00e9 de ne pas effectuer un deck check apr\u00e8s qu&#8217;un joueur avait pioch\u00e9 sa main de d\u00e9part, \u00e0 pr\u00e9sent il est indiqu\u00e9 qu&#8217;il ne faut pas effectuer un deck check complet dans ce cas-l\u00e0. Concr\u00e8tement, \u00e0 moins qu&#8217;il existe une raison s\u00e9rieuse pour laquelle ces joueurs-l\u00e0 sont vis\u00e9s, il vaut mieux choisir simplement un autre match o\u00f9 effectuer le deck check.<\/em><\/div>\n","protected":false},"excerpt":{"rendered":"<p>Des deck-checks (v\u00e9rifications de decks) doivent \u00eatre effectu\u00e9s durant tous les tournois en Niveaux d\u2019Application des R\u00e8gles Comp\u00e9titif et Professionnel et le Head-Judge peut \u00e9galement effectuer des deck-checks pendant les tournois en Niveau d\u2019Application des R\u00e8gles Convivial. Au moins dix pour cent de tous les decks doivent \u00eatre v\u00e9rifi\u00e9s au cours du tournoi. Il ne [&hellip;]<\/p>\n","protected":false},"author":30,"featured_media":0,"parent":0,"menu_order":0,"comment_status":"closed","ping_status":"closed","template":"page_width-index.php","meta":{"footnotes":"","_links_to":"","_links_to_target":""},"language":[9],"class_list":["post-6008","page","type-page","status-publish","hentry","language-fr"],"_links":{"self":[{"href":"https:\/\/blogs.magicjudges.org\/rules\/wp-json\/wp\/v2\/pages\/6008","targetHints":{"allow":["GET"]}}],"collection":[{"href":"https:\/\/blogs.magicjudges.org\/rules\/wp-json\/wp\/v2\/pages"}],"about":[{"href":"https:\/\/blogs.magicjudges.org\/rules\/wp-json\/wp\/v2\/types\/page"}],"author":[{"embeddable":true,"href":"https:\/\/blogs.magicjudges.org\/rules\/wp-json\/wp\/v2\/users\/30"}],"replies":[{"embeddable":true,"href":"https:\/\/blogs.magicjudges.org\/rules\/wp-json\/wp\/v2\/comments?post=6008"}],"version-history":[{"count":1,"href":"https:\/\/blogs.magicjudges.org\/rules\/wp-json\/wp\/v2\/pages\/6008\/revisions"}],"predecessor-version":[{"id":6017,"href":"https:\/\/blogs.magicjudges.org\/rules\/wp-json\/wp\/v2\/pages\/6008\/revisions\/6017"}],"wp:attachment":[{"href":"https:\/\/blogs.magicjudges.org\/rules\/wp-json\/wp\/v2\/media?parent=6008"}],"wp:term":[{"taxonomy":"language","embeddable":true,"href":"https:\/\/blogs.magicjudges.org\/rules\/wp-json\/wp\/v2\/language?post=6008"}],"curies":[{"name":"wp","href":"https:\/\/api.w.org\/{rel}","templated":true}]}}