{"id":6009,"date":"2016-01-13T00:36:51","date_gmt":"2016-01-12T21:36:51","guid":{"rendered":"http:\/\/blogs.magicjudges.org\/rules\/?page_id=6009"},"modified":"2017-01-13T12:58:14","modified_gmt":"2017-01-13T09:58:14","slug":"mtr2-9-fr","status":"publish","type":"page","link":"https:\/\/blogs.magicjudges.org\/rules\/mtr2-9-fr\/","title":{"rendered":"MTR 2.9 Appels au Head-Judge"},"content":{"rendered":"<p style=\"text-align: justify;margin-bottom: 0px\">Si un joueur n\u2019est pas d\u2019accord avec le ruling d\u2019un arbitre, il peut faire appel au Head-Judge.<\/p>\n<div class=\"alert alert-info\" role=\"alert\"> <em>Le droit de faire appel au Head-Judge est une forme de protection offerte aux joueurs. Cela leur permet d\u2019avoir une deuxi\u00e8me opinion s\u2019ils ne sont pas d\u2019accord avec la d\u00e9cision de l\u2019arbitre de salle ou simplement s\u2019ils estiment que la p\u00e9nalit\u00e9 est trop s\u00e9v\u00e8re.<\/em><\/div>\n<p style=\"text-align: justify\">Lors de grands tournois Premier Event (comme un Grand Prix ou un Pro Tour) et avec accord pr\u00e9alable, le Head-Judge peut d\u00e9signer des Appeals Judges suppl\u00e9mentaires qui auront autorit\u00e9 pour recevoir des appels. Ils porteront la m\u00eame tenue que le Head-Judge.<\/p>\n<p style=\"text-align: justify;margin-bottom: 0px\">Les joueurs ne peuvent pas faire appel avant qu\u2019un ruling complet ne soit rendu par l\u2019arbitre sollicit\u00e9 en premier. Les rulings rendus par le Head-Judge ou par un Appeal Judge d\u00e9sign\u00e9 sont finaux.<\/p>\n<div class=\"alert alert-info\" role=\"alert\"> <em>Les joueurs ont le devoir d\u2019\u00eatre respectueux envers les arbitres, ce qui inclut de les laisser terminer d\u2019expliquer leur d\u00e9cision d\u2019arbitrage avant d\u2019exprimer un d\u00e9saccord. Quand un joueur qui fait appel de la d\u00e9cision d\u2019un arbitre au pr\u00e9texte de comment l\u2019arbitre est per\u00e7u ou de la fa\u00e7on dont le joueur pense que l\u2019arbitre va prendre sa d\u00e9cision, cela affaiblit l\u2019autorit\u00e9 de cette arbitre et \u00e7a peut \u00eatre consid\u00e9r\u00e9 comme relevant de la <a href=\"http:\/\/blogs.magicjudges.org\/rules\/ipg-4-1-fr\/\">Conduite Antisportive &#8211; Mineure.<\/em><\/div>\n","protected":false},"excerpt":{"rendered":"<p>Si un joueur n\u2019est pas d\u2019accord avec le ruling d\u2019un arbitre, il peut faire appel au Head-Judge. Lors de grands tournois Premier Event (comme un Grand Prix ou un Pro Tour) et avec accord pr\u00e9alable, le Head-Judge peut d\u00e9signer des Appeals Judges suppl\u00e9mentaires qui auront autorit\u00e9 pour recevoir des appels. Ils porteront la m\u00eame tenue [&hellip;]<\/p>\n","protected":false},"author":30,"featured_media":0,"parent":0,"menu_order":0,"comment_status":"closed","ping_status":"closed","template":"page_width-index.php","meta":{"footnotes":"","_links_to":"","_links_to_target":""},"language":[9],"class_list":["post-6009","page","type-page","status-publish","hentry","language-fr"],"_links":{"self":[{"href":"https:\/\/blogs.magicjudges.org\/rules\/wp-json\/wp\/v2\/pages\/6009","targetHints":{"allow":["GET"]}}],"collection":[{"href":"https:\/\/blogs.magicjudges.org\/rules\/wp-json\/wp\/v2\/pages"}],"about":[{"href":"https:\/\/blogs.magicjudges.org\/rules\/wp-json\/wp\/v2\/types\/page"}],"author":[{"embeddable":true,"href":"https:\/\/blogs.magicjudges.org\/rules\/wp-json\/wp\/v2\/users\/30"}],"replies":[{"embeddable":true,"href":"https:\/\/blogs.magicjudges.org\/rules\/wp-json\/wp\/v2\/comments?post=6009"}],"version-history":[{"count":1,"href":"https:\/\/blogs.magicjudges.org\/rules\/wp-json\/wp\/v2\/pages\/6009\/revisions"}],"predecessor-version":[{"id":6018,"href":"https:\/\/blogs.magicjudges.org\/rules\/wp-json\/wp\/v2\/pages\/6009\/revisions\/6018"}],"wp:attachment":[{"href":"https:\/\/blogs.magicjudges.org\/rules\/wp-json\/wp\/v2\/media?parent=6009"}],"wp:term":[{"taxonomy":"language","embeddable":true,"href":"https:\/\/blogs.magicjudges.org\/rules\/wp-json\/wp\/v2\/language?post=6009"}],"curies":[{"name":"wp","href":"https:\/\/api.w.org\/{rel}","templated":true}]}}