{"id":6010,"date":"2016-01-13T00:36:57","date_gmt":"2016-01-12T21:36:57","guid":{"rendered":"http:\/\/blogs.magicjudges.org\/rules\/?page_id=6010"},"modified":"2017-01-13T12:58:35","modified_gmt":"2017-01-13T09:58:35","slug":"mtr2-10-fr","status":"publish","type":"page","link":"https:\/\/blogs.magicjudges.org\/rules\/mtr2-10-fr\/","title":{"rendered":"MTR 2.10 Dropper d\u2019un tournoi"},"content":{"rendered":"<p style=\"text-align: justify;margin-bottom: 0px\">Un joueur peut dropper d\u2019un tournoi (le quitter) \u00e0 tout moment. Si un joueur d\u00e9cide de dropper d\u2019un tournoi avant le d\u00e9but de la premi\u00e8re ronde, il est consid\u00e9r\u00e9 comme n\u2019ayant pas particip\u00e9 au tournoi et n\u2019appara\u00eetra pas dans le classement final ni ne recevra de points Planeswalker de participation.\n<\/p>\n<div class=\"alert alert-info\" role=\"alert\"> <em>De plus ce joueur ne compte pas dans l\u2019effectif total de l\u2019\u00e9v\u00e9nement. Cela peut avoir de l\u2019importance au regard des points Planeswalker en bonus de participation, des \u00e9ventuels lots suppl\u00e9mentaires lors d\u2019\u00e9v\u00e9nements tels que des Grands Prix et pour le classement de cet \u00e9v\u00e9nement.<\/em><\/div>\n<p style=\"text-align: justify;margin-bottom: 0px\">Un joueur choisissant de dropper d\u2019un tournoi doit informer le scorekeeper par les moyens fournis pour ce tournoi avant que les appariements pour la ronde suivante ne soient g\u00e9n\u00e9r\u00e9s.<\/p>\n<div class=\"alert alert-info\" role=\"alert\"> <em>D\u00e8s que les appariements sont g\u00e9n\u00e9r\u00e9s on constate, en particulier sur les grands \u00e9v\u00e9nements, un sursaut d\u2019activit\u00e9 parce que tout le monde est ravi de permettre rapidement aux joueurs de jouer. Si un joueur essaie de dropper pendant que les appariements sont en voie d\u2019\u00eatre affich\u00e9s, il est d\u00e9j\u00e0 appari\u00e9 pour la ronde.<\/em><\/div>\n<p style=\"text-align: justify;margin-bottom: 0px\">S\u2019il veut dropper apr\u00e8s que le scorekeeper d\u00e9bute la g\u00e9n\u00e9ration des appariements, il sera appari\u00e9 pour cette ronde.<\/p>\n<div class=\"alert alert-info\" role=\"alert\"> <em>La seule autre alternative serait de retirer tous les appariements qui ont \u00e9t\u00e9 affich\u00e9s, de les g\u00e9n\u00e9rer \u00e0 nouveau, de tout r\u00e9afficher et de faire plusieurs annonces pour tenter de dissiper la confusion dans l\u2019esprit de ceux qui ont vu la premi\u00e8re vague d\u2019appariements. Globalement cela pourrait retarder sensiblement l\u2019\u00e9v\u00e9nement.<br \/>\n<\/em><\/div>\n<p style=\"text-align: justify;margin-bottom: 0px\">Si un joueur ne se pr\u00e9sente pas \u00e0 son match, il est automatiquement dropp\u00e9 du tournoi \u00e0 moins qu\u2019il aille voir le scorekeeper. Les joueurs qui droppent fr\u00e9quemment ou intentionnellement d\u2019un tournoi sans en avertir le scorekeeper peuvent recevoir des sanctions allant jusqu\u2019\u00e0 une suspension.<\/p>\n<div class=\"alert alert-info\" role=\"alert\"> <em>Les joueurs qui droppent fr\u00e9quemment sans en informer quiconque nuisent \u00e0 la communaut\u00e9, parce qu\u2019ils obligent quelqu\u2019un \u00e0 rester assis sans rien faire pendant 10 minutes, puis \u00e0 perdre encore 40 minutes de plus sans jouer \u00e0 Magic. Cela affecte principalement les tables du fond or en g\u00e9n\u00e9ral ce sont pr\u00e9cis\u00e9ment celles dont les joueurs viennent juste pour jouer \u00e0 Magic, pas pour remporter quoi que ce soit.<\/em><\/p>\n<p><em>La phrase sur la suspension expose le simple fait que Wizards a le pouvoir de suspendre des joueurs, pas obligatoirement qu\u2019ils le feront.<\/em><\/div>\n<p style=\"text-align: justify;margin-bottom: 0px\">Un joueur droppant d\u2019un tournoi en format Limit\u00e9 est propri\u00e9taire des cartes qu\u2019il a en sa possession \u00e0 juste titre \u00e0 ce moment-l\u00e0.Cela inclut des boosters non ouverts ou partiellement draft\u00e9s.<\/p>\n<div class=\"alert alert-info\" role=\"alert\"> <em>Cette clarification a \u00e9t\u00e9 apport\u00e9e pour le Grand Prix de Las Vegas en 2013. Les joueurs peuvent r\u00e9cup\u00e9rer ce qu\u2019ils ont en main et rentrer chez eux. C\u2019est une pratique courante pour les extensions qui contiennent des cartes rares ou mythiques tr\u00e8s ch\u00e8res. Cela concerne principalement les joueurs qui souhaitent \u201cdropper avant le swap\u201d lors des \u00e9v\u00e9nements en Limit\u00e9. Comme indiqu\u00e9 ci-dessus, si un joueur droppe avant de jouer la premi\u00e8re ronde, il ne compte pas dans l\u2019effectif total.<\/em><\/div>\n<p style=\"text-align: justify;margin-bottom: 0px\">Si un joueur droppe d\u2019un tournoi apr\u00e8s qu\u2019un cut a \u00e9t\u00e9 fait, comme par exemple le top 8 d\u2019un tournoi Grand Prix, aucun autre joueur ne le remplace. Le joueur le mieux class\u00e9 parmi ceux qui restent re\u00e7oit un bye pour la ronde \u00e0 la place.<\/p>\n<div class=\"alert alert-info\" role=\"alert\"> <em>Il est rare qu\u2019un joueur droppe volontairement apr\u00e8s qu\u2019un cut a \u00e9t\u00e9 fait mais il peut toujours se produire une urgence. N\u00e9anmoins, il arrive parfois qu\u2019un joueur soit dropp\u00e9 contre son gr\u00e9 pour cause de disqualification. Si cela arrive, les arbitres ne doivent pas faire entrer d\u2019autres joueurs dans le top 4 ou 8.<\/em><\/div>\n<p style=\"text-align: justify;margin-bottom: 0px\">Un joueur qui a dropp\u00e9 d\u2019un tournoi peut revenir y jouer \u00e0 la discr\u00e9tion du Head-Judge. Un joueur ne peut pas revenir dans une portion du tournoi qui n\u00e9cessite un deck qu\u2019il n\u2019a pas draft\u00e9 ou n\u2019a pas construit. Un joueur ne peut pas revenir dans un tournoi apr\u00e8s qu\u2019un cut a \u00e9t\u00e9 fait.<\/p>\n<div class=\"alert alert-info\" role=\"alert\"> <em>Au moment de d\u00e9cider s\u2019il faut r\u00e9int\u00e9grer ou non un joueur au sein de l\u2019\u00e9v\u00e9nement, le Head-Judge doit se demander dans quelle mesure cela perturberait l\u2019\u00e9v\u00e9nement dans son ensemble.<\/em><\/p>\n<p><em>Un joueur ne peut pas int\u00e9grer une portion de l\u2019\u00e9v\u00e9nement qui requiert un draft ou un paquet scell\u00e9, parce qu\u2019il ne dispose pas d\u2019un deck l\u00e9gal avec lequel il pourrait jouer ses matchs.<\/em><\/div>\n<p style=\"text-align: justify\">Les joueurs ne sont pas autoris\u00e9s \u00e0 dropper d\u2019un tournoi en contrepartie de quoi que ce soit. Le faire est consid\u00e9r\u00e9 comme de la corruption (cf. <a href=\"http:\/\/blogs.magicjudges.org\/rules\/mtr5-2-fr\/\">section 5.2<\/a>).<\/p>\n","protected":false},"excerpt":{"rendered":"<p>Un joueur peut dropper d\u2019un tournoi (le quitter) \u00e0 tout moment. Si un joueur d\u00e9cide de dropper d\u2019un tournoi avant le d\u00e9but de la premi\u00e8re ronde, il est consid\u00e9r\u00e9 comme n\u2019ayant pas particip\u00e9 au tournoi et n\u2019appara\u00eetra pas dans le classement final ni ne recevra de points Planeswalker de participation. Un joueur choisissant de dropper [&hellip;]<\/p>\n","protected":false},"author":30,"featured_media":0,"parent":0,"menu_order":0,"comment_status":"closed","ping_status":"closed","template":"page_width-index.php","meta":{"footnotes":"","_links_to":"","_links_to_target":""},"language":[9],"class_list":["post-6010","page","type-page","status-publish","hentry","language-fr"],"_links":{"self":[{"href":"https:\/\/blogs.magicjudges.org\/rules\/wp-json\/wp\/v2\/pages\/6010","targetHints":{"allow":["GET"]}}],"collection":[{"href":"https:\/\/blogs.magicjudges.org\/rules\/wp-json\/wp\/v2\/pages"}],"about":[{"href":"https:\/\/blogs.magicjudges.org\/rules\/wp-json\/wp\/v2\/types\/page"}],"author":[{"embeddable":true,"href":"https:\/\/blogs.magicjudges.org\/rules\/wp-json\/wp\/v2\/users\/30"}],"replies":[{"embeddable":true,"href":"https:\/\/blogs.magicjudges.org\/rules\/wp-json\/wp\/v2\/comments?post=6010"}],"version-history":[{"count":1,"href":"https:\/\/blogs.magicjudges.org\/rules\/wp-json\/wp\/v2\/pages\/6010\/revisions"}],"predecessor-version":[{"id":6019,"href":"https:\/\/blogs.magicjudges.org\/rules\/wp-json\/wp\/v2\/pages\/6010\/revisions\/6019"}],"wp:attachment":[{"href":"https:\/\/blogs.magicjudges.org\/rules\/wp-json\/wp\/v2\/media?parent=6010"}],"wp:term":[{"taxonomy":"language","embeddable":true,"href":"https:\/\/blogs.magicjudges.org\/rules\/wp-json\/wp\/v2\/language?post=6010"}],"curies":[{"name":"wp","href":"https:\/\/api.w.org\/{rel}","templated":true}]}}