{"id":6012,"date":"2016-01-13T00:37:07","date_gmt":"2016-01-12T21:37:07","guid":{"rendered":"http:\/\/blogs.magicjudges.org\/rules\/?page_id=6012"},"modified":"2017-03-01T01:07:46","modified_gmt":"2017-02-28T22:07:46","slug":"mtr2-12-fr","status":"publish","type":"page","link":"https:\/\/blogs.magicjudges.org\/rules\/mtr2-12-fr\/","title":{"rendered":"MTR 2.12 Appareils \u00e9lectroniques"},"content":{"rendered":"<p style=\"text-align: justify;margin-bottom: 0px\">En Niveaux d\u2019Application des R\u00e8gles Comp\u00e9titif et Professionnel, pendant un draft, la construction des decks et au cours des matchs, les joueurs ne peuvent pas utiliser d\u2019appareils \u00e9lectroniques capables de prendre des notes et de les enregistrer, de communiquer avec d\u2019autres personnes ou d\u2019acc\u00e9der \u00e0 Internet, except\u00e9 pour r\u00e9pondre \u00e0 des coups de fil personnels rapides avec la permission de leur adversaire.<\/p>\n<div class=\"alert alert-info\" role=\"alert\"> <em>Avec les progr\u00e8s de la technologie, il nous est impossible de contr\u00f4ler ce qu\u2019il y a et ce qu\u2019il n\u2019y a pas dans les t\u00e9l\u00e9phones des joueurs. Comme il est possible d\u2019\u00e9changer instantan\u00e9ment des informations avec tout le monde gr\u00e2ce aux appareils \u00e9lectroniques, il ne restait qu\u2019une seule solution : bannir tous les types d\u2019appareils \u00e9lectroniques qui sont capables de communiquer avec quelque chose d\u2019autre lors des \u00e9v\u00e9nements en Niveau d\u2019Application des R\u00e8gles Comp\u00e9titif. Voil\u00e0 pourquoi les joueurs n\u2019ont pas le droit d\u2019utiliser ces types d\u2019appareils lors des \u00e9v\u00e9nements en Niveaux d\u2019Application des R\u00e8gles Comp\u00e9titif ou Professionnel.<\/em><\/p>\n<p><em>La version pr\u00e9c\u00e9dente de cette r\u00e8gle bannissait tous les appareils \u00e9lectroniques mais elle a \u00e9t\u00e9 assouplie pour n\u2019interdire que ceux qui sont capables de prendre des notes et de les enregistrer, de communiquer avec d\u2019autres personnes ou d\u2019acc\u00e9der \u00e0 Internet. Cela autorise les calculatrices non connect\u00e9es pour calculer les points de vie, les gens ont le droit d\u2019avoir un pacemaker, Brian Kibler peut s\u2019asseoir et \u00e9couter de la musique pendant qu\u2019il m\u00e9lange, etc.<\/em><\/div>\n<p style=\"text-align: justify;margin-bottom: 0px\">En Niveau d\u2019Application des R\u00e8gles Convivial, les appareils \u00e9lectroniques sont autoris\u00e9s mais les joueurs ne peuvent pas s\u2019en servir pour acc\u00e9der \u00e0 des informations \u00e0 propos du deck de leur adversaire ou bien contenant des conseils strat\u00e9giques significatifs. <\/p>\n<div class=\"alert alert-info\" role=\"alert\"> <em>Le Niveau d\u2019Application des R\u00e8gles Convivial constitue une exception parce que l\u2019atmosph\u00e8re y est plus d\u00e9tendue et que beaucoup de joueurs utilisent des objets tels que leurs t\u00e9l\u00e9phones portables pour noter les points de vie. Les joueurs n\u2019ont toujours pas le droit d\u2019acc\u00e9der \u00e0 des informations interdites quel que soit leur type (comme des articles de strat\u00e9gie) gr\u00e2ce \u00e0 leurs appareils.<\/em><\/div>\n<p style=\"text-align: justify;margin-bottom: 0px\">Les appareils utilis\u00e9s pendant un match doivent \u00eatre visibles de tous les joueurs, sauf dans le cas de coup de fil personnel bref. Les joueurs souhaitant consulter de fa\u00e7on priv\u00e9e des informations sur un appareil \u00e9lectronique pendant un match doivent obtenir l\u2019autorisation d\u2019un arbitre.<\/p>\n<div class=\"alert alert-info\" role=\"alert\"> <em>La premi\u00e8re partie de ce paragraphe ne s\u2019applique qu\u2019en Niveau d\u2019Application des R\u00e8gles Convivial. Si un joueur note les totaux de points de vie sur son t\u00e9l\u00e9phone portable, il doit s\u2019assurer que cet appareil reste en vue de tous les joueurs. Tout usage d\u2019un appareil \u00e9lectronique en priv\u00e9 ne doit se faire qu\u2019apr\u00e8s en avoir obtenu la permission de la part d\u2019un arbitre.<\/em><\/div>\n<p style=\"text-align: justify;margin-bottom: 0px\">Le Head-Judge ou l\u2019organisateur d\u2019un tournoi peuvent choisir de limiter plus fortement ou d\u2019interdire l\u2019utilisation d\u2019appareils \u00e9lectroniques pendant les matchs.<\/p>\n<div class=\"alert alert-info\" role=\"alert\"> <em>Comme toujours, le Head-Judge est l\u2019autorit\u00e9 finale quant \u00e0 ce qui est autoris\u00e9 et il peut interdire \u00e0 des joueurs d\u2019utiliser certains de leurs appareils \u00e9lectroniques s\u2019il estime cela pertinent.<\/em><\/div>\n","protected":false},"excerpt":{"rendered":"<p>En Niveaux d\u2019Application des R\u00e8gles Comp\u00e9titif et Professionnel, pendant un draft, la construction des decks et au cours des matchs, les joueurs ne peuvent pas utiliser d\u2019appareils \u00e9lectroniques capables de prendre des notes et de les enregistrer, de communiquer avec d\u2019autres personnes ou d\u2019acc\u00e9der \u00e0 Internet, except\u00e9 pour r\u00e9pondre \u00e0 des coups de fil personnels [&hellip;]<\/p>\n","protected":false},"author":30,"featured_media":0,"parent":0,"menu_order":0,"comment_status":"closed","ping_status":"closed","template":"page_width-index.php","meta":{"footnotes":"","_links_to":"","_links_to_target":""},"language":[9],"class_list":["post-6012","page","type-page","status-publish","hentry","language-fr"],"_links":{"self":[{"href":"https:\/\/blogs.magicjudges.org\/rules\/wp-json\/wp\/v2\/pages\/6012","targetHints":{"allow":["GET"]}}],"collection":[{"href":"https:\/\/blogs.magicjudges.org\/rules\/wp-json\/wp\/v2\/pages"}],"about":[{"href":"https:\/\/blogs.magicjudges.org\/rules\/wp-json\/wp\/v2\/types\/page"}],"author":[{"embeddable":true,"href":"https:\/\/blogs.magicjudges.org\/rules\/wp-json\/wp\/v2\/users\/30"}],"replies":[{"embeddable":true,"href":"https:\/\/blogs.magicjudges.org\/rules\/wp-json\/wp\/v2\/comments?post=6012"}],"version-history":[{"count":2,"href":"https:\/\/blogs.magicjudges.org\/rules\/wp-json\/wp\/v2\/pages\/6012\/revisions"}],"predecessor-version":[{"id":6431,"href":"https:\/\/blogs.magicjudges.org\/rules\/wp-json\/wp\/v2\/pages\/6012\/revisions\/6431"}],"wp:attachment":[{"href":"https:\/\/blogs.magicjudges.org\/rules\/wp-json\/wp\/v2\/media?parent=6012"}],"wp:term":[{"taxonomy":"language","embeddable":true,"href":"https:\/\/blogs.magicjudges.org\/rules\/wp-json\/wp\/v2\/language?post=6012"}],"curies":[{"name":"wp","href":"https:\/\/api.w.org\/{rel}","templated":true}]}}