{"id":6013,"date":"2016-01-13T00:37:13","date_gmt":"2016-01-12T21:37:13","guid":{"rendered":"http:\/\/blogs.magicjudges.org\/rules\/?page_id=6013"},"modified":"2019-01-22T19:20:58","modified_gmt":"2019-01-22T16:20:58","slug":"mtr2-13-fr","status":"publish","type":"page","link":"https:\/\/blogs.magicjudges.org\/rules\/mtr2-13-fr\/","title":{"rendered":"MTR 2.13 \u00c9v\u00e9nements film\u00e9s"},"content":{"rendered":"<p style=\"text-align: justify;margin-bottom: 0px\">Certains tournois en Niveau d\u2019Application des R\u00e8gles Comp\u00e9titif ou Professionnel utilisent des moyens vid\u00e9o pour la diffusion en direct ou la rediffusion des matchs. Les joueurs peuvent refuser d\u2019appara\u00eetre sur les vid\u00e9os ; cependant les joueurs qui participent aux phases \u00e9liminatoires d\u2019\u00e9v\u00e9nements en Niveau d\u2019Application des R\u00e8gles Professionnel ne peuvent pas refuser d\u2019appara\u00eetre sur les vid\u00e9os.<\/p>\n<div class=\"alert alert-info\" role=\"alert\"> <em>En r\u00e8gle g\u00e9n\u00e9rale, tous les joueurs remplissent un formulaire de cession de leur droit \u00e0 l\u2019image lors des grands \u00e9v\u00e9nements avec une diffusion en vid\u00e9o. Des joueurs peuvent refuser pour diverses raisons, parce qu\u2019ils sont timides ou bien des t\u00e9moins prot\u00e9g\u00e9s par exemple, mais tous les matchs du top 8 sont diffus\u00e9s.<\/em><\/div>\n<p style=\"text-align: justify;margin-bottom: 0px\">Les commentateurs vid\u00e9o sont consid\u00e9r\u00e9s comme des spectateurs dans le cadre du tournoi, mais peuvent parler pendant le match du moment qu\u2019ils ne peuvent pas \u00eatre entendus par les joueurs couverts. Il est de leur responsabilit\u00e9 de se comporter respectueusement envers tous les participants au tournoi pendant leur couverture.<\/p>\n<div class=\"alert alert-info\" role=\"alert\"> <em>Sur un Grand Prix, l\u2019\u00e9quipe technique qui couvre l\u2019\u00e9v\u00e9nement en vid\u00e9o se tient g\u00e9n\u00e9ralement \u00e0 une distance d\u2019environ 25 m\u00e8tres de la zone des matchs en vedette de sorte que les joueurs ne puissent pas entendre les commentaires de cette \u00e9quipe tandis qu\u2019elle explique quelles cartes viennent d\u2019\u00eatre pioch\u00e9es ou quelles tactiques de jeu les joueurs peuvent appliquer.<\/em><\/div>\n<p style=\"text-align: justify;margin-bottom: 0px\">Les spectateurs sont \u00e9galement autoris\u00e9s \u00e0 enregistrer des matchs, du moment qu\u2019ils le font discr\u00e8tement.<\/p>\n<div class=\"alert alert-info\" role=\"alert\"> <em>Les spectateurs ne peuvent pas partager leurs observations avec les joueurs pendant qu\u2019ils jouent. Le faire constituerait probablement une infraction d\u2019<br \/>\n<a href=\"http:\/\/blogs.magicjudges.org\/rules\/ipg3-2-fr\/\">assistance ext\u00e9rieure<\/a>.<\/em><\/div>\n<p style=\"text-align: justify;margin-bottom: 0px\">Le Head-Judge d\u2019un tournoi World Championship, World Magic Cup, ou Pro Tour peut, \u00e0 sa seule discr\u00e9tion, utiliser la rediffusion en vid\u00e9o pour l\u2019aider \u00e0 prendre une d\u00e9cision pendant un match. La rediffusion en vid\u00e9o ne peut pas \u00eatre utilis\u00e9e pour prendre une d\u00e9cision lors d\u2019un \u00e9v\u00e9nement autre qu\u2019un tournoi World Championship, World Magic Cup, ou Pro Tour. Les joueurs ne peuvent pas demander \u00e0 ce qu\u2019un arbitre consulte une rediffusion en vid\u00e9o. La rediffusion en vid\u00e9o peut \u00e9galement \u00eatre employ\u00e9e pour les besoins d\u2019une enqu\u00eate ult\u00e9rieurement.<\/p>\n<div class=\"alert alert-info\" role=\"alert\"> <em>La plupart de ces r\u00e8gles ont \u00e9t\u00e9 ajout\u00e9es en ao\u00fbt 2015. De tous temps le <a href=\"http:\/\/blogs.magicjudges.org\/o\/spheres\/investigations-committee\/\">Comit\u00e9 d\u2019Investigations<\/a> a pu utiliser la vid\u00e9o pour ses enqu\u00eates apr\u00e8s un \u00e9v\u00e9nement film\u00e9.<\/em><\/p>\n<p><em>Voici quelques unes des raisons pour lesquelles auparavant l\u2019\u00e9quipe technique ne recourait pas \u00e0 la rediffusion en vid\u00e9o. <\/em><\/p>\n<ul>\n<li><em>Les personnes film\u00e9es \u00e9taient susceptibles de tirer un avantage suppl\u00e9mentaire du seul fait d\u2019\u00eatre film\u00e9es, \u00e0 cause de la possibilit\u00e9 d\u2019utiliser la rediffusion en vid\u00e9o.<\/em><\/li>\n<li><em>Cela augmente la dur\u00e9e de l\u2019enqu\u00eate. Le Head-Judge, tout en continuant son travail, doit faire en sorte que l\u2019\u00e9quipe technique trouve la vid\u00e9o du match sur lequel porte l\u2019enqu\u00eate, trouver le moment exact qui l\u2019int\u00e9resse, puis le visionner, potentiellement plusieurs fois..<\/em><\/li>\n<\/ul>\n<p><em>En fin de compte, les avantages d\u2019utiliser la rediffusion en vid\u00e9o lors des \u00e9v\u00e9nements de haut niveau ont pr\u00e9valu sur les inconv\u00e9nients.<\/em><\/div>\n<p style=\"text-align: justify\">Les joueurs jouant leur match sous cam\u00e9ra (en direct ou pour rediffusion) sur les Pro Tour, World Championship, World Magic Cup, et Grand Prix doivent installer leurs cartes, leurs jetons et leurs autres accessoires sur le champ de bataille en appliquant la disposition suivante :<\/p>\n<ul style=\"text-align: justify\">\n<li>Du point de vue du joueur, les objets non-terrains doivent rester plus proches de l\u2019adversaire de ce joueur que les terrains de ce m\u00eame joueur, et aucune carte ne devrait se trouver entre la zone des terrains de ce joueur et le bord de la table le plus proche de lui.<\/li>\n<li>Les permanents non-cr\u00e9atures dont l\u2019utilisation peut raisonnablement \u00eatre associ\u00e9e avec soit la zone des terrains soit l\u2019autre zone (ex : un artefact dont la seule capacit\u00e9 est une capacit\u00e9 de mana) peuvent se trouver dans n\u2019importe laquelle des deux zones, sous r\u00e9serve que la disposition globale reste claire selon l\u2019opinion des officiels du tournoi. Toutefois, les permanents qui sont aussi des cr\u00e9atures (ex : les artefacts quand la<a href=\"https:\/\/blogs.magicjudges.org\/rules\/wp-content\/plugins\/lems-mtg-helper\/lems-mtg-helper-cardfinder.php?find=March+of+the+Machines&width=223&height=310\" class=\"jTip\" name=\"\">March of the Machines<\/a> est sur le champ de bataille, <a href=\"https:\/\/blogs.magicjudges.org\/rules\/wp-content\/plugins\/lems-mtg-helper\/lems-mtg-helper-cardfinder.php?find=Dryad+Arbor&width=223&height=310\" class=\"jTip\" name=\"\">Dryad Arbor<\/a>, ou un <a href=\"https:\/\/blogs.magicjudges.org\/rules\/wp-content\/plugins\/lems-mtg-helper\/lems-mtg-helper-cardfinder.php?find=Treetop+Village&width=223&height=310\" class=\"jTip\" name=\"\">Treetop Village<\/a> qui est actuellement une cr\u00e9ature) doivent \u00eatre plac\u00e9s dans la zone non-terrains. Les joueurs ne peuvent pas utiliser d\u2019autres cartes pour masquer intentionnellement la pr\u00e9sence d\u2019un permanent dans n\u2019importe quelle zone du champ de bataille.<\/li>\n<li>Chaque carte doit rester clairement associ\u00e9e avec tous les permanents qui lui sont attach\u00e9s . Par exemple, une Aura qui enchante un terrain doit se trouver dans la zone des terrains, en contact avec ce terrain.<\/li>\n<li>La biblioth\u00e8que, le cimeti\u00e8re et les cartes exil\u00e9es d\u2019un joueur doivent tous rester du c\u00f4t\u00e9 gauche du champ de bataille, ou tous du c\u00f4t\u00e9 droit, selon la pr\u00e9f\u00e9rence du joueur.<\/li>\n<li>Le cimeti\u00e8re et les cartes exil\u00e9es d\u2019un joueur doivent \u00eatre adjacents \u00e0 la biblioth\u00e8que de ce joueur. On doit pouvoir distinguer chacune de ces trois zones \u00e0 tout moment.<\/li>\n<li>Si une carte est exil\u00e9e par un permanent et que ce permanent indique un moyen d\u2019effectuer des actions suppl\u00e9mentaires avec la carte exil\u00e9e, la carte doit rester en contact avec ce permanent de telle sorte que leur association soit claire.<br \/>\n<div class=\"alert alert-info\" role=\"alert\"> <em>Si <a href=\"https:\/\/blogs.magicjudges.org\/rules\/wp-content\/plugins\/lems-mtg-helper\/lems-mtg-helper-cardfinder.php?find=Banishing+Light&width=223&height=310\" class=\"jTip\" name=\"\">Banishing Light<\/a> exile une carte, celle-ci doit \u00eatre plac\u00e9e sous Banishing Light. Si un joueur exile deux Plaines et un Grizzly gr\u00e2ce \u00e0 <a href=\"https:\/\/blogs.magicjudges.org\/rules\/wp-content\/plugins\/lems-mtg-helper\/lems-mtg-helper-cardfinder.php?find=Ashiok%2C+Nightmare+Weaver&width=223&height=310\" class=\"jTip\" name=\"\">Ashiok, Nightmare Weaver<\/a> alors le Grizzly doit \u00eatre plac\u00e9 sous Ashiok.<\/em><\/div><\/li>\n<li>Chaque permanent d\u00e9gag\u00e9 doit faire face \u00e0 son contr\u00f4leur. Il est permis que les joueurs engagent puis d\u00e9gagent une carte un bref instant en tant qu\u2019aide-m\u00e9moire.<br \/>\n<div class=\"alert alert-info\" role=\"alert\"> <em>Toutes les r\u00e8gles ci-dessus ont \u00e9t\u00e9 ajout\u00e9es en ao\u00fbt 2015 pour garantir que les joueurs dans la zone de jeu film\u00e9e appliquent une disposition coh\u00e9rente et claire pour le confort des spectateurs. Globalement ces conseils sont de bonnes id\u00e9es \u00e0 appliquer m\u00eame sans vid\u00e9o. Les joueurs dont l\u2019espace de jeu est confus peuvent causer des probl\u00e8mes \u00e0 cause d\u2019une maladresse.<\/em><\/div><\/li>\n<\/ul>\n<p style=\"text-align: justify;margin-bottom: 0px\">Les officiels du tournoi peuvent autoriser des exceptions ou des ajouts \u00e0 ces directives \u00e0 leur seule discr\u00e9tion afin de pr\u00e9server la clart\u00e9 de la disposition de la partie du c\u00f4t\u00e9 de chaque joueur. Les joueurs confront\u00e9s \u00e0 des situations exceptionnelles (ex : un joueur qui joue un deck sans aucun terrain ou un deck qui utilise intens\u00e9ment le cimeti\u00e8re) doivent consulter les officiels du tournoi pour d\u00e9terminer quelles libert\u00e9s leur seront octroy\u00e9es le cas \u00e9ch\u00e9ant.<\/p>\n<div class=\"alert alert-info\" role=\"alert\"> <em>En Legacy par exemple certains decks ne ressemblent pas du tout comme la plupart des decks de Magic dans la plupart des formats. Typiquement les joueurs de dragage (Dredge) \u00e9talent compl\u00e8tement leur cimeti\u00e8re l\u00e0 o\u00f9 se trouve habituellement le champ de bataille parce qu\u2019ils interagissent constamment avec leur cimeti\u00e8re. De m\u00eame, \u201cOups que des sorts\u201d et Belcher sont des decks \u00e0 combo qui contiennent peu voire pas de terrains.<\/em><\/div>\n","protected":false},"excerpt":{"rendered":"<p>Certains tournois en Niveau d\u2019Application des R\u00e8gles Comp\u00e9titif ou Professionnel utilisent des moyens vid\u00e9o pour la diffusion en direct ou la rediffusion des matchs. Les joueurs peuvent refuser d\u2019appara\u00eetre sur les vid\u00e9os ; cependant les joueurs qui participent aux phases \u00e9liminatoires d\u2019\u00e9v\u00e9nements en Niveau d\u2019Application des R\u00e8gles Professionnel ne peuvent pas refuser d\u2019appara\u00eetre sur les [&hellip;]<\/p>\n","protected":false},"author":30,"featured_media":0,"parent":0,"menu_order":0,"comment_status":"closed","ping_status":"closed","template":"page_width-index.php","meta":{"footnotes":"","_links_to":"","_links_to_target":""},"language":[9],"class_list":["post-6013","page","type-page","status-publish","hentry","language-fr"],"_links":{"self":[{"href":"https:\/\/blogs.magicjudges.org\/rules\/wp-json\/wp\/v2\/pages\/6013","targetHints":{"allow":["GET"]}}],"collection":[{"href":"https:\/\/blogs.magicjudges.org\/rules\/wp-json\/wp\/v2\/pages"}],"about":[{"href":"https:\/\/blogs.magicjudges.org\/rules\/wp-json\/wp\/v2\/types\/page"}],"author":[{"embeddable":true,"href":"https:\/\/blogs.magicjudges.org\/rules\/wp-json\/wp\/v2\/users\/30"}],"replies":[{"embeddable":true,"href":"https:\/\/blogs.magicjudges.org\/rules\/wp-json\/wp\/v2\/comments?post=6013"}],"version-history":[{"count":3,"href":"https:\/\/blogs.magicjudges.org\/rules\/wp-json\/wp\/v2\/pages\/6013\/revisions"}],"predecessor-version":[{"id":7201,"href":"https:\/\/blogs.magicjudges.org\/rules\/wp-json\/wp\/v2\/pages\/6013\/revisions\/7201"}],"wp:attachment":[{"href":"https:\/\/blogs.magicjudges.org\/rules\/wp-json\/wp\/v2\/media?parent=6013"}],"wp:term":[{"taxonomy":"language","embeddable":true,"href":"https:\/\/blogs.magicjudges.org\/rules\/wp-json\/wp\/v2\/language?post=6013"}],"curies":[{"name":"wp","href":"https:\/\/api.w.org\/{rel}","templated":true}]}}