{"id":6014,"date":"2016-01-13T00:37:18","date_gmt":"2016-01-12T21:37:18","guid":{"rendered":"http:\/\/blogs.magicjudges.org\/rules\/?page_id=6014"},"modified":"2018-03-26T19:56:54","modified_gmt":"2018-03-26T16:56:54","slug":"mtr2-14-fr","status":"publish","type":"page","link":"https:\/\/blogs.magicjudges.org\/rules\/mtr2-14-fr\/","title":{"rendered":"MTR 2.14 Totaux suivis"},"content":{"rendered":"<p style=\"text-align: justify;margin-bottom: 0px\">Les totaux suivants doivent ob\u00e9ir \u00e0 des r\u00e8gles plus strictes concernant la fa\u00e7on dont ils sont suivis au cours d\u2019une partie :<\/p>\n<ul style=\"text-align: justify\">\n<li>Points de vie<\/li>\n<li>Marqueurs Poisons<\/li>\n<li>Marqueurs \u00c9nergie<\/li>\n<\/ul>\n<p style=\"text-align: justify;margin-bottom: 0px\">D\u00e8s qu\u2019ils ont besoin d\u2019\u00eatre trac\u00e9s, chaque joueur doit indiquer de quelle fa\u00e7on il va garder la trace de ses totaux. Cette m\u00e9thode doit \u00eatre visible pour les deux joueurs au cours du match.<\/p>\n<div class=\"alert alert-info\" role=\"alert\"> <em>De fa\u00e7on g\u00e9n\u00e9rale les joueurs indiquent leur propre m\u00e9thode tout simplement en l\u2019utilisant au d\u00e9but de la partie &#8211; Pour les points de vie, par exemple, \u00e9crire 20 20 sur une feuille vierge convient, positionner deux d\u00e9s sur le nombre 20 convient \u00e9galement (bien que ce ne soit pas conseill\u00e9). Les \u201cnotes\u201d d\u2019un joueur doivent \u00eatre visibles par les deux joueurs afin que, si jamais il y a une diff\u00e9rence entre leurs notes respectives, cela puisse \u00eatre remarqu\u00e9 et corrig\u00e9 aussi vite que possible.<\/em><\/div>\n<p style=\"text-align: justify;margin-bottom: 0px\">Une m\u00e9thode commune est acceptable \u00e0 partir du moment o\u00f9 tous les joueurs dans le match y ont acc\u00e8s. \u00c0 un niveau d\u2019application des r\u00e8gles Comp\u00e9titif ou Professionnel, des m\u00e9thodes qui peuvent facilement changer accidentellement (comme des d\u00e9s) ne sont pas autoris\u00e9s.<\/p>\n<div class=\"alert alert-info\" role=\"alert\"> <em>Cela signifie qu\u2019un joueur peut utiliser un carnet de notes (ou un smartphone en REL Convivial) pour marquer les totaux de points de vie des deux joueurs. Bien entendu dans ce cas-l\u00e0, ce carnet de notes doit pouvoir \u00eatre consult\u00e9 par les deux joueurs.<\/em><\/div>\n<p style=\"text-align: justify;margin-bottom: 0px\">Un changement dans un des totaux d\u2019un joueur doit faire l\u2019objet d\u2019une annonce verbale, par le joueur impact\u00e9, du nouveau total.<\/p>\n<div class=\"alert alert-info\" role=\"alert\"> <em>Les joueurs doivent toujours annoncer verbalement toutes les modifications des totaux de points de vie et leur adversaire doit confirmer chaque modification. De cette mani\u00e8re les joueurs ont moins de risques d\u2019\u00eatre confront\u00e9s \u00e0 des situations d\u00e9plaisantes puisqu\u2019ils ont communiqu\u00e9 clairement sur l\u2019\u00e9tat du jeu.<\/em><\/div>\n<p style=\"text-align: justify;margin-bottom: 0px\">Si un joueur remarque une erreur dans un total \u00e9crit ou annonc\u00e9, on attend de lui qu\u2019il le signale sit\u00f4t l\u2019erreur remarqu\u00e9e.<\/p>\n<div class=\"alert alert-info\" role=\"alert\"> <em>En cas de diff\u00e9rence quelconque dans les totaux de points de vie, les joueurs ont le devoir de la signaler aussi vite que possible afin de trouver ensemble (et peut-\u00eatre avec l\u2019aide d\u2019un arbitre) l\u2019origine de cette diff\u00e9rence et y rem\u00e9dier. Personne n\u2019a envie de d\u00e9couvrir qu\u2019il lui manquait un point de vie pour survivre \u00e0 une attaque \u00e0 cause d\u2019une erreur dans les totaux de points de vie commise dix tours auparavant.<\/em><\/div>\n","protected":false},"excerpt":{"rendered":"<p>Les totaux suivants doivent ob\u00e9ir \u00e0 des r\u00e8gles plus strictes concernant la fa\u00e7on dont ils sont suivis au cours d\u2019une partie : Points de vie Marqueurs Poisons Marqueurs \u00c9nergie D\u00e8s qu\u2019ils ont besoin d\u2019\u00eatre trac\u00e9s, chaque joueur doit indiquer de quelle fa\u00e7on il va garder la trace de ses totaux. Cette m\u00e9thode doit \u00eatre visible [&hellip;]<\/p>\n","protected":false},"author":30,"featured_media":0,"parent":0,"menu_order":0,"comment_status":"closed","ping_status":"closed","template":"page_width-index.php","meta":{"footnotes":"","_links_to":"","_links_to_target":""},"language":[9],"class_list":["post-6014","page","type-page","status-publish","hentry","language-fr"],"_links":{"self":[{"href":"https:\/\/blogs.magicjudges.org\/rules\/wp-json\/wp\/v2\/pages\/6014","targetHints":{"allow":["GET"]}}],"collection":[{"href":"https:\/\/blogs.magicjudges.org\/rules\/wp-json\/wp\/v2\/pages"}],"about":[{"href":"https:\/\/blogs.magicjudges.org\/rules\/wp-json\/wp\/v2\/types\/page"}],"author":[{"embeddable":true,"href":"https:\/\/blogs.magicjudges.org\/rules\/wp-json\/wp\/v2\/users\/30"}],"replies":[{"embeddable":true,"href":"https:\/\/blogs.magicjudges.org\/rules\/wp-json\/wp\/v2\/comments?post=6014"}],"version-history":[{"count":4,"href":"https:\/\/blogs.magicjudges.org\/rules\/wp-json\/wp\/v2\/pages\/6014\/revisions"}],"predecessor-version":[{"id":7660,"href":"https:\/\/blogs.magicjudges.org\/rules\/wp-json\/wp\/v2\/pages\/6014\/revisions\/7660"}],"wp:attachment":[{"href":"https:\/\/blogs.magicjudges.org\/rules\/wp-json\/wp\/v2\/media?parent=6014"}],"wp:term":[{"taxonomy":"language","embeddable":true,"href":"https:\/\/blogs.magicjudges.org\/rules\/wp-json\/wp\/v2\/language?post=6014"}],"curies":[{"name":"wp","href":"https:\/\/api.w.org\/{rel}","templated":true}]}}