{"id":6024,"date":"2016-01-13T12:22:38","date_gmt":"2016-01-13T09:22:38","guid":{"rendered":"http:\/\/blogs.magicjudges.org\/rules\/?page_id=6024"},"modified":"2017-01-13T13:02:52","modified_gmt":"2017-01-13T10:02:52","slug":"mtr3-1-fr","status":"publish","type":"page","link":"https:\/\/blogs.magicjudges.org\/rules\/mtr3-1-fr\/","title":{"rendered":"MTR 3.1 D\u00e9partages"},"content":{"rendered":"<p style=\"text-align: justify\">Les d\u00e9partages suivants sont utilis\u00e9s pour d\u00e9terminer le classement d\u2019un joueur dans un tournoi :<\/p>\n<ol style=\"text-align: justify\">\n<li>Points de match<\/li>\n<li>Pourcentage de matchs gagn\u00e9s par les adversaires<\/li>\n<li>Pourcentage de parties gagn\u00e9es<\/li>\n<li>Pourcentage de parties gagn\u00e9es par les adversaires<\/li>\n<\/ol>\n<p style=\"text-align: justify;margin-bottom: 0px\">Les d\u00e9finitions de ces d\u00e9partages se trouvent dans <a href=\"http:\/\/blogs.magicjudges.org\/rules\/mtr-appendix-c-fr\/\">l&#8217;annexe C<\/a>. Seuls certains de ces d\u00e9partages peuvent \u00eatre utilis\u00e9s dans les formats o\u00f9 les matchs n\u2019ont qu\u2019une seule partie.<\/p>\n<div class=\"alert alert-info\" role=\"alert\"> <em>L&#8217;annexe C est g\u00e9niale. Vous devriez aller la lire d\u00e8s maintenant. Nous vous attendrons ici.<\/em><\/div>\n","protected":false},"excerpt":{"rendered":"<p>Les d\u00e9partages suivants sont utilis\u00e9s pour d\u00e9terminer le classement d\u2019un joueur dans un tournoi : Points de match Pourcentage de matchs gagn\u00e9s par les adversaires Pourcentage de parties gagn\u00e9es Pourcentage de parties gagn\u00e9es par les adversaires Les d\u00e9finitions de ces d\u00e9partages se trouvent dans l&#8217;annexe C. Seuls certains de ces d\u00e9partages peuvent \u00eatre utilis\u00e9s dans [&hellip;]<\/p>\n","protected":false},"author":30,"featured_media":0,"parent":0,"menu_order":0,"comment_status":"closed","ping_status":"closed","template":"page_width-index.php","meta":{"footnotes":"","_links_to":"","_links_to_target":""},"language":[9],"class_list":["post-6024","page","type-page","status-publish","hentry","language-fr"],"_links":{"self":[{"href":"https:\/\/blogs.magicjudges.org\/rules\/wp-json\/wp\/v2\/pages\/6024","targetHints":{"allow":["GET"]}}],"collection":[{"href":"https:\/\/blogs.magicjudges.org\/rules\/wp-json\/wp\/v2\/pages"}],"about":[{"href":"https:\/\/blogs.magicjudges.org\/rules\/wp-json\/wp\/v2\/types\/page"}],"author":[{"embeddable":true,"href":"https:\/\/blogs.magicjudges.org\/rules\/wp-json\/wp\/v2\/users\/30"}],"replies":[{"embeddable":true,"href":"https:\/\/blogs.magicjudges.org\/rules\/wp-json\/wp\/v2\/comments?post=6024"}],"version-history":[{"count":1,"href":"https:\/\/blogs.magicjudges.org\/rules\/wp-json\/wp\/v2\/pages\/6024\/revisions"}],"predecessor-version":[{"id":6039,"href":"https:\/\/blogs.magicjudges.org\/rules\/wp-json\/wp\/v2\/pages\/6024\/revisions\/6039"}],"wp:attachment":[{"href":"https:\/\/blogs.magicjudges.org\/rules\/wp-json\/wp\/v2\/media?parent=6024"}],"wp:term":[{"taxonomy":"language","embeddable":true,"href":"https:\/\/blogs.magicjudges.org\/rules\/wp-json\/wp\/v2\/language?post=6024"}],"curies":[{"name":"wp","href":"https:\/\/api.w.org\/{rel}","templated":true}]}}