{"id":6025,"date":"2016-01-13T12:22:48","date_gmt":"2016-01-13T09:22:48","guid":{"rendered":"http:\/\/blogs.magicjudges.org\/rules\/?page_id=6025"},"modified":"2017-12-08T13:27:26","modified_gmt":"2017-12-08T10:27:26","slug":"mtr3-2-fr","status":"publish","type":"page","link":"https:\/\/blogs.magicjudges.org\/rules\/mtr3-2-fr\/","title":{"rendered":"MTR 3.2 Cat\u00e9gories de format et de classement"},"content":{"rendered":"<p style=\"text-align: justify\">Wizards of the Coast homologue les formats suivants pour les tournois individuels, par \u00e9quipes de trois joueurs, et en Troll \u00e0 deux t\u00eates :<\/p>\n<p style=\"text-align: justify;margin-bottom: 0px\"><em>Formats Construits<\/em><\/p>\n<div class=\"alert alert-info\" role=\"alert\"> <em>Pour conna\u00eetre tous les d\u00e9tails sur chacun des formats Construits, y compris les listes des cartes bannies ou restreintes, consultez les sections des MTR suivantes : <a href=\"http:\/\/blogs.magicjudges.org\/rules\/mtr6-3-fr\/\">6.3<\/a>, <a href=\"http:\/\/blogs.magicjudges.org\/rules\/mtr6-4-fr\/\">6.4<\/a>, <a href=\"http:\/\/blogs.magicjudges.org\/rules\/mtr6-5-fr\/\">6.5<\/a>, <a href=\"http:\/\/blogs.magicjudges.org\/rules\/mtr6-6-fr\/\">6.6<\/a>, <a href=\"http:\/\/blogs.magicjudges.org\/rules\/mtr6-7-fr\/\">6.7<\/a>.<\/em><\/div>\n<ul style=\"text-align: justify\">\n<li>Standard<\/li>\n<li>Bloc<\/li>\n<li>Modern<\/li>\n<\/ul>\n<p style=\"text-align: justify\"><em>Formats Construits Eternal<\/em><\/p>\n<ul style=\"text-align: justify\">\n<li>Vintage<\/li>\n<li>Legacy<\/li>\n<\/ul>\n<p style=\"text-align: justify;margin-bottom: 0px\"><em>Formats Limit\u00e9s<\/em><\/p>\n<div class=\"alert alert-info\" role=\"alert\"> <em>Chaque joueur construit un deck de 40 cartes minimum \u00e0 partir du produit scell\u00e9 qu\u2019il a re\u00e7u ou draft\u00e9. Un joueur peut ajouter \u00e0 son deck n\u2019importe quel nombre de terrains de base. En REL Convivial, les joueurs ont le droit de modifier le contenu de leurs decks entre les rondes. En REL Comp\u00e9titif et Professionnel les joueurs doivent lister les cartes qu\u2019ils jouent et remettre leur deck dans sa configuration d\u2019origine avant la premi\u00e8re partie de chaque ronde.<\/em><\/div>\n<ul style=\"text-align: justify\">\n<li>Paquet scell\u00e9<br \/>\n<div class=\"alert alert-info\" role=\"alert\"> <em>La <a href=\"http:\/\/blogs.magicjudges.org\/rules\/mtr7-fr\/\">section 7<\/a> des MTR porte sur les r\u00e8gles de tournoi en Limit\u00e9 et c\u2019est l\u00e0 que le format en paquet scell\u00e9 est expliqu\u00e9 plus en d\u00e9tails.<\/em><\/div><\/li>\n<li>Booster draft (individuel et Troll \u00e0 2 t\u00eates uniquement)<br \/>\n<div class=\"alert alert-info\" role=\"alert\"> <em>La <a href=\"http:\/\/blogs.magicjudges.org\/rules\/mtr7-6-fr\/\">section 7.6<\/a> et la <a href=\"http:\/\/blogs.magicjudges.org\/rules\/mtr7-7-fr\/\">section 7.7<\/a> des MTR traitent respectivement des pods de draft et des proc\u00e9dures de draft. De plus, la <a href=\"http:\/\/blogs.magicjudges.org\/rules\/mtr9-7-fr\/\">section 9.7<\/a> des MTR parle des proc\u00e9dures de draft en Troll \u00e0 deux t\u00eates.<\/em><\/div><\/li>\n<li>Rochester draft (\u00e9quipes de 3 personnes uniquement)<br \/>\n<div class=\"alert alert-info\" role=\"alert\"> <em>La <a href=\"http:\/\/blogs.magicjudges.org\/rules\/mtr8-5-fr\/\">section 8.5<\/a> des MTR contient tous les d\u00e9tails sur ce format.<\/em><\/div><\/li>\n<\/ul>\n<p style=\"text-align: justify\">Wizards of the Coast entretient les cat\u00e9gories de classement Planeswalker Points suivantes :<\/p>\n<ul style=\"text-align: justify\">\n<li>Lifetime (\u00e0 vie)<br \/>\n<div class=\"alert alert-info\" role=\"alert\"> <em>La totalit\u00e9 des points accumul\u00e9s dans tous les \u00e9v\u00e9nements Magic homologu\u00e9s, aussi bien en rencontres amateurs qu\u2019en tournois comp\u00e9titifs.<\/em><\/div><\/li>\n<li>Yearly (annuel)<br \/>\n<div class=\"alert alert-info\" role=\"alert\"> <em>Les points accumul\u00e9s au cours d\u2019une ann\u00e9e de points Planeswalker, qui s\u2019\u00e9tend de Juin \u00e0 Mai. Cela ne tient pas compte des points provenant d\u2019\u00e9v\u00e9nements amateurs. Les points Planeswalker annuels servent \u00e0 d\u00e9terminer les byes remport\u00e9s pour les Grands Prix. On gagne un bye \u00e0 partir de 1300 points, deux byes \u00e0 partir de 2250 points. Atteindre un de ces seuils octroie les byes correspondants pour le reste de la saison en cours et pour la saison suivante.<\/em><\/div><\/li>\n<li>Professional (professionnel)<br \/>\n<div class=\"alert alert-info\" role=\"alert\"> <em>Les points Pro gagn\u00e9s aux Grands Prix, aux Pro Tours, \u00e0 la World Magic Cup et au Magic World Championship.<\/em><\/div><\/li>\n<\/ul>\n<p style=\"text-align: justify\">Pour plus d\u2019informations \u00e0 propos des Planeswalker Points, rendez-vous sur le site des Planeswalker Points \u00e0 l\u2019adresse suivante : http:\/\/www.wizards.com\/Magic\/PlaneswalkerPoints.<\/p>\n<p>Un joueur qui a \u00e9t\u00e9 disqualifi\u00e9 d\u2019un tournoi ne re\u00e7oit pas de Planeswalker Points pour celui-ci.<\/p>\n","protected":false},"excerpt":{"rendered":"<p>Wizards of the Coast homologue les formats suivants pour les tournois individuels, par \u00e9quipes de trois joueurs, et en Troll \u00e0 deux t\u00eates : Formats Construits Standard Bloc Modern Formats Construits Eternal Vintage Legacy Formats Limit\u00e9s Paquet scell\u00e9 Booster draft (individuel et Troll \u00e0 2 t\u00eates uniquement) Rochester draft (\u00e9quipes de 3 personnes uniquement) Wizards [&hellip;]<\/p>\n","protected":false},"author":30,"featured_media":0,"parent":0,"menu_order":0,"comment_status":"closed","ping_status":"closed","template":"page_width-index.php","meta":{"footnotes":"","_links_to":"","_links_to_target":""},"language":[9],"class_list":["post-6025","page","type-page","status-publish","hentry","language-fr"],"_links":{"self":[{"href":"https:\/\/blogs.magicjudges.org\/rules\/wp-json\/wp\/v2\/pages\/6025","targetHints":{"allow":["GET"]}}],"collection":[{"href":"https:\/\/blogs.magicjudges.org\/rules\/wp-json\/wp\/v2\/pages"}],"about":[{"href":"https:\/\/blogs.magicjudges.org\/rules\/wp-json\/wp\/v2\/types\/page"}],"author":[{"embeddable":true,"href":"https:\/\/blogs.magicjudges.org\/rules\/wp-json\/wp\/v2\/users\/30"}],"replies":[{"embeddable":true,"href":"https:\/\/blogs.magicjudges.org\/rules\/wp-json\/wp\/v2\/comments?post=6025"}],"version-history":[{"count":3,"href":"https:\/\/blogs.magicjudges.org\/rules\/wp-json\/wp\/v2\/pages\/6025\/revisions"}],"predecessor-version":[{"id":7152,"href":"https:\/\/blogs.magicjudges.org\/rules\/wp-json\/wp\/v2\/pages\/6025\/revisions\/7152"}],"wp:attachment":[{"href":"https:\/\/blogs.magicjudges.org\/rules\/wp-json\/wp\/v2\/media?parent=6025"}],"wp:term":[{"taxonomy":"language","embeddable":true,"href":"https:\/\/blogs.magicjudges.org\/rules\/wp-json\/wp\/v2\/language?post=6025"}],"curies":[{"name":"wp","href":"https:\/\/api.w.org\/{rel}","templated":true}]}}