{"id":6030,"date":"2016-01-13T12:23:09","date_gmt":"2016-01-13T09:23:09","guid":{"rendered":"http:\/\/blogs.magicjudges.org\/rules\/?page_id=6030"},"modified":"2018-03-26T20:14:02","modified_gmt":"2018-03-26T17:14:02","slug":"mtr3-7-fr","status":"publish","type":"page","link":"https:\/\/blogs.magicjudges.org\/rules\/mtr3-7-fr\/","title":{"rendered":"MTR 3.7 Nouvelles extensions"},"content":{"rendered":"<p style=\"text-align: justify;margin-bottom: 0px\">Les extensions nouvellement distribu\u00e9es deviennent l\u00e9gales pour les tournois homologu\u00e9s aux dates suivantes :<\/p>\n<table style=\"width: 424px;margin-bottom: 0px;height: 166px\">\n<tbody>\n<tr>\n<td style=\"padding-left: 50px\">\u2022 <em>Les combattants d&#8217;Ixalan\u2122<\/em><\/td>\n<td>19 Janvier 2018<\/td>\n<\/tr>\n<tr>\n<td style=\"padding-left: 50px\">\u2022 <em>Dominaria\u2122<\/em><\/td>\n<td>27 Avril 2018<\/td>\n<\/tr>\n<tr>\n<td style=\"padding-left: 50px\">\u2022 <em>Core 2019\u2122<\/em><\/td>\n<td>13 Juillet 2018<\/td>\n<\/tr>\n<\/tbody>\n<\/table>\n<div class=\"alert alert-info\" role=\"alert\"> <em>Ni les cartes obtenues lors des tournois d\u2019avant-premi\u00e8res, ni les cartes r\u00e9v\u00e9l\u00e9es \u00e0 l\u2019avance, ni les cartes vol\u00e9es en braquant les locaux de Wizards ne peuvent \u00eatre l\u00e9galement utilis\u00e9es en tournois jusqu\u2019\u00e0 ce que leur extension d\u2019origine ne soit officiellement en vente. Cette liste est mise \u00e0 jour tr\u00e8s r\u00e9guli\u00e8rement et je serais surpris si les MTR \u00e9taient le premier endroit o\u00f9 vous regardez quand vous avez besoin de conna\u00eetre ces dates.<br \/>\n<\/em><\/div>\n<p style=\"text-align: justify;margin-bottom: 0px\">Pour les avant-premi\u00e8res officielles et uniquement ces tournois-l\u00e0, les nouvelles extensions sont l\u00e9gales avant la date officielle de l\u00e9galit\u00e9 du format. Dans ce cas, tous les changements de r\u00e8gles list\u00e9s dans les notes de publication de ces extensions seront appliqu\u00e9s sur ces tournois, ainsi que les mises \u00e0 jour des r\u00e8gles annonc\u00e9es \u00e0 l\u2019avance, y compris les explications informelles sur les nouvelles r\u00e8gles et m\u00e9caniques de jeu. Les arbitres peuvent appliquer des r\u00e8gles additionnelles s\u2019ils pensent qu\u2019elles seront mises \u00e0 jour.<\/p>\n<div class=\"alert alert-info\" role=\"alert\"> <em>Cette exception tombe sous le sens. Lors des tournois d\u2019avant-premi\u00e8res tout se passe comme si l\u2019extension \u00e9tait d\u00e9j\u00e0 disponible \u00e0 la vente. Tous les changements de r\u00e8gles, grands ou petits, prennent effet lors des tournois d\u2019avant-premi\u00e8re m\u00eame si officiellement ils n\u2019entrent en vigueur qu\u2019\u00e0 la date de mise en vente de l\u2019extension.<\/em><\/div>\n<p style=\"text-align: justify;margin-bottom: 0px\">Ces dates peuvent \u00eatre sujettes \u00e0 changement. Tout changement sera annonc\u00e9 sur <a href=\"http:\/\/www.magicthegathering.com\" target=\"_blank\" rel=\"noopener\">http:\/\/www.magicthegathering.com<\/a>.<\/p>\n<div class=\"alert alert-info\" role=\"alert\"> <em>Il est improbable que cette clause soit jamais pertinente mais elle appara\u00eet ici au cas o\u00f9 on en aurait besoin un jour.<\/em><\/div>\n","protected":false},"excerpt":{"rendered":"<p>Les extensions nouvellement distribu\u00e9es deviennent l\u00e9gales pour les tournois homologu\u00e9s aux dates suivantes : \u2022 Les combattants d&#8217;Ixalan\u2122 19 Janvier 2018 \u2022 Dominaria\u2122 27 Avril 2018 \u2022 Core 2019\u2122 13 Juillet 2018 Pour les avant-premi\u00e8res officielles et uniquement ces tournois-l\u00e0, les nouvelles extensions sont l\u00e9gales avant la date officielle de l\u00e9galit\u00e9 du format. Dans ce [&hellip;]<\/p>\n","protected":false},"author":30,"featured_media":0,"parent":0,"menu_order":0,"comment_status":"closed","ping_status":"closed","template":"page_width-index.php","meta":{"footnotes":"","_links_to":"","_links_to_target":""},"language":[9],"class_list":["post-6030","page","type-page","status-publish","hentry","language-fr"],"_links":{"self":[{"href":"https:\/\/blogs.magicjudges.org\/rules\/wp-json\/wp\/v2\/pages\/6030","targetHints":{"allow":["GET"]}}],"collection":[{"href":"https:\/\/blogs.magicjudges.org\/rules\/wp-json\/wp\/v2\/pages"}],"about":[{"href":"https:\/\/blogs.magicjudges.org\/rules\/wp-json\/wp\/v2\/types\/page"}],"author":[{"embeddable":true,"href":"https:\/\/blogs.magicjudges.org\/rules\/wp-json\/wp\/v2\/users\/30"}],"replies":[{"embeddable":true,"href":"https:\/\/blogs.magicjudges.org\/rules\/wp-json\/wp\/v2\/comments?post=6030"}],"version-history":[{"count":4,"href":"https:\/\/blogs.magicjudges.org\/rules\/wp-json\/wp\/v2\/pages\/6030\/revisions"}],"predecessor-version":[{"id":7664,"href":"https:\/\/blogs.magicjudges.org\/rules\/wp-json\/wp\/v2\/pages\/6030\/revisions\/7664"}],"wp:attachment":[{"href":"https:\/\/blogs.magicjudges.org\/rules\/wp-json\/wp\/v2\/media?parent=6030"}],"wp:term":[{"taxonomy":"language","embeddable":true,"href":"https:\/\/blogs.magicjudges.org\/rules\/wp-json\/wp\/v2\/language?post=6030"}],"curies":[{"name":"wp","href":"https:\/\/api.w.org\/{rel}","templated":true}]}}