{"id":6031,"date":"2016-01-13T12:23:16","date_gmt":"2016-01-13T09:23:16","guid":{"rendered":"http:\/\/blogs.magicjudges.org\/rules\/?page_id=6031"},"modified":"2017-01-13T13:05:00","modified_gmt":"2017-01-13T10:05:00","slug":"mtr3-8-fr","status":"publish","type":"page","link":"https:\/\/blogs.magicjudges.org\/rules\/mtr3-8-fr\/","title":{"rendered":"MTR 3.8 Marqueurs de jeu"},"content":{"rendered":"<p style=\"text-align: justify;margin-bottom: 0px\">De petits objets (par exemple des perles de verre) peuvent \u00eatre utilis\u00e9s comme marqueurs et plac\u00e9s sur le dessus du cimeti\u00e8re ou de la biblioth\u00e8que d\u2019un joueur comme rappel d\u2019un effet de jeu. Ces marqueurs ne peuvent pas masquer le nombre de cartes restant dans cette zone ou obscurcir compl\u00e8tement une carte.<\/p>\n<div class=\"alert alert-info\" role=\"alert\"> <em>Il arrive souvent qu\u2019un joueur mette quelque chose sur son deck afin de se souvenir d\u2019une capacit\u00e9 d\u00e9clench\u00e9e \u00e0 l\u2019entretien, telle que le rebond, ou parfois qu\u2019il mette quelque chose sur son cimeti\u00e8re afin de se souvenir d\u2019un effet continu. \u201cPetit\u201d est une notion tr\u00e8s subjective et des rumeurs pr\u00e9tendent qu\u2019un joueur a utilis\u00e9 un bocal \u00e0 poisson en plastique pour recouvrir compl\u00e8tement son propre deck afin de l\u2019obliger \u00e0 se rappeler une capacit\u00e9 d\u00e9clench\u00e9e \u00e0 l\u2019entretien avant de piocher une carte. La r\u00e8gle d\u2019or est que l\u2019objet ne peut pas masquer compl\u00e8tement une carte, ni rendre difficile de voir une carte r\u00e9v\u00e9l\u00e9e, ni \u00eatre lui-m\u00eame une carte.<\/em><\/div>\n<p style=\"text-align: justify;margin-bottom: 0px\">Les joueurs utilisant des marqueurs pour repr\u00e9senter des composants de jeu (par exemple des permanents) doivent avoir un moyen de repr\u00e9senter clairement n\u2019importe quel statut dans le jeu, comme par exemple le fait que le permanent soit engag\u00e9.<\/p>\n<div class=\"alert alert-info\" role=\"alert\"> <em>La plupart du temps les joueurs utilisent des d\u00e9s, des perles de verre, des pi\u00e8ces ou d\u2019autres objets comparables afin de repr\u00e9senter des jetons. Tous ces objets sont parfaitement acceptables du moment qu\u2019il est possible de distinguer s\u2019ils sont engag\u00e9s ou non.<\/em><\/div>\n<p style=\"text-align: justify;margin-bottom: 0px\">Les pochettes et les dos de cartes qui sont similaires aux pochettes ou aux dos de carte d\u2019un des joueurs ne peuvent pas \u00eatre utilis\u00e9s comme marqueurs.<\/p>\n<div class=\"alert alert-info\" role=\"alert\"> <em>Nous nous effor\u00e7ons d\u2019\u00e9viter que l\u2019\u00e9tat du jeu ne devienne excessivement confus, c\u2019est pourquoi cela pose probl\u00e8me de repr\u00e9senter un jeton par quelque chose dont il n\u2019est pas \u00e9vident qu\u2019il s\u2019agit d\u2019un jeton. Comme les pochettes et les dos des cartes peuvent \u00eatre confondus avec de v\u00e9ritables cartes ou pris pour des cr\u00e9atures avec la mue, il n\u2019est pas permis de s\u2019en servir pour repr\u00e9senter des jetons ou des marqueurs si cela pourrait pr\u00eater \u00e0 confusion.<\/em><\/div>\n<p style=\"text-align: justify;margin-bottom: 0px\">Un officiel de tournoi peut interdire l\u2019utilisation de marqueurs qui portent \u00e0 confusion ou qui sont inappropri\u00e9s ou offensants.<\/p>\n<div class=\"alert alert-info\" role=\"alert\"> <em>Notre but est toujours d\u2019instaurer un environnement accueillant lors des \u00e9v\u00e9nements Magic or parfois les jetons personnalis\u00e9s d\u2019un joueur peuvent d\u00e9passer les bornes, comme en mati\u00e8re de comportement, de cartes alt\u00e9r\u00e9es ou de v\u00eatements. Si un arbitre estime que quelque chose qu\u2019un joueur utilise a provoqu\u00e9 une perturbation ou un inconfort, l\u2019arbitre peut aussi y adjoindre une p\u00e9nalit\u00e9 pour conduite antisportive mineure. De plus, si ce qu\u2019un jeton repr\u00e9sente pr\u00e9cis\u00e9ment n\u2019est pas clair, l\u2019arbitre peut demander au joueur d\u2019utiliser une autre m\u00e9thode pour clarifier l\u2019\u00e9tat du jeu. Il n\u2019existe aucune fronti\u00e8re pr\u00e9cise \u00e0 ce sujet, les officiels de tournoi se doivent d\u2019exercer leur jugement en la mati\u00e8re.<\/em><\/div>\n","protected":false},"excerpt":{"rendered":"<p>De petits objets (par exemple des perles de verre) peuvent \u00eatre utilis\u00e9s comme marqueurs et plac\u00e9s sur le dessus du cimeti\u00e8re ou de la biblioth\u00e8que d\u2019un joueur comme rappel d\u2019un effet de jeu. Ces marqueurs ne peuvent pas masquer le nombre de cartes restant dans cette zone ou obscurcir compl\u00e8tement une carte. Les joueurs utilisant [&hellip;]<\/p>\n","protected":false},"author":30,"featured_media":0,"parent":0,"menu_order":0,"comment_status":"closed","ping_status":"closed","template":"page_width-index.php","meta":{"footnotes":"","_links_to":"","_links_to_target":""},"language":[9],"class_list":["post-6031","page","type-page","status-publish","hentry","language-fr"],"_links":{"self":[{"href":"https:\/\/blogs.magicjudges.org\/rules\/wp-json\/wp\/v2\/pages\/6031","targetHints":{"allow":["GET"]}}],"collection":[{"href":"https:\/\/blogs.magicjudges.org\/rules\/wp-json\/wp\/v2\/pages"}],"about":[{"href":"https:\/\/blogs.magicjudges.org\/rules\/wp-json\/wp\/v2\/types\/page"}],"author":[{"embeddable":true,"href":"https:\/\/blogs.magicjudges.org\/rules\/wp-json\/wp\/v2\/users\/30"}],"replies":[{"embeddable":true,"href":"https:\/\/blogs.magicjudges.org\/rules\/wp-json\/wp\/v2\/comments?post=6031"}],"version-history":[{"count":1,"href":"https:\/\/blogs.magicjudges.org\/rules\/wp-json\/wp\/v2\/pages\/6031\/revisions"}],"predecessor-version":[{"id":6046,"href":"https:\/\/blogs.magicjudges.org\/rules\/wp-json\/wp\/v2\/pages\/6031\/revisions\/6046"}],"wp:attachment":[{"href":"https:\/\/blogs.magicjudges.org\/rules\/wp-json\/wp\/v2\/media?parent=6031"}],"wp:term":[{"taxonomy":"language","embeddable":true,"href":"https:\/\/blogs.magicjudges.org\/rules\/wp-json\/wp\/v2\/language?post=6031"}],"curies":[{"name":"wp","href":"https:\/\/api.w.org\/{rel}","templated":true}]}}