{"id":6036,"date":"2016-01-13T12:23:45","date_gmt":"2016-01-13T09:23:45","guid":{"rendered":"http:\/\/blogs.magicjudges.org\/rules\/?page_id=6036"},"modified":"2017-01-13T13:05:54","modified_gmt":"2017-01-13T10:05:54","slug":"mtr3-13-fr","status":"publish","type":"page","link":"https:\/\/blogs.magicjudges.org\/rules\/mtr3-13-fr\/","title":{"rendered":"MTR 3.13 Cartes engag\u00e9es ou invers\u00e9es"},"content":{"rendered":"<p style=\"text-align: justify;margin-bottom: 0px\">Si une carte doit \u00eatre engag\u00e9e ou invers\u00e9e, elle doit \u00eatre tourn\u00e9e d\u2019approximativement 90 degr\u00e9s (engag\u00e9e) ou 180 degr\u00e9s (invers\u00e9e), selon ce qui est n\u00e9cessaire.<\/p>\n<div class=\"alert alert-info\" role=\"alert\"> <em>Les cartes \u00e0 inversion ont \u00e9t\u00e9 introduites dans le bloc Kamigawa et \u00e0 l\u2019heure actuelle on ne les trouve que l\u00e0. Une carte \u00e0 inversion est poss\u00e8de deux bo\u00eetes de texte et une condition pour l\u2019inverser, passant ainsi de ses caract\u00e9ristiques d\u2019origine \u00e0 des caract\u00e9ristiques alternatives.<\/em><\/p>\n<p><em>Le fait qu\u2019une carte soit engag\u00e9e ou invers\u00e9e est un statut du jeu et cela doit \u00eatre communiqu\u00e9 clairement \u00e0 l\u2019adversaire ; les conventions visuelles d\u00e9crites ci-dessus sont tr\u00e8s pratiques pour atteindre cet objectif.<\/em><\/div>\n","protected":false},"excerpt":{"rendered":"<p>Si une carte doit \u00eatre engag\u00e9e ou invers\u00e9e, elle doit \u00eatre tourn\u00e9e d\u2019approximativement 90 degr\u00e9s (engag\u00e9e) ou 180 degr\u00e9s (invers\u00e9e), selon ce qui est n\u00e9cessaire.<\/p>\n","protected":false},"author":30,"featured_media":0,"parent":0,"menu_order":0,"comment_status":"closed","ping_status":"closed","template":"page_width-index.php","meta":{"footnotes":"","_links_to":"","_links_to_target":""},"language":[9],"class_list":["post-6036","page","type-page","status-publish","hentry","language-fr"],"_links":{"self":[{"href":"https:\/\/blogs.magicjudges.org\/rules\/wp-json\/wp\/v2\/pages\/6036","targetHints":{"allow":["GET"]}}],"collection":[{"href":"https:\/\/blogs.magicjudges.org\/rules\/wp-json\/wp\/v2\/pages"}],"about":[{"href":"https:\/\/blogs.magicjudges.org\/rules\/wp-json\/wp\/v2\/types\/page"}],"author":[{"embeddable":true,"href":"https:\/\/blogs.magicjudges.org\/rules\/wp-json\/wp\/v2\/users\/30"}],"replies":[{"embeddable":true,"href":"https:\/\/blogs.magicjudges.org\/rules\/wp-json\/wp\/v2\/comments?post=6036"}],"version-history":[{"count":1,"href":"https:\/\/blogs.magicjudges.org\/rules\/wp-json\/wp\/v2\/pages\/6036\/revisions"}],"predecessor-version":[{"id":6051,"href":"https:\/\/blogs.magicjudges.org\/rules\/wp-json\/wp\/v2\/pages\/6036\/revisions\/6051"}],"wp:attachment":[{"href":"https:\/\/blogs.magicjudges.org\/rules\/wp-json\/wp\/v2\/media?parent=6036"}],"wp:term":[{"taxonomy":"language","embeddable":true,"href":"https:\/\/blogs.magicjudges.org\/rules\/wp-json\/wp\/v2\/language?post=6036"}],"curies":[{"name":"wp","href":"https:\/\/api.w.org\/{rel}","templated":true}]}}