{"id":6037,"date":"2016-01-13T12:23:49","date_gmt":"2016-01-13T09:23:49","guid":{"rendered":"http:\/\/blogs.magicjudges.org\/rules\/?page_id=6037"},"modified":"2017-01-13T13:06:05","modified_gmt":"2017-01-13T10:06:05","slug":"mtr3-14-fr","status":"publish","type":"page","link":"https:\/\/blogs.magicjudges.org\/rules\/mtr3-14-fr\/","title":{"rendered":"MTR 3.14 Ordre du cimeti\u00e8re"},"content":{"rendered":"<p style=\"text-align: justify;margin-bottom: 0px\">Dans les formats incluant uniquement des cartes de l\u2019extension l\u2019\u00c9pop\u00e9e d&#8217;Urza et post\u00e9rieures, les joueurs peuvent changer l&#8217;ordre de leur cimeti\u00e8re \u00e0 n&#8217;importe quel moment.<\/p>\n<div class=\"alert alert-info\" role=\"alert\"> <em>L\u2019extension Forteresse (Stronghold) contient les derni\u00e8res cartes qui s\u2019int\u00e9ressent \u00e0 l\u2019ordre du cimeti\u00e8re. L\u2019extension suivante est l\u2019\u00c9pop\u00e9e d&#8217;Urza (Urza\u2019s Saga) donc, dans tout format qui ne contient que cette extension-ci ou des extensions post\u00e9rieures, les joueurs peuvent modifier l\u2019ordre de leur cimeti\u00e8re.<\/em><\/p>\n<p><em>Les formats les plus r\u00e9pandus dans lesquels les joueurs ne peuvent pas modifier l\u2019ordre des cimeti\u00e8res sont le Legacy et le Vintage.<br \/>\n<\/em><\/div>\n<p style=\"text-align: justify;margin-bottom: 0px\">Un joueur ne peut pas changer l\u2019ordre du cimeti\u00e8re d\u2019un adversaire.<\/p>\n<div class=\"alert alert-info\" role=\"alert\"> <em>Un joueur a le droit de consulter les cartes du cimeti\u00e8re d\u2019un adversaire quand il le souhaite. Un joueur doit toujours demander la permission au propri\u00e9taire avant de manipuler des cartes qui ne lui appartiennent pas, par politesse. Si un joueur consulte un cimeti\u00e8re, il doit faire tout particuli\u00e8rement attention \u00e0 ne pas en m\u00e9langer certaines cartes avec celles qu\u2019il a en main.<\/em><\/div>\n","protected":false},"excerpt":{"rendered":"<p>Dans les formats incluant uniquement des cartes de l\u2019extension l\u2019\u00c9pop\u00e9e d&#8217;Urza et post\u00e9rieures, les joueurs peuvent changer l&#8217;ordre de leur cimeti\u00e8re \u00e0 n&#8217;importe quel moment. Un joueur ne peut pas changer l\u2019ordre du cimeti\u00e8re d\u2019un adversaire.<\/p>\n","protected":false},"author":30,"featured_media":0,"parent":0,"menu_order":0,"comment_status":"closed","ping_status":"closed","template":"page_width-index.php","meta":{"footnotes":"","_links_to":"","_links_to_target":""},"language":[9],"class_list":["post-6037","page","type-page","status-publish","hentry","language-fr"],"_links":{"self":[{"href":"https:\/\/blogs.magicjudges.org\/rules\/wp-json\/wp\/v2\/pages\/6037","targetHints":{"allow":["GET"]}}],"collection":[{"href":"https:\/\/blogs.magicjudges.org\/rules\/wp-json\/wp\/v2\/pages"}],"about":[{"href":"https:\/\/blogs.magicjudges.org\/rules\/wp-json\/wp\/v2\/types\/page"}],"author":[{"embeddable":true,"href":"https:\/\/blogs.magicjudges.org\/rules\/wp-json\/wp\/v2\/users\/30"}],"replies":[{"embeddable":true,"href":"https:\/\/blogs.magicjudges.org\/rules\/wp-json\/wp\/v2\/comments?post=6037"}],"version-history":[{"count":1,"href":"https:\/\/blogs.magicjudges.org\/rules\/wp-json\/wp\/v2\/pages\/6037\/revisions"}],"predecessor-version":[{"id":6052,"href":"https:\/\/blogs.magicjudges.org\/rules\/wp-json\/wp\/v2\/pages\/6037\/revisions\/6052"}],"wp:attachment":[{"href":"https:\/\/blogs.magicjudges.org\/rules\/wp-json\/wp\/v2\/media?parent=6037"}],"wp:term":[{"taxonomy":"language","embeddable":true,"href":"https:\/\/blogs.magicjudges.org\/rules\/wp-json\/wp\/v2\/language?post=6037"}],"curies":[{"name":"wp","href":"https:\/\/api.w.org\/{rel}","templated":true}]}}