{"id":6057,"date":"2016-01-13T12:32:55","date_gmt":"2016-01-13T09:32:55","guid":{"rendered":"http:\/\/blogs.magicjudges.org\/rules\/?page_id=6057"},"modified":"2018-09-18T23:15:23","modified_gmt":"2018-09-18T20:15:23","slug":"mtr4-5-fr","status":"publish","type":"page","link":"https:\/\/blogs.magicjudges.org\/rules\/mtr4-5-fr\/","title":{"rendered":"MTR 4.5 Capacit\u00e9s d\u00e9clench\u00e9es"},"content":{"rendered":"<p style=\"text-align: justify\">On attend des joueurs qu\u2019ils se rappellent leurs propres capacit\u00e9s d\u00e9clench\u00e9es ; les ignorer volontairement est de la triche. Les joueurs ne sont pas tenus de signaler l\u2019existence de capacit\u00e9s d\u00e9clench\u00e9es qu\u2019ils ne contr\u00f4lent pas, mais peuvent le faire s\u2019ils le souhaitent.<\/p>\n<p style=\"text-align: justify;margin-bottom: 0px\">Les capacit\u00e9s d\u00e9clench\u00e9es sont consid\u00e9r\u00e9es oubli\u00e9es par leur contr\u00f4leur une fois qu\u2019il a effectu\u00e9 une action au-del\u00e0 du moment o\u00f9 la capacit\u00e9 d\u00e9clench\u00e9e aurait eu une cons\u00e9quence visible sur la partie.<\/p>\n<div class=\"alert alert-info\" role=\"alert\"> <em>Des capacit\u00e9s se d\u00e9clenchent tout le temps au cours d\u2019une partie de Magic et il peut s\u2019av\u00e9rer assez difficile pour un joueur de se rappeler ses propres capacit\u00e9s d\u00e9clench\u00e9es, sans parler de celles de ses adversaires. Nous n\u2019attribuons pas de p\u00e9nalit\u00e9s aux joueurs qui ne signalent pas les capacit\u00e9s d\u00e9clench\u00e9es que leurs adversaires oublient mais c\u2019est de la triche qu\u2019un joueur ignore intentionnellement ses propres capacit\u00e9s d\u00e9clench\u00e9es. La triche est g\u00e9r\u00e9e en fonction de ce qu\u2019en dit l\u2019IPG ou le JAR, selon lequel est pertinent. Si un joueur remarque que son adversaire a oubli\u00e9 une capacit\u00e9 d\u00e9clench\u00e9e, il peut le signaler \u00e0 tout moment jusqu\u2019\u00e0 ce qu\u2019un tour complet passe par rapport au moment o\u00f9 la capacit\u00e9 aurait d\u00fb se d\u00e9clencher.<\/em><\/div>\n<p style=\"text-align: justify;margin-bottom: 0px\">Les capacit\u00e9s d\u00e9clench\u00e9es oubli\u00e9es ne sont pas consid\u00e9r\u00e9es comme ayant \u00e9t\u00e9 mises sur la pile. La fa\u00e7on dont les capacit\u00e9s d\u00e9clench\u00e9es oubli\u00e9es sont g\u00e9r\u00e9es est d\u00e9termin\u00e9e en fonction du Niveau d\u2019Application des R\u00e8gles du tournoi.<\/p>\n<div class=\"alert alert-info\" role=\"alert\"> <em>Nos gentils camarades du projet de l\u2019IPG annot\u00e9 ont beaucoup \u00e0 dire \u00e0 propos des capacit\u00e9s d\u00e9clench\u00e9es manqu\u00e9es <a href=\"http:\/\/blogs.magicjudges.org\/rules\/ipg-2-1-fr\/\">ici<\/a>.<\/em><\/div>\n","protected":false},"excerpt":{"rendered":"<p>On attend des joueurs qu\u2019ils se rappellent leurs propres capacit\u00e9s d\u00e9clench\u00e9es ; les ignorer volontairement est de la triche. Les joueurs ne sont pas tenus de signaler l\u2019existence de capacit\u00e9s d\u00e9clench\u00e9es qu\u2019ils ne contr\u00f4lent pas, mais peuvent le faire s\u2019ils le souhaitent. Les capacit\u00e9s d\u00e9clench\u00e9es sont consid\u00e9r\u00e9es oubli\u00e9es par leur contr\u00f4leur une fois qu\u2019il a [&hellip;]<\/p>\n","protected":false},"author":30,"featured_media":0,"parent":0,"menu_order":0,"comment_status":"closed","ping_status":"closed","template":"page_width-index.php","meta":{"footnotes":"","_links_to":"","_links_to_target":""},"language":[9],"class_list":["post-6057","page","type-page","status-publish","hentry","language-fr"],"_links":{"self":[{"href":"https:\/\/blogs.magicjudges.org\/rules\/wp-json\/wp\/v2\/pages\/6057","targetHints":{"allow":["GET"]}}],"collection":[{"href":"https:\/\/blogs.magicjudges.org\/rules\/wp-json\/wp\/v2\/pages"}],"about":[{"href":"https:\/\/blogs.magicjudges.org\/rules\/wp-json\/wp\/v2\/types\/page"}],"author":[{"embeddable":true,"href":"https:\/\/blogs.magicjudges.org\/rules\/wp-json\/wp\/v2\/users\/30"}],"replies":[{"embeddable":true,"href":"https:\/\/blogs.magicjudges.org\/rules\/wp-json\/wp\/v2\/comments?post=6057"}],"version-history":[{"count":4,"href":"https:\/\/blogs.magicjudges.org\/rules\/wp-json\/wp\/v2\/pages\/6057\/revisions"}],"predecessor-version":[{"id":8275,"href":"https:\/\/blogs.magicjudges.org\/rules\/wp-json\/wp\/v2\/pages\/6057\/revisions\/8275"}],"wp:attachment":[{"href":"https:\/\/blogs.magicjudges.org\/rules\/wp-json\/wp\/v2\/media?parent=6057"}],"wp:term":[{"taxonomy":"language","embeddable":true,"href":"https:\/\/blogs.magicjudges.org\/rules\/wp-json\/wp\/v2\/language?post=6057"}],"curies":[{"name":"wp","href":"https:\/\/api.w.org\/{rel}","templated":true}]}}