{"id":6058,"date":"2016-01-13T12:33:03","date_gmt":"2016-01-13T09:33:03","guid":{"rendered":"http:\/\/blogs.magicjudges.org\/rules\/?page_id=6058"},"modified":"2019-01-22T19:18:12","modified_gmt":"2019-01-22T16:18:12","slug":"mtr4-6-fr","status":"publish","type":"page","link":"https:\/\/blogs.magicjudges.org\/rules\/mtr4-6-fr\/","title":{"rendered":"MTR 4.6 Communication en Troll \u00e0 deux t\u00eates ou en \u00e9quipe"},"content":{"rendered":"<p style=\"text-align: justify;margin-bottom: 0px\">Les membres d\u2019une m\u00eame \u00e9quipe peuvent communiquer entre eux, sauf pendant les moments o\u00f9 cela est explicitement interdit par les r\u00e8gles du format.<\/p>\n<div class=\"alert alert-info\" role=\"alert\"> <em>Les joueurs d\u2019une m\u00eame \u00e9quipe peuvent discuter entre co\u00e9quipiers \u00e0 tout moment \u00e0 propos de pratiquement n\u2019importe quoi, \u00e0 l\u2019exception de ce qui est indiqu\u00e9 ci-dessous.<\/em><\/div>\n<p style=\"text-align: justify\">N\u00e9anmoins, les membres d\u2019une \u00e9quipe qui ont l\u2019opportunit\u00e9 d\u2019acqu\u00e9rir une information cach\u00e9e (par exemple en discutant avec des spectateurs apr\u00e8s leur propre match alors que leur \u00e9quipier joue toujours) n\u2019ont plus le droit de communiquer avec leurs \u00e9quipiers pour la dur\u00e9e du match.<\/p>\n<p style=\"text-align: justify;margin-bottom: 0px\">L\u2019interdiction de prendre des notes \u00e9crites pendant les drafts s\u2019applique aussi pour les drafts par \u00e9quipe.<\/p>\n<div class=\"alert alert-info\" role=\"alert\"> <em>Si un membre d\u2019une \u00e9quipe a acc\u00e8s \u00e0 une information cach\u00e9e qu\u2019il a obtenue depuis l\u2019ext\u00e9rieur du match d\u2019un de ses co\u00e9quipier, il doit s\u2019abstenir de communiquer avec ses co\u00e9quipiers qui sont encore en train de jouer. Consultez la <a href=\"http:\/\/blogs.magicjudges.org\/rules\/mtr8-3-fr\/\">section 8.3<\/a> des MTR.<\/em><\/div>\n","protected":false},"excerpt":{"rendered":"<p>Les membres d\u2019une m\u00eame \u00e9quipe peuvent communiquer entre eux, sauf pendant les moments o\u00f9 cela est explicitement interdit par les r\u00e8gles du format. N\u00e9anmoins, les membres d\u2019une \u00e9quipe qui ont l\u2019opportunit\u00e9 d\u2019acqu\u00e9rir une information cach\u00e9e (par exemple en discutant avec des spectateurs apr\u00e8s leur propre match alors que leur \u00e9quipier joue toujours) n\u2019ont plus le [&hellip;]<\/p>\n","protected":false},"author":30,"featured_media":0,"parent":0,"menu_order":0,"comment_status":"closed","ping_status":"closed","template":"page_width-index.php","meta":{"footnotes":"","_links_to":"","_links_to_target":""},"language":[9],"class_list":["post-6058","page","type-page","status-publish","hentry","language-fr"],"_links":{"self":[{"href":"https:\/\/blogs.magicjudges.org\/rules\/wp-json\/wp\/v2\/pages\/6058","targetHints":{"allow":["GET"]}}],"collection":[{"href":"https:\/\/blogs.magicjudges.org\/rules\/wp-json\/wp\/v2\/pages"}],"about":[{"href":"https:\/\/blogs.magicjudges.org\/rules\/wp-json\/wp\/v2\/types\/page"}],"author":[{"embeddable":true,"href":"https:\/\/blogs.magicjudges.org\/rules\/wp-json\/wp\/v2\/users\/30"}],"replies":[{"embeddable":true,"href":"https:\/\/blogs.magicjudges.org\/rules\/wp-json\/wp\/v2\/comments?post=6058"}],"version-history":[{"count":4,"href":"https:\/\/blogs.magicjudges.org\/rules\/wp-json\/wp\/v2\/pages\/6058\/revisions"}],"predecessor-version":[{"id":8272,"href":"https:\/\/blogs.magicjudges.org\/rules\/wp-json\/wp\/v2\/pages\/6058\/revisions\/8272"}],"wp:attachment":[{"href":"https:\/\/blogs.magicjudges.org\/rules\/wp-json\/wp\/v2\/media?parent=6058"}],"wp:term":[{"taxonomy":"language","embeddable":true,"href":"https:\/\/blogs.magicjudges.org\/rules\/wp-json\/wp\/v2\/language?post=6058"}],"curies":[{"name":"wp","href":"https:\/\/api.w.org\/{rel}","templated":true}]}}