{"id":6064,"date":"2016-01-13T12:36:38","date_gmt":"2016-01-13T09:36:38","guid":{"rendered":"http:\/\/blogs.magicjudges.org\/rules\/?page_id=6064"},"modified":"2017-03-01T01:35:49","modified_gmt":"2017-02-28T22:35:49","slug":"mtr5-1-fr","status":"publish","type":"page","link":"https:\/\/blogs.magicjudges.org\/rules\/mtr5-1-fr\/","title":{"rendered":"MTR 5.1 Triche"},"content":{"rendered":"<p style=\"text-align: justify;margin-bottom: 0px\">La triche ne sera pas tol\u00e9r\u00e9e. Le Head-Judge v\u00e9rifie toutes les all\u00e9gations de triche, et s\u2019il pense qu\u2019un joueur a trich\u00e9, il inflige la p\u00e9nalit\u00e9 appropri\u00e9e en se basant sur l\u2019Infraction Procedure Guide ou le document Judging at Regular REL. Toutes les disqualifications sont sujettes \u00e0 v\u00e9rification par la DCI et d\u2019autres p\u00e9nalit\u00e9s peuvent \u00eatre inflig\u00e9es par la suite.<\/p>\n<div class=\"alert alert-info\" role=\"alert\"> <em>En r\u00e9sum\u00e9, la triche est caract\u00e9ris\u00e9e quand une personne enfreint une r\u00e8gle, qu\u2019elle en est consciente et qu\u2019elle tente de tirer avantage de son action. Pour une discussion plus d\u00e9taill\u00e9e \u00e0 propos de la triche et sur comment g\u00e9rer cette infraction, lisez la <a href=\"http:\/\/blogs.magicjudges.org\/rules\/ipg4-8-fr\/\">section 4.8<\/a> de l\u2019AIPG. La p\u00e9nalit\u00e9 associ\u00e9e \u00e0 cette infraction est la disqualification et le Head-Judge se doit de suivre <a href=\"http:\/\/blogs.magicjudges.org\/o\/disqualification-process-fr\/\">la proc\u00e9dure de disqualification<\/a>.<\/em><\/div>\n","protected":false},"excerpt":{"rendered":"<p>La triche ne sera pas tol\u00e9r\u00e9e. Le Head-Judge v\u00e9rifie toutes les all\u00e9gations de triche, et s\u2019il pense qu\u2019un joueur a trich\u00e9, il inflige la p\u00e9nalit\u00e9 appropri\u00e9e en se basant sur l\u2019Infraction Procedure Guide ou le document Judging at Regular REL. Toutes les disqualifications sont sujettes \u00e0 v\u00e9rification par la DCI et d\u2019autres p\u00e9nalit\u00e9s peuvent \u00eatre [&hellip;]<\/p>\n","protected":false},"author":30,"featured_media":0,"parent":0,"menu_order":0,"comment_status":"closed","ping_status":"closed","template":"page_width-index.php","meta":{"footnotes":"","_links_to":"","_links_to_target":""},"language":[9],"class_list":["post-6064","page","type-page","status-publish","hentry","language-fr"],"_links":{"self":[{"href":"https:\/\/blogs.magicjudges.org\/rules\/wp-json\/wp\/v2\/pages\/6064","targetHints":{"allow":["GET"]}}],"collection":[{"href":"https:\/\/blogs.magicjudges.org\/rules\/wp-json\/wp\/v2\/pages"}],"about":[{"href":"https:\/\/blogs.magicjudges.org\/rules\/wp-json\/wp\/v2\/types\/page"}],"author":[{"embeddable":true,"href":"https:\/\/blogs.magicjudges.org\/rules\/wp-json\/wp\/v2\/users\/30"}],"replies":[{"embeddable":true,"href":"https:\/\/blogs.magicjudges.org\/rules\/wp-json\/wp\/v2\/comments?post=6064"}],"version-history":[{"count":2,"href":"https:\/\/blogs.magicjudges.org\/rules\/wp-json\/wp\/v2\/pages\/6064\/revisions"}],"predecessor-version":[{"id":6444,"href":"https:\/\/blogs.magicjudges.org\/rules\/wp-json\/wp\/v2\/pages\/6064\/revisions\/6444"}],"wp:attachment":[{"href":"https:\/\/blogs.magicjudges.org\/rules\/wp-json\/wp\/v2\/media?parent=6064"}],"wp:term":[{"taxonomy":"language","embeddable":true,"href":"https:\/\/blogs.magicjudges.org\/rules\/wp-json\/wp\/v2\/language?post=6064"}],"curies":[{"name":"wp","href":"https:\/\/api.w.org\/{rel}","templated":true}]}}