{"id":6066,"date":"2016-01-13T12:38:04","date_gmt":"2016-01-13T09:38:04","guid":{"rendered":"http:\/\/blogs.magicjudges.org\/rules\/?page_id=6066"},"modified":"2017-03-01T01:36:07","modified_gmt":"2017-02-28T22:36:07","slug":"mtr5-3-fr","status":"publish","type":"page","link":"https:\/\/blogs.magicjudges.org\/rules\/mtr5-3-fr\/","title":{"rendered":"MTR 5.3 Paris"},"content":{"rendered":"<p style=\"text-align: justify;margin-bottom: 0px\">Les participants au tournoi, les officiels de tournoi et les spectateurs ne peuvent en aucun cas parier ou miser sur une portion (incluant le r\u00e9sultat) d\u2019un tournoi, d\u2019un match ou d\u2019une partie.<\/p>\n<div class=\"alert alert-info\" role=\"alert\"> <em>Les paris compromettent l\u2019int\u00e9grit\u00e9 du tournoi et donnent aussi bien aux joueurs qu\u2019aux spectateurs une image horrible du jeu et de la communaut\u00e9. C\u2019est consid\u00e9r\u00e9 comme un probl\u00e8me s\u00e9rieux. Pour plus de pr\u00e9cisions, lisez la section sur les probl\u00e8mes s\u00e9rieux du document <a href=\"http:\/\/blogs.magicjudges.org\/rules\/jar\/\">Judging at Regular REL<\/a> ainsi que la <a href=\"http:\/\/blogs.magicjudges.org\/rules\/ipg4-4-fr\/\">section 4.4<\/a> de l&#8217;AIPG. Si vous \u00eates contraint de disqualifier un joueur, suivez <a href=\"http:\/\/blogs.magicjudges.org\/o\/disqualification-process-fr\/\">la proc\u00e9dure de disqualification<\/a>.<\/em><br \/>\n<\/div>\n","protected":false},"excerpt":{"rendered":"<p>Les participants au tournoi, les officiels de tournoi et les spectateurs ne peuvent en aucun cas parier ou miser sur une portion (incluant le r\u00e9sultat) d\u2019un tournoi, d\u2019un match ou d\u2019une partie.<\/p>\n","protected":false},"author":30,"featured_media":0,"parent":0,"menu_order":0,"comment_status":"closed","ping_status":"closed","template":"page_width-index.php","meta":{"footnotes":"","_links_to":"","_links_to_target":""},"language":[9],"class_list":["post-6066","page","type-page","status-publish","hentry","language-fr"],"_links":{"self":[{"href":"https:\/\/blogs.magicjudges.org\/rules\/wp-json\/wp\/v2\/pages\/6066","targetHints":{"allow":["GET"]}}],"collection":[{"href":"https:\/\/blogs.magicjudges.org\/rules\/wp-json\/wp\/v2\/pages"}],"about":[{"href":"https:\/\/blogs.magicjudges.org\/rules\/wp-json\/wp\/v2\/types\/page"}],"author":[{"embeddable":true,"href":"https:\/\/blogs.magicjudges.org\/rules\/wp-json\/wp\/v2\/users\/30"}],"replies":[{"embeddable":true,"href":"https:\/\/blogs.magicjudges.org\/rules\/wp-json\/wp\/v2\/comments?post=6066"}],"version-history":[{"count":2,"href":"https:\/\/blogs.magicjudges.org\/rules\/wp-json\/wp\/v2\/pages\/6066\/revisions"}],"predecessor-version":[{"id":6446,"href":"https:\/\/blogs.magicjudges.org\/rules\/wp-json\/wp\/v2\/pages\/6066\/revisions\/6446"}],"wp:attachment":[{"href":"https:\/\/blogs.magicjudges.org\/rules\/wp-json\/wp\/v2\/media?parent=6066"}],"wp:term":[{"taxonomy":"language","embeddable":true,"href":"https:\/\/blogs.magicjudges.org\/rules\/wp-json\/wp\/v2\/language?post=6066"}],"curies":[{"name":"wp","href":"https:\/\/api.w.org\/{rel}","templated":true}]}}