{"id":6068,"date":"2016-01-13T12:38:13","date_gmt":"2016-01-13T09:38:13","guid":{"rendered":"http:\/\/blogs.magicjudges.org\/rules\/?page_id=6068"},"modified":"2019-01-22T19:22:55","modified_gmt":"2019-01-22T16:22:55","slug":"mtr5-5-fr","status":"publish","type":"page","link":"https:\/\/blogs.magicjudges.org\/rules\/mtr5-5-fr\/","title":{"rendered":"MTR 5.5 Slow Play"},"content":{"rendered":"<p style=\"text-align: justify;margin-bottom: 0px\">Les joueurs doivent jouer leurs tours de fa\u00e7on suffisamment rapide ind\u00e9pendamment de la complexit\u00e9 de la situation de jeu et doivent suivre les limites de temps sp\u00e9cifi\u00e9es pour le tournoi. Les joueurs doivent maintenir un rythme suffisant pour permettre au match d\u2019\u00eatre fini dans le temps annonc\u00e9. L\u2019abus de la limite de temps est inacceptable. Les joueurs peuvent demander \u00e0 un arbitre de regarder leur partie pour v\u00e9rifier s\u2019il y a Slow Play ; une telle requ\u00eate sera honor\u00e9e si possible.<\/p>\n<div class=\"alert alert-info\" role=\"alert\"> <em>La dur\u00e9e totale de la ronde n\u2019est pas r\u00e9partie \u00e9quitablement entre les joueurs. Cela implique qu\u2019un joueur qui r\u00e9fl\u00e9chit trop longtemps avant de jouer \u201cvole\u201d du temps \u00e0 son adversaire. Cela peut lui conf\u00e9rer un avantage injuste ou d\u00e9grader l\u2019exp\u00e9rience de jeu de son adversaire. M\u00eame quand il n\u2019y a pas de limite de temps, un joueur qui prend trop de temps pour effectuer ses actions fait perdre du temps \u00e0 tout le monde. Pour lire des exemples de Slow Play, consultez la <a href=\"http:\/\/blogs.magicjudges.org\/rules\/ipg3-3-fr\/\">section 3.3<\/a> de l&#8217;AIPG.<\/em><\/p>\n<p><em>Jouer lentement de fa\u00e7on intentionnelle afin de tirer avantage de la limite de temps est consid\u00e9r\u00e9 comme du Stalling. Pour plus d\u2019informations sur la fa\u00e7on de g\u00e9rer ces infractions en REL Comp\u00e9titif, r\u00e9f\u00e9rez-vous \u00e0 <a href=\"http:\/\/blogs.magicjudges.org\/rules\/ipg4-7-fr\/\">section 4.7<\/a> de l&#8217;AIPG.<\/em><br \/>\n<\/div>\n","protected":false},"excerpt":{"rendered":"<p>Les joueurs doivent jouer leurs tours de fa\u00e7on suffisamment rapide ind\u00e9pendamment de la complexit\u00e9 de la situation de jeu et doivent suivre les limites de temps sp\u00e9cifi\u00e9es pour le tournoi. Les joueurs doivent maintenir un rythme suffisant pour permettre au match d\u2019\u00eatre fini dans le temps annonc\u00e9. L\u2019abus de la limite de temps est inacceptable. [&hellip;]<\/p>\n","protected":false},"author":30,"featured_media":0,"parent":0,"menu_order":0,"comment_status":"closed","ping_status":"closed","template":"page_width-index.php","meta":{"footnotes":"","_links_to":"","_links_to_target":""},"language":[9],"class_list":["post-6068","page","type-page","status-publish","hentry","language-fr"],"_links":{"self":[{"href":"https:\/\/blogs.magicjudges.org\/rules\/wp-json\/wp\/v2\/pages\/6068","targetHints":{"allow":["GET"]}}],"collection":[{"href":"https:\/\/blogs.magicjudges.org\/rules\/wp-json\/wp\/v2\/pages"}],"about":[{"href":"https:\/\/blogs.magicjudges.org\/rules\/wp-json\/wp\/v2\/types\/page"}],"author":[{"embeddable":true,"href":"https:\/\/blogs.magicjudges.org\/rules\/wp-json\/wp\/v2\/users\/30"}],"replies":[{"embeddable":true,"href":"https:\/\/blogs.magicjudges.org\/rules\/wp-json\/wp\/v2\/comments?post=6068"}],"version-history":[{"count":2,"href":"https:\/\/blogs.magicjudges.org\/rules\/wp-json\/wp\/v2\/pages\/6068\/revisions"}],"predecessor-version":[{"id":6448,"href":"https:\/\/blogs.magicjudges.org\/rules\/wp-json\/wp\/v2\/pages\/6068\/revisions\/6448"}],"wp:attachment":[{"href":"https:\/\/blogs.magicjudges.org\/rules\/wp-json\/wp\/v2\/media?parent=6068"}],"wp:term":[{"taxonomy":"language","embeddable":true,"href":"https:\/\/blogs.magicjudges.org\/rules\/wp-json\/wp\/v2\/language?post=6068"}],"curies":[{"name":"wp","href":"https:\/\/api.w.org\/{rel}","templated":true}]}}