{"id":6074,"date":"2016-01-13T12:43:58","date_gmt":"2016-01-13T09:43:58","guid":{"rendered":"http:\/\/blogs.magicjudges.org\/rules\/?page_id=6074"},"modified":"2019-01-22T19:23:58","modified_gmt":"2019-01-22T16:23:58","slug":"mtr6-1-fr","status":"publish","type":"page","link":"https:\/\/blogs.magicjudges.org\/rules\/mtr6-1-fr\/","title":{"rendered":"MTR 6.1 Limitations sur la construction de decks"},"content":{"rendered":"<p style=\"text-align: justify;margin-bottom: 0px\">En Construit un deck doit \u00eatre compos\u00e9 d\u2019au moins soixante cartes. Il n\u2019y a pas de taille de deck maximale. Si un joueur choisit d\u2019utiliser un sideboard, celui-ci peut contenir jusqu\u2019\u00e0 quinze cartes.<\/p>\n<div class=\"alert alert-info\" role=\"alert\"> <em>Cela fait partie des annonces que de nombreux Head-Judges indiquent avant de commencer un tournoi. Cette r\u00e8gle est en vigueur dans tous les tournois en Construit, aucune explication particuli\u00e8re n\u2019est n\u00e9cessaire.<\/em><br \/>\n<\/div>\n<p style=\"text-align: justify;margin-bottom: 0px\">\u00c0 l\u2019exception des cartes avec le sur-type \u00ab de base \u00bb et de celles dont le texte pr\u00e9cise le contraire, le deck et le sideboard d\u2019un joueur, une fois r\u00e9unis, ne peuvent contenir plus de quatre exemplaires d\u2019une m\u00eame carte (en se basant uniquement sur le nom anglais des cartes).<\/p>\n<div class=\"alert alert-info\" role=\"alert\"> <em>Un joueur ne peut jouer qu\u2019un maximum de quatre copies d\u2019une carte donn\u00e9e (sauf exceptions explicites, cf. ci-apr\u00e8s) parmi l\u2019ensemble de ses soixante-quinze cartes. \u00c0 l\u2019heure actuelle il existe treize exceptions \u00e0 cette r\u00e8gle : <a href=\"https:\/\/blogs.magicjudges.org\/rules\/wp-content\/plugins\/lems-mtg-helper\/lems-mtg-helper-cardfinder.php?find=Plains&width=223&height=310\" class=\"jTip\" name=\"\">Plains<\/a>, <a href=\"https:\/\/blogs.magicjudges.org\/rules\/wp-content\/plugins\/lems-mtg-helper\/lems-mtg-helper-cardfinder.php?find=Island&width=223&height=310\" class=\"jTip\" name=\"\">Island<\/a>, <a href=\"https:\/\/blogs.magicjudges.org\/rules\/wp-content\/plugins\/lems-mtg-helper\/lems-mtg-helper-cardfinder.php?find=Swamp&width=223&height=310\" class=\"jTip\" name=\"\">Swamp<\/a>, <a href=\"https:\/\/blogs.magicjudges.org\/rules\/wp-content\/plugins\/lems-mtg-helper\/lems-mtg-helper-cardfinder.php?find=Mountain&width=223&height=310\" class=\"jTip\" name=\"\">Mountain<\/a>, <a href=\"https:\/\/blogs.magicjudges.org\/rules\/wp-content\/plugins\/lems-mtg-helper\/lems-mtg-helper-cardfinder.php?find=Forest&width=223&height=310\" class=\"jTip\" name=\"\">Forest<\/a>, leurs cinq versions enneig\u00e9es, <a href=\"https:\/\/blogs.magicjudges.org\/rules\/wp-content\/plugins\/lems-mtg-helper\/lems-mtg-helper-cardfinder.php?find=Waste&width=223&height=310\" class=\"jTip\" name=\"\">Waste<\/a>, <a href=\"https:\/\/blogs.magicjudges.org\/rules\/wp-content\/plugins\/lems-mtg-helper\/lems-mtg-helper-cardfinder.php?find=Relentless+Rats&width=223&height=310\" class=\"jTip\" name=\"\">Relentless Rats<\/a> et <a href=\"https:\/\/blogs.magicjudges.org\/rules\/wp-content\/plugins\/lems-mtg-helper\/lems-mtg-helper-cardfinder.php?find=Shadowborn+Apostle&width=223&height=310\" class=\"jTip\" name=\"\">Shadowborn Apostle<\/a>. Notez bien qu\u2019il n\u2019est pas possible de contrevenir \u00e0 cette r\u00e8gle en utilisant des cartes \u00e9trang\u00e8res ou mal imprim\u00e9es ; le d\u00e9compte total se base sur le nom anglais de la carte.<\/em><br \/>\n<\/div>\n","protected":false},"excerpt":{"rendered":"<p>En Construit un deck doit \u00eatre compos\u00e9 d\u2019au moins soixante cartes. Il n\u2019y a pas de taille de deck maximale. Si un joueur choisit d\u2019utiliser un sideboard, celui-ci peut contenir jusqu\u2019\u00e0 quinze cartes. \u00c0 l\u2019exception des cartes avec le sur-type \u00ab de base \u00bb et de celles dont le texte pr\u00e9cise le contraire, le deck [&hellip;]<\/p>\n","protected":false},"author":30,"featured_media":0,"parent":0,"menu_order":0,"comment_status":"closed","ping_status":"closed","template":"page_width-index.php","meta":{"footnotes":"","_links_to":"","_links_to_target":""},"language":[9],"class_list":["post-6074","page","type-page","status-publish","hentry","language-fr"],"_links":{"self":[{"href":"https:\/\/blogs.magicjudges.org\/rules\/wp-json\/wp\/v2\/pages\/6074","targetHints":{"allow":["GET"]}}],"collection":[{"href":"https:\/\/blogs.magicjudges.org\/rules\/wp-json\/wp\/v2\/pages"}],"about":[{"href":"https:\/\/blogs.magicjudges.org\/rules\/wp-json\/wp\/v2\/types\/page"}],"author":[{"embeddable":true,"href":"https:\/\/blogs.magicjudges.org\/rules\/wp-json\/wp\/v2\/users\/30"}],"replies":[{"embeddable":true,"href":"https:\/\/blogs.magicjudges.org\/rules\/wp-json\/wp\/v2\/comments?post=6074"}],"version-history":[{"count":4,"href":"https:\/\/blogs.magicjudges.org\/rules\/wp-json\/wp\/v2\/pages\/6074\/revisions"}],"predecessor-version":[{"id":7170,"href":"https:\/\/blogs.magicjudges.org\/rules\/wp-json\/wp\/v2\/pages\/6074\/revisions\/7170"}],"wp:attachment":[{"href":"https:\/\/blogs.magicjudges.org\/rules\/wp-json\/wp\/v2\/media?parent=6074"}],"wp:term":[{"taxonomy":"language","embeddable":true,"href":"https:\/\/blogs.magicjudges.org\/rules\/wp-json\/wp\/v2\/language?post=6074"}],"curies":[{"name":"wp","href":"https:\/\/api.w.org\/{rel}","templated":true}]}}