{"id":6075,"date":"2016-01-13T12:44:01","date_gmt":"2016-01-13T09:44:01","guid":{"rendered":"http:\/\/blogs.magicjudges.org\/rules\/?page_id=6075"},"modified":"2017-12-08T14:09:00","modified_gmt":"2017-12-08T11:09:00","slug":"mtr6-2-fr","status":"publish","type":"page","link":"https:\/\/blogs.magicjudges.org\/rules\/mtr6-2-fr\/","title":{"rendered":"MTR 6.2 L\u00e9galit\u00e9 des cartes"},"content":{"rendered":"<p>Une carte ne peut \u00eatre utilis\u00e9e, dans un format donn\u00e9, que si elle fait partie d\u2019une extension autoris\u00e9e pour ce format, ou qu\u2019elle a le m\u00eame nom (en anglais) qu\u2019une carte d\u2019une extension autoris\u00e9e dans ce format. La version Chefs d\u2019\u0153uvre d\u2019une carte ne peut \u00eatre jou\u00e9e que dans les formats o\u00f9 la carte est l\u00e9gale.<\/p>\n<p><div class=\"alert alert-info\" role=\"alert\"> <em>Les formats Construits sont d\u00e9finis dans ces sections-ci : <a href=\"http:\/\/blogs.magicjudges.org\/rules\/mtr6-3-fr\/\">Standard<\/a>, <a href=\"http:\/\/blogs.magicjudges.org\/rules\/mtr6-4-fr\/\">Modern<\/a>, <a href=\"http:\/\/blogs.magicjudges.org\/rules\/mtr6-5-fr\/\">Vintage<\/a>, <a href=\"http:\/\/blogs.magicjudges.org\/rules\/mtr6-6-fr\/\">Legacy<\/a> et <a href=\"http:\/\/blogs.magicjudges.org\/rules\/mtr6-7-fr\/\">Bloc<\/a>.<br \/>\nPrenez bien note qu\u2019il est parfaitement l\u00e9gal d\u2019utiliser de vieilles impressions d\u2019une carte, du moment qu\u2019il existe une version de cette carte qui est l\u00e9gal dans le format appropri\u00e9. Par exemple, un joueur peut utiliser ses versions Beta de de <a href=\"https:\/\/blogs.magicjudges.org\/rules\/wp-content\/plugins\/lems-mtg-helper\/lems-mtg-helper-cardfinder.php?find=Lightning+Bolt&width=223&height=310\" class=\"jTip\" name=\"\">Lightning Bolt<\/a> en Modern, bien que l\u2019\u00e9dition Beta ne fasse pas partie du Modern, parce que la carte Foudre a \u00e9t\u00e9 imprim\u00e9e dans une \u00e9dition qui est l\u00e9gale en Modern.<\/em><\/div><br \/>\n<div class=\"alert alert-info\" role=\"alert\"> <em>Les Chefs d\u2019\u0153uvre Sont des ajouts sp\u00e9ciaux aux \u00e9ditions, mais ne font pas partie de cette \u00e9dition. Comme ils sont ouverts dans les boosters, ils sont l\u00e9gaux en limit\u00e9. En revanche, elle sont uniquement l\u00e9gales dans les formats construits o\u00f9 l\u2019\u00e9dition normale de la carte est \u00e9galement l\u00e9gale.<\/em><\/div><\/p>\n<p>Les cartes qui sont bannies d\u2019un format donn\u00e9 ne peuvent \u00eatre pr\u00e9sentes dans des decks pr\u00e9vus pour ce format. Les cartes qui sont limit\u00e9es dans un format donn\u00e9 ne peuvent \u00eatre pr\u00e9sentes qu\u2019en un seul exemplaire dans le deck d\u2019un joueur, sideboard compris.<\/p>\n<div class=\"alert alert-info\" role=\"alert\"> <em>Si une carte est bannie, elle ne peut pas \u00eatre utilis\u00e9e. Si une carte est limit\u00e9e, elle ne suit pas la r\u00e8gle des &#8220;quatre copies&#8221; ci-dessus ; au lieu d\u2019avoir jusqu\u2019\u00e0 quatre copies dans un paquet donn\u00e9 de soixante-quinze cartes, un joueur ne peut pas en avoir plus d\u2019une seule copie. Comme indiqu\u00e9 dans la <a href=\"http:\/\/blogs.magicjudges.org\/rules\/mtr6-5-fr\/\">section 6.5<\/a>, le Vintage est le seul format dot\u00e9 d\u2019une liste de cartes limit\u00e9es.<\/em><br \/>\n<\/div>\n","protected":false},"excerpt":{"rendered":"<p>Une carte ne peut \u00eatre utilis\u00e9e, dans un format donn\u00e9, que si elle fait partie d\u2019une extension autoris\u00e9e pour ce format, ou qu\u2019elle a le m\u00eame nom (en anglais) qu\u2019une carte d\u2019une extension autoris\u00e9e dans ce format. La version Chefs d\u2019\u0153uvre d\u2019une carte ne peut \u00eatre jou\u00e9e que dans les formats o\u00f9 la carte est [&hellip;]<\/p>\n","protected":false},"author":30,"featured_media":0,"parent":0,"menu_order":0,"comment_status":"closed","ping_status":"closed","template":"page_width-index.php","meta":{"footnotes":"","_links_to":"","_links_to_target":""},"language":[9],"class_list":["post-6075","page","type-page","status-publish","hentry","language-fr"],"_links":{"self":[{"href":"https:\/\/blogs.magicjudges.org\/rules\/wp-json\/wp\/v2\/pages\/6075","targetHints":{"allow":["GET"]}}],"collection":[{"href":"https:\/\/blogs.magicjudges.org\/rules\/wp-json\/wp\/v2\/pages"}],"about":[{"href":"https:\/\/blogs.magicjudges.org\/rules\/wp-json\/wp\/v2\/types\/page"}],"author":[{"embeddable":true,"href":"https:\/\/blogs.magicjudges.org\/rules\/wp-json\/wp\/v2\/users\/30"}],"replies":[{"embeddable":true,"href":"https:\/\/blogs.magicjudges.org\/rules\/wp-json\/wp\/v2\/comments?post=6075"}],"version-history":[{"count":3,"href":"https:\/\/blogs.magicjudges.org\/rules\/wp-json\/wp\/v2\/pages\/6075\/revisions"}],"predecessor-version":[{"id":7171,"href":"https:\/\/blogs.magicjudges.org\/rules\/wp-json\/wp\/v2\/pages\/6075\/revisions\/7171"}],"wp:attachment":[{"href":"https:\/\/blogs.magicjudges.org\/rules\/wp-json\/wp\/v2\/media?parent=6075"}],"wp:term":[{"taxonomy":"language","embeddable":true,"href":"https:\/\/blogs.magicjudges.org\/rules\/wp-json\/wp\/v2\/language?post=6075"}],"curies":[{"name":"wp","href":"https:\/\/api.w.org\/{rel}","templated":true}]}}