{"id":6076,"date":"2016-01-13T12:44:06","date_gmt":"2016-01-13T09:44:06","guid":{"rendered":"http:\/\/blogs.magicjudges.org\/rules\/?page_id=6076"},"modified":"2018-03-26T21:35:48","modified_gmt":"2018-03-26T18:35:48","slug":"mtr6-3-fr","status":"publish","type":"page","link":"https:\/\/blogs.magicjudges.org\/rules\/mtr6-3-fr\/","title":{"rendered":"MTR 6.3 Decks construits au format Standard"},"content":{"rendered":"<div class=\"alert alert-info\" role=\"alert\"> <em>Les extensions ci-dessous sont l\u00e9gales en Standard. Remarquez que cette liste mentionne les dates o\u00f9 les extensions entrent et sortent du Standard. Cette section est mise \u00e0 jour \u00e0 chaque version des MTR afin d\u2019\u00eatre en ad\u00e9quation avec les extensions du Standard actuel. Wizards instaure un nouveau sch\u00e9ma de rotation des extensions qui est d\u00e9crit <a href=\"http:\/\/magic.wizards.com\/en\/articles\/archive\/mm\/metamorphosis\">ici<\/a>.<\/em><br \/>\n<\/div>\n<p style=\"text-align: justify\">Les \u00e9ditions suivantes sont autoris\u00e9es dans les tournois Standard :<\/p>\n<ul style=\"text-align: justify\">\n<li><em>Kaladesh<\/em><\/li>\n<li><em>La r\u00e9volte \u00e9th\u00e9rique<br \/>\n<\/em><\/li>\n<li><em>Amonkhet<\/em><\/li>\n<li><em>L\u2019\u00e2ge de la destruction<\/em><\/li>\n<li><em>Ixalan<\/em><\/li>\n<li><em>Les combattants d&#8217;Ixalan<\/em> (\u00e0 partir du 19 janvier 2018)<\/li>\n<li><em>Dominaria<\/em> (\u00e0 partir du 27 avril 2018)<\/li>\n<li><em>Core 2019<\/em> (\u00e0 partir du 13 juillet 2018)<\/li>\n<\/ul>\n<p style=\"text-align: justify\">Les cartes des Decks de bienvenue (et autres produits ancillaires) avec le code d\u2019identification d\u2019\u00e9dition \u201cW17\u201d sont \u00e9galement autoris\u00e9es dans les tournois Standard. Ces cartes sortiront du format Standard en m\u00eame temps que l\u2019extension Amonkhet.<\/p>\n<p style=\"text-align: justify\">Les decks Planeswalker contiennent dix (10) cartes, qui n\u2019apparaissent pas dans les boosters de l\u2019\u00e9dition, mais qui font partie de l\u2019\u00e9dition \u00e0 laquelle les decks Planeswalker sont rattach\u00e9s. Ces cartes poss\u00e8dent le m\u00eame symbole d\u2019extension que les cartes de l\u2019extension auxquelles elles sont rattach\u00e9es et sont l\u00e9gales en Standard et sortent du format en m\u00eame temps que cette extension.<\/p>\n<div class=\"alert alert-info\" role=\"alert\"> <em>Bien que les cartes des decks Planeswalker ne peuvent pas \u00eatre ouvertes dans les boosters, elles sont toutefois l\u00e9gales en standard. Faites tr\u00e8s attention en v\u00e9rifiant la l\u00e9galit\u00e9 de telles cartes.<\/em><\/div>\n<p style=\"text-align: justify;margin-bottom: 0px\">Les cartes suivantes sont bannies dans les tournois Standard :<\/p>\n<ul style=\"text-align: justify\">\n<li><a href=\"https:\/\/blogs.magicjudges.org\/rules\/wp-content\/plugins\/lems-mtg-helper\/lems-mtg-helper-cardfinder.php?find=Aetherworks+Marvel&width=223&height=310\" class=\"jTip\" name=\"\">Aetherworks Marvel<\/a> (Pompe \u00e9th\u00e9rique mod\u00e8le)<\/li>\n<li><a href=\"https:\/\/blogs.magicjudges.org\/rules\/wp-content\/plugins\/lems-mtg-helper\/lems-mtg-helper-cardfinder.php?find=Attune+with+Aether&width=223&height=310\" class=\"jTip\" name=\"\">Attune with Aether<\/a> (Harmonie avec l&#8217;\u00c9ther)<\/li>\n<li><a href=\"https:\/\/blogs.magicjudges.org\/rules\/wp-content\/plugins\/lems-mtg-helper\/lems-mtg-helper-cardfinder.php?find=Felidar+Guardian&width=223&height=310\" class=\"jTip\" name=\"\">Felidar Guardian<\/a> (Gardien f\u00e9lidar)<\/li>\n<li><a href=\"https:\/\/blogs.magicjudges.org\/rules\/wp-content\/plugins\/lems-mtg-helper\/lems-mtg-helper-cardfinder.php?find=Rampaging+Ferocidon&width=223&height=310\" class=\"jTip\" name=\"\">Rampaging Ferocidon<\/a> (F\u00e9roncidonte d\u00e9cha\u00een\u00e9)<\/li>\n<li><a href=\"https:\/\/blogs.magicjudges.org\/rules\/wp-content\/plugins\/lems-mtg-helper\/lems-mtg-helper-cardfinder.php?find=Ramunap+Ruins&width=223&height=310\" class=\"jTip\" name=\"\">Ramunap Ruins<\/a> (Ruines de Ramunap)<\/li>\n<li><a href=\"https:\/\/blogs.magicjudges.org\/rules\/wp-content\/plugins\/lems-mtg-helper\/lems-mtg-helper-cardfinder.php?find=Rogue+Refiner&width=223&height=310\" class=\"jTip\" name=\"\">Rogue Refiner<\/a> (Gredin raffineur)<\/li>\n<li><a href=\"https:\/\/blogs.magicjudges.org\/rules\/wp-content\/plugins\/lems-mtg-helper\/lems-mtg-helper-cardfinder.php?find=Smuggler%E2%80%99s+Copter&width=223&height=310\" class=\"jTip\" name=\"\">Smuggler\u2019s Copter<\/a> (Copt\u00e8re de contrebandier)<\/li>\n<\/ul>\n","protected":false},"excerpt":{"rendered":"<p>Les \u00e9ditions suivantes sont autoris\u00e9es dans les tournois Standard : Kaladesh La r\u00e9volte \u00e9th\u00e9rique Amonkhet L\u2019\u00e2ge de la destruction Ixalan Les combattants d&#8217;Ixalan (\u00e0 partir du 19 janvier 2018) Dominaria (\u00e0 partir du 27 avril 2018) Core 2019 (\u00e0 partir du 13 juillet 2018) Les cartes des Decks de bienvenue (et autres produits ancillaires) avec [&hellip;]<\/p>\n","protected":false},"author":30,"featured_media":0,"parent":0,"menu_order":0,"comment_status":"closed","ping_status":"closed","template":"page_width-index.php","meta":{"footnotes":"","_links_to":"","_links_to_target":""},"language":[9],"class_list":["post-6076","page","type-page","status-publish","hentry","language-fr"],"_links":{"self":[{"href":"https:\/\/blogs.magicjudges.org\/rules\/wp-json\/wp\/v2\/pages\/6076","targetHints":{"allow":["GET"]}}],"collection":[{"href":"https:\/\/blogs.magicjudges.org\/rules\/wp-json\/wp\/v2\/pages"}],"about":[{"href":"https:\/\/blogs.magicjudges.org\/rules\/wp-json\/wp\/v2\/types\/page"}],"author":[{"embeddable":true,"href":"https:\/\/blogs.magicjudges.org\/rules\/wp-json\/wp\/v2\/users\/30"}],"replies":[{"embeddable":true,"href":"https:\/\/blogs.magicjudges.org\/rules\/wp-json\/wp\/v2\/comments?post=6076"}],"version-history":[{"count":6,"href":"https:\/\/blogs.magicjudges.org\/rules\/wp-json\/wp\/v2\/pages\/6076\/revisions"}],"predecessor-version":[{"id":7667,"href":"https:\/\/blogs.magicjudges.org\/rules\/wp-json\/wp\/v2\/pages\/6076\/revisions\/7667"}],"wp:attachment":[{"href":"https:\/\/blogs.magicjudges.org\/rules\/wp-json\/wp\/v2\/media?parent=6076"}],"wp:term":[{"taxonomy":"language","embeddable":true,"href":"https:\/\/blogs.magicjudges.org\/rules\/wp-json\/wp\/v2\/language?post=6076"}],"curies":[{"name":"wp","href":"https:\/\/api.w.org\/{rel}","templated":true}]}}