{"id":6077,"date":"2016-01-13T12:44:11","date_gmt":"2016-01-13T09:44:11","guid":{"rendered":"http:\/\/blogs.magicjudges.org\/rules\/?page_id=6077"},"modified":"2018-03-26T21:45:02","modified_gmt":"2018-03-26T18:45:02","slug":"mtr6-4-fr","status":"publish","type":"page","link":"https:\/\/blogs.magicjudges.org\/rules\/mtr6-4-fr\/","title":{"rendered":"MTR 6.4 Decks construits au format Modern"},"content":{"rendered":"<div class=\"alert alert-info\" role=\"alert\"> <em>Les extensions suivantes sont l\u00e9gales en Modern. Vous remarquerez que cette liste mentionne les dates o\u00f9 certaines extensions seront introduites dans le format Modern mais qu&#8217;aucune extension n&#8217;en sort jamais. Cette section est mise \u00e0 jour \u00e0 chaque parution des MTR pour tenir compte des nouvelles extensions.<\/em><br \/>\n<\/div>\n<p style=\"text-align: justify\">Les \u00e9ditions suivantes sont autoris\u00e9es dans les tournois Modern :<\/p>\n<ul class=\"list\">\n<li><em>Eighth Edition<\/em><\/li>\n<li><em>Mirrodin<\/em><\/li>\n<li><em>Darksteel<\/em><\/li>\n<li><em>Fifth Dawn<\/em><\/li>\n<li><em>Champions of Kamigawa<\/em><\/li>\n<li><em>Betrayers of Kamigawa<\/em><\/li>\n<li><em>Saviors of Kamigawa<\/em><\/li>\n<li><em>Ninth Edition<\/em><\/li>\n<li><em>Ravnica: City of Guilds<\/em><\/li>\n<li><em>Guildpact<\/em><\/li>\n<li><em>Dissension<\/em><\/li>\n<li><em>Coldsnap<\/em><\/li>\n<li><em>Time Spiral<\/em><\/li>\n<li><em>Planar Chaos<\/em><\/li>\n<li><em>Future Sight<\/em><\/li>\n<li><em>Tenth Edition<\/em><\/li>\n<li><em>Lorwyn<\/em><\/li>\n<li><em>Morningtide<\/em><\/li>\n<li><em>Shadowmoor<\/em><\/li>\n<li><em>Eventide<\/em><\/li>\n<li><em>Shards of Alara<\/em><\/li>\n<li><em>Conflux<\/em><\/li>\n<li><em>Alara Reborn<\/em><\/li>\n<li><em><strong>Magic<\/strong> 2010 core set<\/em><\/li>\n<li><em>Zendikar<\/em><\/li>\n<li><em>Worldwake<\/em><\/li>\n<li><em>Rise of the Eldrazi<\/em><\/li>\n<li><em><strong>Magic<\/strong> 2011 core set<\/em><\/li>\n<li><em>Scars of Mirrodin<\/em><\/li>\n<li><em>Mirrodin Besieged<\/em><\/li>\n<li><em>New Phyrexia<\/em><\/li>\n<li><em><strong>Magic<\/strong><\/em><\/li>\n<li><em>Huiti\u00e8me \u00e9dition<\/em><\/li>\n<li><em>Mirrodin<\/em><\/li>\n<li><em>Sombracier<\/em><\/li>\n<li><em>Cinqui\u00e8me Aube<\/em><\/li>\n<li><em>Champions de Kamigawa<\/em><\/li>\n<li><em>Tra\u00eetres de Kamigawa<\/em><\/li>\n<li><em>Sauveurs de Kamigawa<\/em><\/li>\n<li><em>Neuvi\u00e8me \u00e9dition<\/em><\/li>\n<li><em>Ravnica: Cit\u00e9 des Guildes<\/em><\/li>\n<li><em>Le Pacte des Guildes<\/em><\/li>\n<li><em>Discorde<\/em><\/li>\n<li><em>Souffle glaciaire<\/em><\/li>\n<li><em>Spirale Temporelle<\/em><\/li>\n<li><em>Chaos Planaire<\/em><\/li>\n<li><em>Vision de l\u2019Avenir<\/em><\/li>\n<li><em>Dixi\u00e8me \u00e9dition<\/em><\/li>\n<li><em>Lorwyn<\/em><\/li>\n<li><em>L\u00e8veciel<\/em><\/li>\n<li><em>Sombrelande<\/em><\/li>\n<li><em>Coucheciel<\/em><\/li>\n<li><em>Les Eclats d\u2019Alara<\/em><\/li>\n<li><em>Conflux<\/em><\/li>\n<li><em>La Renaissance d\u2019Alara<\/em><\/li>\n<li><em>Magic 2010 \u00e9dition de base<\/em><\/li>\n<li><em>Zendikar<\/em><\/li>\n<li><em>Worldwake<\/em><\/li>\n<li><em>L\u2019Ascension des Eldrazi<\/em><\/li>\n<li><em>Magic 2011 \u00e9dition de base<\/em><\/li>\n<li><em>Les cicatrices de Mirrodin<\/em><\/li>\n<li><em>Mirrodin Assi\u00e9g\u00e9 <\/em><\/li>\n<li><em>La Nouvelle Phyrexia<\/em><\/li>\n<li><em>Magic 2012 \u00e9dition de base<\/em><\/li>\n<li><em>Innistrad<\/em><\/li>\n<li><em>Obscure Ascension<\/em><\/li>\n<li><em>Avacyn Ressuscit\u00e9e<\/em><\/li>\n<li><em>Magic 2013 \u00e9dition de base<\/em><\/li>\n<li><em>Retour sur Ravnica<\/em><\/li>\n<li><em>Insurrection<\/em><\/li>\n<li><em>Le Labyrinthe du dragon<\/em><\/li>\n<li><em>Magic 2014 \u00e9dition de base<\/em><\/li>\n<li><em>Theros<\/em><\/li>\n<li><em>Cr\u00e9ations divines<\/em><\/li>\n<li><em>Incursion dans Nyx<\/em><\/li>\n<li><em>Magic 2015 \u00e9dition de base <\/em><\/li>\n<li><em>Les Khans de Tarkir<\/em><\/li>\n<li><em>Destin Reforg\u00e9 <\/em><\/li>\n<li><em>Dragons de Tarkir<\/em><\/li>\n<li><em>Magic Origines<\/em><\/li>\n<li><em>La bataille de Zendikar<\/em><\/li>\n<li><em>Le serment des Sentinelles<\/em><\/li>\n<li><em>T\u00e9n\u00e8bres sur Innistrad<\/em><\/li>\n<li><em>La lune herm\u00e9tique <\/em><\/li>\n<li><em>Kaladesh<\/em><\/li>\n<li><em>La r\u00e9volte \u00e9th\u00e9rique<\/em><\/li>\n<li><em>Amonkhet<\/em><\/li>\n<li><em>L\u2019\u00e2ge de la destruction<\/em><\/li>\n<li>Ixalan<\/li>\n<li>Les combattants d&#8217;Ixalan (\u00e0 partir du 19 janvier 2018)<\/li>\n<li>Dominaria (\u00e0 partir du 27 avril 2018)<\/li>\n<li>Core 2019 (\u00e0 partir du 13 juillet 2018)<\/li>\n<\/ul>\n<p style=\"text-align: justify\">Les cartes suivantes sont bannies des tournois Modern :<\/p>\n<ul class=\"list\">\n<li><a href=\"https:\/\/blogs.magicjudges.org\/rules\/wp-content\/plugins\/lems-mtg-helper\/lems-mtg-helper-cardfinder.php?find=Ancient+Den&width=223&height=310\" class=\"jTip\" name=\"\">Ancient Den<\/a> (Ancienne tani\u00e8re)<\/li>\n<li><a href=\"https:\/\/blogs.magicjudges.org\/rules\/wp-content\/plugins\/lems-mtg-helper\/lems-mtg-helper-cardfinder.php?find=Birthing+Pod&width=223&height=310\" class=\"jTip\" name=\"\">Birthing Pod<\/a> (Cosse de gestation)<\/li>\n<li><a href=\"https:\/\/blogs.magicjudges.org\/rules\/wp-content\/plugins\/lems-mtg-helper\/lems-mtg-helper-cardfinder.php?find=Blazing+Shoal&width=223&height=310\" class=\"jTip\" name=\"\">Blazing Shoal<\/a> (Banc br\u00fblant)<\/li>\n<li><a href=\"https:\/\/blogs.magicjudges.org\/rules\/wp-content\/plugins\/lems-mtg-helper\/lems-mtg-helper-cardfinder.php?find=Chrome+Mox&width=223&height=310\" class=\"jTip\" name=\"\">Chrome Mox<\/a> (Mox de chrome)<\/li>\n<li><a href=\"https:\/\/blogs.magicjudges.org\/rules\/wp-content\/plugins\/lems-mtg-helper\/lems-mtg-helper-cardfinder.php?find=Cloudpost&width=223&height=310\" class=\"jTip\" name=\"\">Cloudpost<\/a> (Guet des nuages)<\/li>\n<li><a href=\"https:\/\/blogs.magicjudges.org\/rules\/wp-content\/plugins\/lems-mtg-helper\/lems-mtg-helper-cardfinder.php?find=Dark+Depths&width=223&height=310\" class=\"jTip\" name=\"\">Dark Depths<\/a> (Profondeurs obscures)<\/li>\n<li><a href=\"https:\/\/blogs.magicjudges.org\/rules\/wp-content\/plugins\/lems-mtg-helper\/lems-mtg-helper-cardfinder.php?find=Deathrite+Shaman&width=223&height=310\" class=\"jTip\" name=\"\">Deathrite Shaman<\/a> (Shamane ritemort)<\/li>\n<li><a href=\"https:\/\/blogs.magicjudges.org\/rules\/wp-content\/plugins\/lems-mtg-helper\/lems-mtg-helper-cardfinder.php?find=Dig+Through+Time&width=223&height=310\" class=\"jTip\" name=\"\">Dig Through Time<\/a> (Fouille temporelle)<\/li>\n<li><a href=\"https:\/\/blogs.magicjudges.org\/rules\/wp-content\/plugins\/lems-mtg-helper\/lems-mtg-helper-cardfinder.php?find=Dread+Return&width=223&height=310\" class=\"jTip\" name=\"\">Dread Return<\/a> (Retour de l\u2019effroi)<\/li>\n<li><a href=\"https:\/\/blogs.magicjudges.org\/rules\/wp-content\/plugins\/lems-mtg-helper\/lems-mtg-helper-cardfinder.php?find=Eye+of+Ugin&width=223&height=310\" class=\"jTip\" name=\"\">Eye of Ugin<\/a> (\u0152il d&#8217;Ugin)<\/li>\n<li><a href=\"https:\/\/blogs.magicjudges.org\/rules\/wp-content\/plugins\/lems-mtg-helper\/lems-mtg-helper-cardfinder.php?find=Gitaxian+Probe&width=223&height=310\" class=\"jTip\" name=\"\">Gitaxian Probe<\/a> (Sonde gitaxienne)<\/li>\n<li><a href=\"https:\/\/blogs.magicjudges.org\/rules\/wp-content\/plugins\/lems-mtg-helper\/lems-mtg-helper-cardfinder.php?find=Glimpse+of+Nature&width=223&height=310\" class=\"jTip\" name=\"\">Glimpse of Nature<\/a> (Aper\u00e7u de la nature)<\/li>\n<li><a href=\"https:\/\/blogs.magicjudges.org\/rules\/wp-content\/plugins\/lems-mtg-helper\/lems-mtg-helper-cardfinder.php?find=Golgari+Grave-Troll&width=223&height=310\" class=\"jTip\" name=\"\">Golgari Grave-Troll<\/a> (Troll des tombes golgari)<\/li>\n<li><a href=\"https:\/\/blogs.magicjudges.org\/rules\/wp-content\/plugins\/lems-mtg-helper\/lems-mtg-helper-cardfinder.php?find=Great+Furnace&width=223&height=310\" class=\"jTip\" name=\"\">Great Furnace<\/a> (Grand Fourneau)<\/li>\n<li><a href=\"https:\/\/blogs.magicjudges.org\/rules\/wp-content\/plugins\/lems-mtg-helper\/lems-mtg-helper-cardfinder.php?find=Green+Sun%E2%80%99s+Zenith&width=223&height=310\" class=\"jTip\" name=\"\">Green Sun\u2019s Zenith<\/a> (Z\u00e9nith de Vertsoleil)<\/li>\n<li><a href=\"https:\/\/blogs.magicjudges.org\/rules\/wp-content\/plugins\/lems-mtg-helper\/lems-mtg-helper-cardfinder.php?find=Hypergenesis&width=223&height=310\" class=\"jTip\" name=\"\">Hypergenesis<\/a> (Hypergen\u00e8se)<\/li>\n<li><a href=\"https:\/\/blogs.magicjudges.org\/rules\/wp-content\/plugins\/lems-mtg-helper\/lems-mtg-helper-cardfinder.php?find=Mental+Misstep&width=223&height=310\" class=\"jTip\" name=\"\">Mental Misstep<\/a> (Faux-pas mental)<\/li>\n<li><a href=\"https:\/\/blogs.magicjudges.org\/rules\/wp-content\/plugins\/lems-mtg-helper\/lems-mtg-helper-cardfinder.php?find=Ponder&width=223&height=310\" class=\"jTip\" name=\"\">Ponder<\/a> (Contemplation)<\/li>\n<li><a href=\"https:\/\/blogs.magicjudges.org\/rules\/wp-content\/plugins\/lems-mtg-helper\/lems-mtg-helper-cardfinder.php?find=Preordain&width=223&height=310\" class=\"jTip\" name=\"\">Preordain<\/a> (Pr\u00e9destination)<\/li>\n<li><a href=\"https:\/\/blogs.magicjudges.org\/rules\/wp-content\/plugins\/lems-mtg-helper\/lems-mtg-helper-cardfinder.php?find=Punishing+Fire&width=223&height=310\" class=\"jTip\" name=\"\">Punishing Fire<\/a> (Feu punitif)<\/li>\n<li><a href=\"https:\/\/blogs.magicjudges.org\/rules\/wp-content\/plugins\/lems-mtg-helper\/lems-mtg-helper-cardfinder.php?find=Rite+of+Flame&width=223&height=310\" class=\"jTip\" name=\"\">Rite of Flame<\/a> (Rite de flammes)<\/li>\n<li><a href=\"https:\/\/blogs.magicjudges.org\/rules\/wp-content\/plugins\/lems-mtg-helper\/lems-mtg-helper-cardfinder.php?find=Seat+of+the+Synod&width=223&height=310\" class=\"jTip\" name=\"\">Seat of the Synod<\/a> (Si\u00e8ge du Synode)<\/li>\n<li><a href=\"https:\/\/blogs.magicjudges.org\/rules\/wp-content\/plugins\/lems-mtg-helper\/lems-mtg-helper-cardfinder.php?find=Second+Sunrise&width=223&height=310\" class=\"jTip\" name=\"\">Second Sunrise<\/a> (Deuxi\u00e8me Aurore)<\/li>\n<li><a href=\"https:\/\/blogs.magicjudges.org\/rules\/wp-content\/plugins\/lems-mtg-helper\/lems-mtg-helper-cardfinder.php?find=Seething+Song&width=223&height=310\" class=\"jTip\" name=\"\">Seething Song<\/a> (Chant bouillonnant)<\/li>\n<li><a href=\"https:\/\/blogs.magicjudges.org\/rules\/wp-content\/plugins\/lems-mtg-helper\/lems-mtg-helper-cardfinder.php?find=Sensei%E2%80%99s+Divining+Top&width=223&height=310\" class=\"jTip\" name=\"\">Sensei\u2019s Divining Top<\/a> (Toupie de divination du sensei)<\/li>\n<li><a href=\"https:\/\/blogs.magicjudges.org\/rules\/wp-content\/plugins\/lems-mtg-helper\/lems-mtg-helper-cardfinder.php?find=Skullclamp&width=223&height=310\" class=\"jTip\" name=\"\">Skullclamp<\/a> (Pincecr\u00e2ne)<\/li>\n<li><a href=\"https:\/\/blogs.magicjudges.org\/rules\/wp-content\/plugins\/lems-mtg-helper\/lems-mtg-helper-cardfinder.php?find=Splinter+Twin&width=223&height=310\" class=\"jTip\" name=\"\">Splinter Twin<\/a> (Jumeau par scission)<\/li>\n<li><a href=\"https:\/\/blogs.magicjudges.org\/rules\/wp-content\/plugins\/lems-mtg-helper\/lems-mtg-helper-cardfinder.php?find=Stoneforge+Mystic&width=223&height=310\" class=\"jTip\" name=\"\">Stoneforge Mystic<\/a> (Mystique forgepierre)<\/li>\n<li><a href=\"https:\/\/blogs.magicjudges.org\/rules\/wp-content\/plugins\/lems-mtg-helper\/lems-mtg-helper-cardfinder.php?find=Summer+Bloom&width=223&height=310\" class=\"jTip\" name=\"\">Summer Bloom<\/a> (Floraison estivale)<\/li>\n<li><a href=\"https:\/\/blogs.magicjudges.org\/rules\/wp-content\/plugins\/lems-mtg-helper\/lems-mtg-helper-cardfinder.php?find=Treasure+Cruise&width=223&height=310\" class=\"jTip\" name=\"\">Treasure Cruise<\/a> (Fortune des mers)<\/li>\n<li><a href=\"https:\/\/blogs.magicjudges.org\/rules\/wp-content\/plugins\/lems-mtg-helper\/lems-mtg-helper-cardfinder.php?find=Tree+of+Tales&width=223&height=310\" class=\"jTip\" name=\"\">Tree of Tales<\/a> (Arbre des R\u00e9cits)<\/li>\n<li><a href=\"https:\/\/blogs.magicjudges.org\/rules\/wp-content\/plugins\/lems-mtg-helper\/lems-mtg-helper-cardfinder.php?find=Umezawa%E2%80%99s+Jitte&width=223&height=310\" class=\"jTip\" name=\"\">Umezawa\u2019s Jitte<\/a> (Jitte d\u2019Umezawa)<\/li>\n<li><a href=\"https:\/\/blogs.magicjudges.org\/rules\/wp-content\/plugins\/lems-mtg-helper\/lems-mtg-helper-cardfinder.php?find=Vault+of+Whispers&width=223&height=310\" class=\"jTip\" name=\"\">Vault of Whispers<\/a> (Caveau des chuchotements)<\/li>\n<\/ul>\n","protected":false},"excerpt":{"rendered":"<p>Les \u00e9ditions suivantes sont autoris\u00e9es dans les tournois Modern : Eighth Edition Mirrodin Darksteel Fifth Dawn Champions of Kamigawa Betrayers of Kamigawa Saviors of Kamigawa Ninth Edition Ravnica: City of Guilds Guildpact Dissension Coldsnap Time Spiral Planar Chaos Future Sight Tenth Edition Lorwyn Morningtide Shadowmoor Eventide Shards of Alara Conflux Alara Reborn Magic 2010 core [&hellip;]<\/p>\n","protected":false},"author":30,"featured_media":0,"parent":0,"menu_order":0,"comment_status":"closed","ping_status":"closed","template":"page_width-index.php","meta":{"footnotes":"","_links_to":"","_links_to_target":""},"language":[9],"class_list":["post-6077","page","type-page","status-publish","hentry","language-fr"],"_links":{"self":[{"href":"https:\/\/blogs.magicjudges.org\/rules\/wp-json\/wp\/v2\/pages\/6077","targetHints":{"allow":["GET"]}}],"collection":[{"href":"https:\/\/blogs.magicjudges.org\/rules\/wp-json\/wp\/v2\/pages"}],"about":[{"href":"https:\/\/blogs.magicjudges.org\/rules\/wp-json\/wp\/v2\/types\/page"}],"author":[{"embeddable":true,"href":"https:\/\/blogs.magicjudges.org\/rules\/wp-json\/wp\/v2\/users\/30"}],"replies":[{"embeddable":true,"href":"https:\/\/blogs.magicjudges.org\/rules\/wp-json\/wp\/v2\/comments?post=6077"}],"version-history":[{"count":4,"href":"https:\/\/blogs.magicjudges.org\/rules\/wp-json\/wp\/v2\/pages\/6077\/revisions"}],"predecessor-version":[{"id":7668,"href":"https:\/\/blogs.magicjudges.org\/rules\/wp-json\/wp\/v2\/pages\/6077\/revisions\/7668"}],"wp:attachment":[{"href":"https:\/\/blogs.magicjudges.org\/rules\/wp-json\/wp\/v2\/media?parent=6077"}],"wp:term":[{"taxonomy":"language","embeddable":true,"href":"https:\/\/blogs.magicjudges.org\/rules\/wp-json\/wp\/v2\/language?post=6077"}],"curies":[{"name":"wp","href":"https:\/\/api.w.org\/{rel}","templated":true}]}}