{"id":6078,"date":"2016-01-13T12:44:17","date_gmt":"2016-01-13T09:44:17","guid":{"rendered":"http:\/\/blogs.magicjudges.org\/rules\/?page_id=6078"},"modified":"2017-12-08T14:37:23","modified_gmt":"2017-12-08T11:37:23","slug":"mtr6-5-fr","status":"publish","type":"page","link":"https:\/\/blogs.magicjudges.org\/rules\/mtr6-5-fr\/","title":{"rendered":"MTR 6.5 Decks construits au format Vintage"},"content":{"rendered":"<p style=\"text-align: justify\">Un deck au format Vintage peut contenir des cartes provenant de toutes les extensions de <strong>Magic<\/strong>, ainsi que les cartes suivantes : <a href=\"https:\/\/blogs.magicjudges.org\/rules\/wp-content\/plugins\/lems-mtg-helper\/lems-mtg-helper-cardfinder.php?find=Sewers+of+Estark&width=223&height=310\" class=\"jTip\" name=\"\">Sewers of Estark<\/a>, <a href=\"https:\/\/blogs.magicjudges.org\/rules\/wp-content\/plugins\/lems-mtg-helper\/lems-mtg-helper-cardfinder.php?find=Windseeker+Centaur&width=223&height=310\" class=\"jTip\" name=\"\">Windseeker Centaur<\/a> et <a href=\"https:\/\/blogs.magicjudges.org\/rules\/wp-content\/plugins\/lems-mtg-helper\/lems-mtg-helper-cardfinder.php?find=Nalathni+Dragon&width=223&height=310\" class=\"jTip\" name=\"\">Nalathni Dragon<\/a>.<\/p>\n<p style=\"text-align: justify;margin-bottom: 0px\">Les cartes provenant d\u2019extensions et \u00e9ditions sp\u00e9ciales (comme From the Vault, Magic: The Gathering &#8211; Commander, Duel Decks, Conspiracy, etc.) sont l\u00e9gales en Vintage le jour de la sortie de l\u2019extension ou de l\u2019\u00e9dition sp\u00e9ciale.<\/p>\n<div class=\"alert alert-info\" role=\"alert\"> Les cartes n&#8217;ont pas besoin d&#8217;\u00eatre publi\u00e9es dans une \u00e9dition normale pour \u00eatre l\u00e9gales en Vintage. Chaque fois qu&#8217;une carte est imprim\u00e9e, quel que soit l&#8217;\u00e9dition, elle est l\u00e9gale d\u00e8s la sortie de cette \u00e9dition. Notez que les cartes re\u00e7ues aux Avant-premi\u00e8res ne sont l\u00e9gale qu&#8217;\u00e0 la date de sortie, et non d\u00e8s l&#8217;Avant-premi\u00e8re.<\/p>\n<p>Ces cartes sont bannies en Vintage. Il est donc interdit de jouer ces cartes en tournoi Vintage. En r\u00e8gle g\u00e9n\u00e9rale, ces cartes appartiennent \u00e0 trois cat\u00e9gories : cartes faisant r\u00e9f\u00e9rence \u00e0 la zone de mise, cartes demandant une manipulation physique, et les Conspiracy<\/div>\n<p style=\"text-align: justify\">The following cards are banned in Vintage tournaments:<\/p>\n<ul class=\"list\">\n<li>Toutes les cartes avec le type \u00ab\u00a0Conspiracy\u00a0\u00bb (25 cartes)<\/li>\n<li>Toutes les cartes faisant r\u00e9f\u00e9rence \u00ab\u00a0aux cartes de mise\u00a0\u00bb (9 cartes)<\/li>\n<li><a href=\"https:\/\/blogs.magicjudges.org\/rules\/wp-content\/plugins\/lems-mtg-helper\/lems-mtg-helper-cardfinder.php?find=Chaos+Orb&width=223&height=310\" class=\"jTip\" name=\"\">Chaos Orb<\/a><\/li>\n<li><a href=\"https:\/\/blogs.magicjudges.org\/rules\/wp-content\/plugins\/lems-mtg-helper\/lems-mtg-helper-cardfinder.php?find=Falling+Star&width=223&height=310\" class=\"jTip\" name=\"\">Falling Star<\/a><\/li>\n<li><a href=\"https:\/\/blogs.magicjudges.org\/rules\/wp-content\/plugins\/lems-mtg-helper\/lems-mtg-helper-cardfinder.php?find=Shahrazad&width=223&height=310\" class=\"jTip\" name=\"\">Shahrazad<\/a><\/li>\n<\/ul>\n<p style=\"text-align: justify\">Les cartes suivantes sont limit\u00e9es dans les tournois Vintage :<\/p>\n<ul class=\"list\" style=\"margin-bottom: 0px\">\n<li><a href=\"https:\/\/blogs.magicjudges.org\/rules\/wp-content\/plugins\/lems-mtg-helper\/lems-mtg-helper-cardfinder.php?find=Ancestral+Recall&width=223&height=310\" class=\"jTip\" name=\"\">Ancestral Recall<\/a><\/li>\n<li><a href=\"https:\/\/blogs.magicjudges.org\/rules\/wp-content\/plugins\/lems-mtg-helper\/lems-mtg-helper-cardfinder.php?find=Balance&width=223&height=310\" class=\"jTip\" name=\"\">Balance<\/a> (Balance)<\/li>\n<li><a href=\"https:\/\/blogs.magicjudges.org\/rules\/wp-content\/plugins\/lems-mtg-helper\/lems-mtg-helper-cardfinder.php?find=Black+Lotus&width=223&height=310\" class=\"jTip\" name=\"\">Black Lotus<\/a><\/li>\n<li><a href=\"https:\/\/blogs.magicjudges.org\/rules\/wp-content\/plugins\/lems-mtg-helper\/lems-mtg-helper-cardfinder.php?find=Brainstorm&width=223&height=310\" class=\"jTip\" name=\"\">Brainstorm<\/a> (Remue-m\u00e9ninges)<\/li>\n<li><a href=\"https:\/\/blogs.magicjudges.org\/rules\/wp-content\/plugins\/lems-mtg-helper\/lems-mtg-helper-cardfinder.php?find=Chalice+of+the+Void&width=223&height=310\" class=\"jTip\" name=\"\">Chalice of the Void<\/a> (Calice du vide)<\/li>\n<li><a href=\"https:\/\/blogs.magicjudges.org\/rules\/wp-content\/plugins\/lems-mtg-helper\/lems-mtg-helper-cardfinder.php?find=Channel&width=223&height=310\" class=\"jTip\" name=\"\">Channel<\/a> (Transfert)<\/li>\n<li><a href=\"https:\/\/blogs.magicjudges.org\/rules\/wp-content\/plugins\/lems-mtg-helper\/lems-mtg-helper-cardfinder.php?find=Demonic+Consultation&width=223&height=310\" class=\"jTip\" name=\"\">Demonic Consultation<\/a> (Consultation d\u00e9moniaque)<\/li>\n<li><a href=\"https:\/\/blogs.magicjudges.org\/rules\/wp-content\/plugins\/lems-mtg-helper\/lems-mtg-helper-cardfinder.php?find=Demonic+Tutor&width=223&height=310\" class=\"jTip\" name=\"\">Demonic Tutor<\/a> (Pr\u00e9cepteur diabolique)<\/li>\n<li><a href=\"https:\/\/blogs.magicjudges.org\/rules\/wp-content\/plugins\/lems-mtg-helper\/lems-mtg-helper-cardfinder.php?find=Dig+Through+Time&width=223&height=310\" class=\"jTip\" name=\"\">Dig Through Time<\/a> (Fouille temporelle)<\/li>\n<li><a href=\"https:\/\/blogs.magicjudges.org\/rules\/wp-content\/plugins\/lems-mtg-helper\/lems-mtg-helper-cardfinder.php?find=Fastbond&width=223&height=310\" class=\"jTip\" name=\"\">Fastbond<\/a> (Encha\u00eenements)<\/li>\n<li><a href=\"https:\/\/blogs.magicjudges.org\/rules\/wp-content\/plugins\/lems-mtg-helper\/lems-mtg-helper-cardfinder.php?find=Flash&width=223&height=310\" class=\"jTip\" name=\"\">Flash<\/a> (Flash)<\/li>\n<li><a href=\"https:\/\/blogs.magicjudges.org\/rules\/wp-content\/plugins\/lems-mtg-helper\/lems-mtg-helper-cardfinder.php?find=Gitaxian+Probe&width=223&height=310\" class=\"jTip\" name=\"\">Gitaxian Probe<\/a> (Sonde Gitaxienne)<\/li>\n<li><a href=\"https:\/\/blogs.magicjudges.org\/rules\/wp-content\/plugins\/lems-mtg-helper\/lems-mtg-helper-cardfinder.php?find=Gush&width=223&height=310\" class=\"jTip\" name=\"\">Gush<\/a> (Flot soudain)<\/li>\n<li><a href=\"https:\/\/blogs.magicjudges.org\/rules\/wp-content\/plugins\/lems-mtg-helper\/lems-mtg-helper-cardfinder.php?find=Imperial+Seal&width=223&height=310\" class=\"jTip\" name=\"\">Imperial Seal<\/a><\/li>\n<li><a href=\"https:\/\/blogs.magicjudges.org\/rules\/wp-content\/plugins\/lems-mtg-helper\/lems-mtg-helper-cardfinder.php?find=Library+of+Alexandria&width=223&height=310\" class=\"jTip\" name=\"\">Library of Alexandria<\/a><\/li>\n<li><a href=\"https:\/\/blogs.magicjudges.org\/rules\/wp-content\/plugins\/lems-mtg-helper\/lems-mtg-helper-cardfinder.php?find=Lion%26%238217%3Bs+Eye+Diamond&width=223&height=310\" class=\"jTip\" name=\"\">Lion&#8217;s Eye Diamond<\/a> (Diamant de l&#8217;oeil du lion)<\/li>\n<li><a href=\"https:\/\/blogs.magicjudges.org\/rules\/wp-content\/plugins\/lems-mtg-helper\/lems-mtg-helper-cardfinder.php?find=Lodestone+Golem&width=223&height=310\" class=\"jTip\" name=\"\">Lodestone Golem<\/a> (Golem de magn\u00e9tite)<\/li>\n<li><a href=\"https:\/\/blogs.magicjudges.org\/rules\/wp-content\/plugins\/lems-mtg-helper\/lems-mtg-helper-cardfinder.php?find=Lotus+Petal&width=223&height=310\" class=\"jTip\" name=\"\">Lotus Petal<\/a> (P\u00e9tale de lotus)<\/li>\n<li><a href=\"https:\/\/blogs.magicjudges.org\/rules\/wp-content\/plugins\/lems-mtg-helper\/lems-mtg-helper-cardfinder.php?find=Mana+Crypt&width=223&height=310\" class=\"jTip\" name=\"\">Mana Crypt<\/a> (Crypte de mana)<\/li>\n<li><a href=\"https:\/\/blogs.magicjudges.org\/rules\/wp-content\/plugins\/lems-mtg-helper\/lems-mtg-helper-cardfinder.php?find=Mana+Vault&width=223&height=310\" class=\"jTip\" name=\"\">Mana Vault<\/a> (Arche de mana)<\/li>\n<li><a href=\"https:\/\/blogs.magicjudges.org\/rules\/wp-content\/plugins\/lems-mtg-helper\/lems-mtg-helper-cardfinder.php?find=Memory+Jar&width=223&height=310\" class=\"jTip\" name=\"\">Memory Jar<\/a> (Jarre-m\u00e9moire)<\/li>\n<li><a href=\"https:\/\/blogs.magicjudges.org\/rules\/wp-content\/plugins\/lems-mtg-helper\/lems-mtg-helper-cardfinder.php?find=Merchant+Scroll&width=223&height=310\" class=\"jTip\" name=\"\">Merchant Scroll<\/a> (Parchemin du marchand)<\/li>\n<li><a href=\"https:\/\/blogs.magicjudges.org\/rules\/wp-content\/plugins\/lems-mtg-helper\/lems-mtg-helper-cardfinder.php?find=Mind%26%238217%3Bs+Desire&width=223&height=310\" class=\"jTip\" name=\"\">Mind&#8217;s Desire<\/a> (\u00c0 mon seul d\u00e9sir)<\/li>\n<li><a href=\"https:\/\/blogs.magicjudges.org\/rules\/wp-content\/plugins\/lems-mtg-helper\/lems-mtg-helper-cardfinder.php?find=Monastery+Mentor&width=223&height=310\" class=\"jTip\" name=\"\">Monastery Mentor<\/a> (Mentor du monast\u00e8re)<\/li>\n<li><a href=\"https:\/\/blogs.magicjudges.org\/rules\/wp-content\/plugins\/lems-mtg-helper\/lems-mtg-helper-cardfinder.php?find=Mox+Emerald&width=223&height=310\" class=\"jTip\" name=\"\">Mox Emerald<\/a><\/li>\n<li><a href=\"https:\/\/blogs.magicjudges.org\/rules\/wp-content\/plugins\/lems-mtg-helper\/lems-mtg-helper-cardfinder.php?find=Mox+Jet&width=223&height=310\" class=\"jTip\" name=\"\">Mox Jet<\/a><\/li>\n<li><a href=\"https:\/\/blogs.magicjudges.org\/rules\/wp-content\/plugins\/lems-mtg-helper\/lems-mtg-helper-cardfinder.php?find=Mox+Pearl&width=223&height=310\" class=\"jTip\" name=\"\">Mox Pearl<\/a><\/li>\n<li><a href=\"https:\/\/blogs.magicjudges.org\/rules\/wp-content\/plugins\/lems-mtg-helper\/lems-mtg-helper-cardfinder.php?find=Mox+Ruby&width=223&height=310\" class=\"jTip\" name=\"\">Mox Ruby<\/a><\/li>\n<li><a href=\"https:\/\/blogs.magicjudges.org\/rules\/wp-content\/plugins\/lems-mtg-helper\/lems-mtg-helper-cardfinder.php?find=Mox+Sapphire&width=223&height=310\" class=\"jTip\" name=\"\">Mox Sapphire<\/a><\/li>\n<li><a href=\"https:\/\/blogs.magicjudges.org\/rules\/wp-content\/plugins\/lems-mtg-helper\/lems-mtg-helper-cardfinder.php?find=Mystical+Tutor&width=223&height=310\" class=\"jTip\" name=\"\">Mystical Tutor<\/a> (Pr\u00e9ceptrice mystique)<\/li>\n<li><a href=\"https:\/\/blogs.magicjudges.org\/rules\/wp-content\/plugins\/lems-mtg-helper\/lems-mtg-helper-cardfinder.php?find=Necropotence&width=223&height=310\" class=\"jTip\" name=\"\">Necropotence<\/a> (N\u00e9cropuissance)<\/li>\n<li><a href=\"https:\/\/blogs.magicjudges.org\/rules\/wp-content\/plugins\/lems-mtg-helper\/lems-mtg-helper-cardfinder.php?find=Ponder&width=223&height=310\" class=\"jTip\" name=\"\">Ponder<\/a> (Contemplation)<\/li>\n<li><a href=\"https:\/\/blogs.magicjudges.org\/rules\/wp-content\/plugins\/lems-mtg-helper\/lems-mtg-helper-cardfinder.php?find=Sol+Ring&width=223&height=310\" class=\"jTip\" name=\"\">Sol Ring<\/a> (Anneau solaire)<\/li>\n<li><a href=\"https:\/\/blogs.magicjudges.org\/rules\/wp-content\/plugins\/lems-mtg-helper\/lems-mtg-helper-cardfinder.php?find=Strip+Mine&width=223&height=310\" class=\"jTip\" name=\"\">Strip Mine<\/a> (Mine des morts-terrains)<\/li>\n<li><a href=\"https:\/\/blogs.magicjudges.org\/rules\/wp-content\/plugins\/lems-mtg-helper\/lems-mtg-helper-cardfinder.php?find=Thorn+of+Amethyst&width=223&height=310\" class=\"jTip\" name=\"\">Thorn of Amethyst<\/a> (\u00c9clat d&#8217;am\u00e9thyste)<\/li>\n<li><a href=\"https:\/\/blogs.magicjudges.org\/rules\/wp-content\/plugins\/lems-mtg-helper\/lems-mtg-helper-cardfinder.php?find=Time+Vault&width=223&height=310\" class=\"jTip\" name=\"\">Time Vault<\/a><\/li>\n<li><a href=\"https:\/\/blogs.magicjudges.org\/rules\/wp-content\/plugins\/lems-mtg-helper\/lems-mtg-helper-cardfinder.php?find=Time+Walk&width=223&height=310\" class=\"jTip\" name=\"\">Time Walk<\/a><\/li>\n<li><a href=\"https:\/\/blogs.magicjudges.org\/rules\/wp-content\/plugins\/lems-mtg-helper\/lems-mtg-helper-cardfinder.php?find=Timetwister&width=223&height=310\" class=\"jTip\" name=\"\">Timetwister<\/a><\/li>\n<li><a href=\"https:\/\/blogs.magicjudges.org\/rules\/wp-content\/plugins\/lems-mtg-helper\/lems-mtg-helper-cardfinder.php?find=Tinker&width=223&height=310\" class=\"jTip\" name=\"\">Tinker<\/a> (Bricolage)<\/li>\n<li><a href=\"https:\/\/blogs.magicjudges.org\/rules\/wp-content\/plugins\/lems-mtg-helper\/lems-mtg-helper-cardfinder.php?find=Tolarian+Academy&width=223&height=310\" class=\"jTip\" name=\"\">Tolarian Academy<\/a> (Acad\u00e9mie tolariane)<\/li>\n<li><a href=\"https:\/\/blogs.magicjudges.org\/rules\/wp-content\/plugins\/lems-mtg-helper\/lems-mtg-helper-cardfinder.php?find=Treasure+Cruise&width=223&height=310\" class=\"jTip\" name=\"\">Treasure Cruise<\/a> (Fortune des mers)<\/li>\n<li><a href=\"https:\/\/blogs.magicjudges.org\/rules\/wp-content\/plugins\/lems-mtg-helper\/lems-mtg-helper-cardfinder.php?find=Trinisphere&width=223&height=310\" class=\"jTip\" name=\"\">Trinisphere<\/a> (Trinisph\u00e8re)<\/li>\n<li><a href=\"https:\/\/blogs.magicjudges.org\/rules\/wp-content\/plugins\/lems-mtg-helper\/lems-mtg-helper-cardfinder.php?find=Vampiric+Tutor&width=223&height=310\" class=\"jTip\" name=\"\">Vampiric Tutor<\/a> (Pr\u00e9cepteur vampirique)<\/li>\n<li><a href=\"https:\/\/blogs.magicjudges.org\/rules\/wp-content\/plugins\/lems-mtg-helper\/lems-mtg-helper-cardfinder.php?find=Wheel+of+Fortune&width=223&height=310\" class=\"jTip\" name=\"\">Wheel of Fortune<\/a> (Roue de la fortune)<\/li>\n<li><a href=\"https:\/\/blogs.magicjudges.org\/rules\/wp-content\/plugins\/lems-mtg-helper\/lems-mtg-helper-cardfinder.php?find=Windfall&width=223&height=310\" class=\"jTip\" name=\"\">Windfall<\/a> (Aubaine)<\/li>\n<li><a href=\"https:\/\/blogs.magicjudges.org\/rules\/wp-content\/plugins\/lems-mtg-helper\/lems-mtg-helper-cardfinder.php?find=Yawgmoth%26%238217%3Bs+Will&width=223&height=310\" class=\"jTip\" name=\"\">Yawgmoth&#8217;s Will<\/a> (Volont\u00e9 de Yaugzebul)<\/li>\n<\/ul>\n<div class=\"alert alert-info\" role=\"alert\"> C&#8217;est la seule liste de carte limit\u00e9es dans <strong>Magic<\/strong>. Ces cartes sont g\u00e9n\u00e9ralement les plus puissantes autoris\u00e9e en Vintage, et les joueurs ne peuvent donc en jouer qu&#8217;un seul exemplaire dans leur deck et r\u00e9serve cumul\u00e9s)<em>.<\/em><br \/>\n<\/div>\n","protected":false},"excerpt":{"rendered":"<p>Un deck au format Vintage peut contenir des cartes provenant de toutes les extensions de Magic, ainsi que les cartes suivantes : , et . Les cartes provenant d\u2019extensions et \u00e9ditions sp\u00e9ciales (comme From the Vault, Magic: The Gathering &#8211; Commander, Duel Decks, Conspiracy, etc.) sont l\u00e9gales en Vintage le jour de la sortie de [&hellip;]<\/p>\n","protected":false},"author":30,"featured_media":0,"parent":0,"menu_order":0,"comment_status":"closed","ping_status":"closed","template":"page_width-index.php","meta":{"footnotes":"","_links_to":"","_links_to_target":""},"language":[9],"class_list":["post-6078","page","type-page","status-publish","hentry","language-fr"],"_links":{"self":[{"href":"https:\/\/blogs.magicjudges.org\/rules\/wp-json\/wp\/v2\/pages\/6078","targetHints":{"allow":["GET"]}}],"collection":[{"href":"https:\/\/blogs.magicjudges.org\/rules\/wp-json\/wp\/v2\/pages"}],"about":[{"href":"https:\/\/blogs.magicjudges.org\/rules\/wp-json\/wp\/v2\/types\/page"}],"author":[{"embeddable":true,"href":"https:\/\/blogs.magicjudges.org\/rules\/wp-json\/wp\/v2\/users\/30"}],"replies":[{"embeddable":true,"href":"https:\/\/blogs.magicjudges.org\/rules\/wp-json\/wp\/v2\/comments?post=6078"}],"version-history":[{"count":3,"href":"https:\/\/blogs.magicjudges.org\/rules\/wp-json\/wp\/v2\/pages\/6078\/revisions"}],"predecessor-version":[{"id":7179,"href":"https:\/\/blogs.magicjudges.org\/rules\/wp-json\/wp\/v2\/pages\/6078\/revisions\/7179"}],"wp:attachment":[{"href":"https:\/\/blogs.magicjudges.org\/rules\/wp-json\/wp\/v2\/media?parent=6078"}],"wp:term":[{"taxonomy":"language","embeddable":true,"href":"https:\/\/blogs.magicjudges.org\/rules\/wp-json\/wp\/v2\/language?post=6078"}],"curies":[{"name":"wp","href":"https:\/\/api.w.org\/{rel}","templated":true}]}}