{"id":6079,"date":"2016-01-13T12:44:21","date_gmt":"2016-01-13T09:44:21","guid":{"rendered":"http:\/\/blogs.magicjudges.org\/rules\/?page_id=6079"},"modified":"2019-01-22T19:26:16","modified_gmt":"2019-01-22T16:26:16","slug":"mtr6-6-fr","status":"publish","type":"page","link":"https:\/\/blogs.magicjudges.org\/rules\/mtr6-6-fr\/","title":{"rendered":"MTR 6.6 Legacy Format Deck Construction"},"content":{"rendered":"<p style=\"text-align: justify\">Les decks au format Legacy peuvent contenir des cartes provenant de toutes les extensions de <strong>Magic<\/strong>, ainsi que les cartes suivantes : Sewers of Estark, Windseeker Centaur et Nalathni Dragon.<\/p>\n<p style=\"text-align: justify;margin-bottom: 0px\">Les cartes provenant d\u2019extensions et \u00e9ditions sp\u00e9ciales (comme From the Vault, <strong>Magic: The Gathering<\/strong> &#8211; Commander, Duel Decks, Conspiracy, etc.) sont l\u00e9gales en Legacy le jour de la sortie de l\u2019extension ou de l\u2019\u00e9dition sp\u00e9ciale.<\/p>\n<div class=\"alert alert-info\" role=\"alert\"> <em>Il n\u2019est pas obligatoire qu\u2019une carte soit \u00e9dit\u00e9e dans une extension normale pour qu\u2019elle soit l\u00e9gale en Legacy. Chaque fois qu\u2019une carte est imprim\u00e9e dans n\u2019importe quelle extension, elle devient l\u00e9gale d\u00e8s le jour de mise en vente de cette extension. Remarquez que cela ne concerne pas les cartes obtenues lors de l\u2019avant-premi\u00e8re d\u2019une extension : celles-l\u00e0 deviennent l\u00e9gales le jour de mise en vente de cette extension.<br \/>\n<\/em><\/div>\n<p style=\"text-align: justify\">Les cartes suivantes sont interdites dans les tournois au format Legacy :<\/p>\n<ul class=\"list\">\n<li>Toutes les cartes avec le type \u00ab\u00a0Conspiracy\u00a0\u00bb (25 cartes)<\/li>\n<li>Toutes les cartes faisant r\u00e9f\u00e9rence \u00ab\u00a0aux cartes de mise\u00a0\u00bb (9 cartes)<\/li>\n<li><a href=\"https:\/\/blogs.magicjudges.org\/rules\/wp-content\/plugins\/lems-mtg-helper\/lems-mtg-helper-cardfinder.php?find=Ancestral+Recall&width=223&height=310\" class=\"jTip\" name=\"\">Ancestral Recall<\/a><\/li>\n<li><a href=\"https:\/\/blogs.magicjudges.org\/rules\/wp-content\/plugins\/lems-mtg-helper\/lems-mtg-helper-cardfinder.php?find=Balance&width=223&height=310\" class=\"jTip\" name=\"\">Balance<\/a> (Balance)<\/li>\n<li><a href=\"https:\/\/blogs.magicjudges.org\/rules\/wp-content\/plugins\/lems-mtg-helper\/lems-mtg-helper-cardfinder.php?find=Bazaar+of+Baghdad&width=223&height=310\" class=\"jTip\" name=\"\">Bazaar of Baghdad<\/a><\/li>\n<li><a href=\"https:\/\/blogs.magicjudges.org\/rules\/wp-content\/plugins\/lems-mtg-helper\/lems-mtg-helper-cardfinder.php?find=Black+Lotus&width=223&height=310\" class=\"jTip\" name=\"\">Black Lotus<\/a><\/li>\n<li><a href=\"https:\/\/blogs.magicjudges.org\/rules\/wp-content\/plugins\/lems-mtg-helper\/lems-mtg-helper-cardfinder.php?find=Channel&width=223&height=310\" class=\"jTip\" name=\"\">Channel<\/a> (Transfert)<\/li>\n<li><a href=\"https:\/\/blogs.magicjudges.org\/rules\/wp-content\/plugins\/lems-mtg-helper\/lems-mtg-helper-cardfinder.php?find=Chaos+Orb&width=223&height=310\" class=\"jTip\" name=\"\">Chaos Orb<\/a><\/li>\n<li><a href=\"https:\/\/blogs.magicjudges.org\/rules\/wp-content\/plugins\/lems-mtg-helper\/lems-mtg-helper-cardfinder.php?find=Demonic+Consultation&width=223&height=310\" class=\"jTip\" name=\"\">Demonic Consultation<\/a> (Consultation d\u00e9moniaque)<\/li>\n<li><a href=\"https:\/\/blogs.magicjudges.org\/rules\/wp-content\/plugins\/lems-mtg-helper\/lems-mtg-helper-cardfinder.php?find=Demonic+Tutor&width=223&height=310\" class=\"jTip\" name=\"\">Demonic Tutor<\/a>(Pr\u00e9cepteur diabolique)<\/li>\n<li><a href=\"https:\/\/blogs.magicjudges.org\/rules\/wp-content\/plugins\/lems-mtg-helper\/lems-mtg-helper-cardfinder.php?find=Dig+Through+Time&width=223&height=310\" class=\"jTip\" name=\"\">Dig Through Time<\/a> (Fouille temporelle)<\/li>\n<li><a href=\"https:\/\/blogs.magicjudges.org\/rules\/wp-content\/plugins\/lems-mtg-helper\/lems-mtg-helper-cardfinder.php?find=Earthcraft&width=223&height=310\" class=\"jTip\" name=\"\">Earthcraft<\/a>(Habilet\u00e9 chtonienne)<\/li>\n<li><a href=\"https:\/\/blogs.magicjudges.org\/rules\/wp-content\/plugins\/lems-mtg-helper\/lems-mtg-helper-cardfinder.php?find=Falling+Star&width=223&height=310\" class=\"jTip\" name=\"\">Falling Star<\/a><\/li>\n<li><a href=\"https:\/\/blogs.magicjudges.org\/rules\/wp-content\/plugins\/lems-mtg-helper\/lems-mtg-helper-cardfinder.php?find=Fastbond&width=223&height=310\" class=\"jTip\" name=\"\">Fastbond<\/a> (Encha\u00eenements)<\/li>\n<li><a href=\"https:\/\/blogs.magicjudges.org\/rules\/wp-content\/plugins\/lems-mtg-helper\/lems-mtg-helper-cardfinder.php?find=Flash&width=223&height=310\" class=\"jTip\" name=\"\">Flash<\/a><\/li>\n<li><a href=\"https:\/\/blogs.magicjudges.org\/rules\/wp-content\/plugins\/lems-mtg-helper\/lems-mtg-helper-cardfinder.php?find=Frantic+Search&width=223&height=310\" class=\"jTip\" name=\"\">Frantic Search<\/a> (Recherche effr\u00e9n\u00e9e)<\/li>\n<li><a href=\"https:\/\/blogs.magicjudges.org\/rules\/wp-content\/plugins\/lems-mtg-helper\/lems-mtg-helper-cardfinder.php?find=Goblin+Recruiter&width=223&height=310\" class=\"jTip\" name=\"\">Goblin Recruiter<\/a> (Recruteur gobelin)<\/li>\n<li><a href=\"https:\/\/blogs.magicjudges.org\/rules\/wp-content\/plugins\/lems-mtg-helper\/lems-mtg-helper-cardfinder.php?find=Gush&width=223&height=310\" class=\"jTip\" name=\"\">Gush<\/a> (Flot soudain)<\/li>\n<li><a href=\"https:\/\/blogs.magicjudges.org\/rules\/wp-content\/plugins\/lems-mtg-helper\/lems-mtg-helper-cardfinder.php?find=Hermit+Druid&width=223&height=310\" class=\"jTip\" name=\"\">Hermit Druid<\/a> (Druide ermite)<\/li>\n<li><a href=\"https:\/\/blogs.magicjudges.org\/rules\/wp-content\/plugins\/lems-mtg-helper\/lems-mtg-helper-cardfinder.php?find=Imperial+Seal&width=223&height=310\" class=\"jTip\" name=\"\">Imperial Seal<\/a><\/li>\n<li><a href=\"https:\/\/blogs.magicjudges.org\/rules\/wp-content\/plugins\/lems-mtg-helper\/lems-mtg-helper-cardfinder.php?find=Library+of+Alexandria&width=223&height=310\" class=\"jTip\" name=\"\">Library of Alexandria<\/a><\/li>\n<li><a href=\"https:\/\/blogs.magicjudges.org\/rules\/wp-content\/plugins\/lems-mtg-helper\/lems-mtg-helper-cardfinder.php?find=Mana+Crypt&width=223&height=310\" class=\"jTip\" name=\"\">Mana Crypt<\/a> (Crypte de mana)<\/li>\n<li><a href=\"https:\/\/blogs.magicjudges.org\/rules\/wp-content\/plugins\/lems-mtg-helper\/lems-mtg-helper-cardfinder.php?find=Mana+Drain&width=223&height=310\" class=\"jTip\" name=\"\">Mana Drain<\/a><\/li>\n<li><a href=\"https:\/\/blogs.magicjudges.org\/rules\/wp-content\/plugins\/lems-mtg-helper\/lems-mtg-helper-cardfinder.php?find=Mana+Vault&width=223&height=310\" class=\"jTip\" name=\"\">Mana Vault<\/a> (Arche de mana)<\/li>\n<li><a href=\"https:\/\/blogs.magicjudges.org\/rules\/wp-content\/plugins\/lems-mtg-helper\/lems-mtg-helper-cardfinder.php?find=Memory+Jar&width=223&height=310\" class=\"jTip\" name=\"\">Memory Jar<\/a> (Jarre-m\u00e9moire)<\/li>\n<li><a href=\"https:\/\/blogs.magicjudges.org\/rules\/wp-content\/plugins\/lems-mtg-helper\/lems-mtg-helper-cardfinder.php?find=Mental+Misstep&width=223&height=310\" class=\"jTip\" name=\"\">Mental Misstep<\/a> (Faux-pas mental)<\/li>\n<li><a href=\"https:\/\/blogs.magicjudges.org\/rules\/wp-content\/plugins\/lems-mtg-helper\/lems-mtg-helper-cardfinder.php?find=Mind+Twist&width=223&height=310\" class=\"jTip\" name=\"\">Mind Twist<\/a> (Convulsion c\u00e9r\u00e9brale)<\/li>\n<li><a href=\"https:\/\/blogs.magicjudges.org\/rules\/wp-content\/plugins\/lems-mtg-helper\/lems-mtg-helper-cardfinder.php?find=Mind%26%238217%3Bs+Desire&width=223&height=310\" class=\"jTip\" name=\"\">Mind&#8217;s Desire<\/a> (\u00c0 mon seul d\u00e9sir)<\/li>\n<li><a href=\"https:\/\/blogs.magicjudges.org\/rules\/wp-content\/plugins\/lems-mtg-helper\/lems-mtg-helper-cardfinder.php?find=Mishra%26%238217%3Bs+Workshop&width=223&height=310\" class=\"jTip\" name=\"\">Mishra&#8217;s Workshop<\/a><\/li>\n<li><a href=\"https:\/\/blogs.magicjudges.org\/rules\/wp-content\/plugins\/lems-mtg-helper\/lems-mtg-helper-cardfinder.php?find=Mox+Emerald&width=223&height=310\" class=\"jTip\" name=\"\">Mox Emerald<\/a><\/li>\n<li><a href=\"https:\/\/blogs.magicjudges.org\/rules\/wp-content\/plugins\/lems-mtg-helper\/lems-mtg-helper-cardfinder.php?find=Mox+Jet&width=223&height=310\" class=\"jTip\" name=\"\">Mox Jet<\/a><\/li>\n<li><a href=\"https:\/\/blogs.magicjudges.org\/rules\/wp-content\/plugins\/lems-mtg-helper\/lems-mtg-helper-cardfinder.php?find=Mox+Pearl&width=223&height=310\" class=\"jTip\" name=\"\">Mox Pearl<\/a><\/li>\n<li><a href=\"https:\/\/blogs.magicjudges.org\/rules\/wp-content\/plugins\/lems-mtg-helper\/lems-mtg-helper-cardfinder.php?find=Mox+Ruby&width=223&height=310\" class=\"jTip\" name=\"\">Mox Ruby<\/a><\/li>\n<li><a href=\"https:\/\/blogs.magicjudges.org\/rules\/wp-content\/plugins\/lems-mtg-helper\/lems-mtg-helper-cardfinder.php?find=Mox+Shappire&width=223&height=310\" class=\"jTip\" name=\"\">Mox Shappire<\/a><\/li>\n<li><a href=\"https:\/\/blogs.magicjudges.org\/rules\/wp-content\/plugins\/lems-mtg-helper\/lems-mtg-helper-cardfinder.php?find=Mystical+Tutor&width=223&height=310\" class=\"jTip\" name=\"\">Mystical Tutor<\/a> (Pr\u00e9ceptrice mystique)<\/li>\n<li><a href=\"https:\/\/blogs.magicjudges.org\/rules\/wp-content\/plugins\/lems-mtg-helper\/lems-mtg-helper-cardfinder.php?find=Necropotence&width=223&height=310\" class=\"jTip\" name=\"\">Necropotence<\/a> (N\u00e9cropuissance)<\/li>\n<li><a href=\"https:\/\/blogs.magicjudges.org\/rules\/wp-content\/plugins\/lems-mtg-helper\/lems-mtg-helper-cardfinder.php?find=Oath+of+Druids&width=223&height=310\" class=\"jTip\" name=\"\">Oath of Druids<\/a> (Serment des druides)<\/li>\n<li><a href=\"https:\/\/blogs.magicjudges.org\/rules\/wp-content\/plugins\/lems-mtg-helper\/lems-mtg-helper-cardfinder.php?find=Sensei%26%238217%3Bs+Divining+Top&width=223&height=310\" class=\"jTip\" name=\"\">Sensei&#8217;s Divining Top<\/a> (Toupie de divination du sensei)<\/li>\n<li><a href=\"https:\/\/blogs.magicjudges.org\/rules\/wp-content\/plugins\/lems-mtg-helper\/lems-mtg-helper-cardfinder.php?find=Shahrazad&width=223&height=310\" class=\"jTip\" name=\"\">Shahrazad<\/a><\/li>\n<li><a href=\"https:\/\/blogs.magicjudges.org\/rules\/wp-content\/plugins\/lems-mtg-helper\/lems-mtg-helper-cardfinder.php?find=Skullclamp&width=223&height=310\" class=\"jTip\" name=\"\">Skullclamp<\/a> (Pincecr\u00e2ne)<\/li>\n<li><a href=\"https:\/\/blogs.magicjudges.org\/rules\/wp-content\/plugins\/lems-mtg-helper\/lems-mtg-helper-cardfinder.php?find=Sol+Ring&width=223&height=310\" class=\"jTip\" name=\"\">Sol Ring<\/a> (Anneau solaire)<\/li>\n<li><a href=\"https:\/\/blogs.magicjudges.org\/rules\/wp-content\/plugins\/lems-mtg-helper\/lems-mtg-helper-cardfinder.php?find=Strip+Mine&width=223&height=310\" class=\"jTip\" name=\"\">Strip Mine<\/a> (Mine des morts-terrains)<\/li>\n<li><a href=\"https:\/\/blogs.magicjudges.org\/rules\/wp-content\/plugins\/lems-mtg-helper\/lems-mtg-helper-cardfinder.php?find=Survival+of+the+Fittest&width=223&height=310\" class=\"jTip\" name=\"\">Survival of the Fittest<\/a> (Survie du plus apte)<\/li>\n<li><a href=\"https:\/\/blogs.magicjudges.org\/rules\/wp-content\/plugins\/lems-mtg-helper\/lems-mtg-helper-cardfinder.php?find=Time+Vault&width=223&height=310\" class=\"jTip\" name=\"\">Time Vault<\/a><\/li>\n<li><a href=\"https:\/\/blogs.magicjudges.org\/rules\/wp-content\/plugins\/lems-mtg-helper\/lems-mtg-helper-cardfinder.php?find=Time+Walk&width=223&height=310\" class=\"jTip\" name=\"\">Time Walk<\/a><\/li>\n<li><a href=\"https:\/\/blogs.magicjudges.org\/rules\/wp-content\/plugins\/lems-mtg-helper\/lems-mtg-helper-cardfinder.php?find=Timetwister&width=223&height=310\" class=\"jTip\" name=\"\">Timetwister<\/a><\/li>\n<li><a href=\"https:\/\/blogs.magicjudges.org\/rules\/wp-content\/plugins\/lems-mtg-helper\/lems-mtg-helper-cardfinder.php?find=Tinker&width=223&height=310\" class=\"jTip\" name=\"\">Tinker<\/a> (Bricolage)<\/li>\n<li><a href=\"https:\/\/blogs.magicjudges.org\/rules\/wp-content\/plugins\/lems-mtg-helper\/lems-mtg-helper-cardfinder.php?find=Tolarian+Academy&width=223&height=310\" class=\"jTip\" name=\"\">Tolarian Academy<\/a> (Acad\u00e9mie tolariane)<\/li>\n<li><a href=\"https:\/\/blogs.magicjudges.org\/rules\/wp-content\/plugins\/lems-mtg-helper\/lems-mtg-helper-cardfinder.php?find=Treasure+Cruise&width=223&height=310\" class=\"jTip\" name=\"\">Treasure Cruise<\/a> (Fortune des mers)<\/li>\n<li><a href=\"https:\/\/blogs.magicjudges.org\/rules\/wp-content\/plugins\/lems-mtg-helper\/lems-mtg-helper-cardfinder.php?find=Vampiric+Tutor&width=223&height=310\" class=\"jTip\" name=\"\">Vampiric Tutor<\/a> (Pr\u00e9cepteur vampirique)<\/li>\n<li><a href=\"https:\/\/blogs.magicjudges.org\/rules\/wp-content\/plugins\/lems-mtg-helper\/lems-mtg-helper-cardfinder.php?find=Wheel+of+Fortune&width=223&height=310\" class=\"jTip\" name=\"\">Wheel of Fortune<\/a> (Roue de la fortune)<\/li>\n<li><a href=\"https:\/\/blogs.magicjudges.org\/rules\/wp-content\/plugins\/lems-mtg-helper\/lems-mtg-helper-cardfinder.php?find=Windfall&width=223&height=310\" class=\"jTip\" name=\"\">Windfall<\/a> (Aubaine)<\/li>\n<li><a href=\"https:\/\/blogs.magicjudges.org\/rules\/wp-content\/plugins\/lems-mtg-helper\/lems-mtg-helper-cardfinder.php?find=Yawgmoth%26%238217%3Bs+Bargain&width=223&height=310\" class=\"jTip\" name=\"\">Yawgmoth&#8217;s Bargain<\/a> (March\u00e9 selon Yaugzebul)<\/li>\n<li><a href=\"https:\/\/blogs.magicjudges.org\/rules\/wp-content\/plugins\/lems-mtg-helper\/lems-mtg-helper-cardfinder.php?find=Yawgmoth%26%238217%3Bs+Will&width=223&height=310\" class=\"jTip\" name=\"\">Yawgmoth&#8217;s Will<\/a> (Volont\u00e9 de Yaugzebul)<\/li>\n<\/ul>\n","protected":false},"excerpt":{"rendered":"<p>Les decks au format Legacy peuvent contenir des cartes provenant de toutes les extensions de Magic, ainsi que les cartes suivantes : Sewers of Estark, Windseeker Centaur et Nalathni Dragon. Les cartes provenant d\u2019extensions et \u00e9ditions sp\u00e9ciales (comme From the Vault, Magic: The Gathering &#8211; Commander, Duel Decks, Conspiracy, etc.) sont l\u00e9gales en Legacy le [&hellip;]<\/p>\n","protected":false},"author":30,"featured_media":0,"parent":0,"menu_order":0,"comment_status":"closed","ping_status":"closed","template":"page_width-index.php","meta":{"footnotes":"","_links_to":"","_links_to_target":""},"language":[9],"class_list":["post-6079","page","type-page","status-publish","hentry","language-fr"],"_links":{"self":[{"href":"https:\/\/blogs.magicjudges.org\/rules\/wp-json\/wp\/v2\/pages\/6079","targetHints":{"allow":["GET"]}}],"collection":[{"href":"https:\/\/blogs.magicjudges.org\/rules\/wp-json\/wp\/v2\/pages"}],"about":[{"href":"https:\/\/blogs.magicjudges.org\/rules\/wp-json\/wp\/v2\/types\/page"}],"author":[{"embeddable":true,"href":"https:\/\/blogs.magicjudges.org\/rules\/wp-json\/wp\/v2\/users\/30"}],"replies":[{"embeddable":true,"href":"https:\/\/blogs.magicjudges.org\/rules\/wp-json\/wp\/v2\/comments?post=6079"}],"version-history":[{"count":4,"href":"https:\/\/blogs.magicjudges.org\/rules\/wp-json\/wp\/v2\/pages\/6079\/revisions"}],"predecessor-version":[{"id":7181,"href":"https:\/\/blogs.magicjudges.org\/rules\/wp-json\/wp\/v2\/pages\/6079\/revisions\/7181"}],"wp:attachment":[{"href":"https:\/\/blogs.magicjudges.org\/rules\/wp-json\/wp\/v2\/media?parent=6079"}],"wp:term":[{"taxonomy":"language","embeddable":true,"href":"https:\/\/blogs.magicjudges.org\/rules\/wp-json\/wp\/v2\/language?post=6079"}],"curies":[{"name":"wp","href":"https:\/\/api.w.org\/{rel}","templated":true}]}}