{"id":6080,"date":"2016-01-13T12:44:29","date_gmt":"2016-01-13T09:44:29","guid":{"rendered":"http:\/\/blogs.magicjudges.org\/rules\/?page_id=6080"},"modified":"2017-12-08T14:42:03","modified_gmt":"2017-12-08T11:42:03","slug":"mtr6-7-fr","status":"publish","type":"page","link":"https:\/\/blogs.magicjudges.org\/rules\/mtr6-7-fr\/","title":{"rendered":"MTR 6.7 Decks construits au format Bloc"},"content":{"rendered":"<p style=\"text-align: justify\">Le format Bloc permet de jouer des cartes provenant d\u2019un nombre limit\u00e9 d\u2019extensions.<\/p>\n<p style=\"text-align: justify\">Les formats Bloc suivants sont homologu\u00e9s par la DCI :<\/p>\n<ul style=\"text-align: justify\">\n<li>Bloc <i>Ixalan (Ixalan [\u00e0 partir du 29 septembre 2017], Les combattants d\u2019Ixalan [\u00e0 partir du 19 janvier 2018])<\/i><\/li>\n<li><i><\/i>Bloc <i>Amonkhet (Amonkhet, L\u2019\u00e2ge de la destruction)<\/i><\/li>\n<li>Bloc <em>Kaladesh<\/em><\/li>\n<li>Bloc<em>T\u00e9n\u00e8bres sur Innistrad <\/em> (<em>T\u00e9n\u00e8bres sur Innistrad<\/em> <em>La lune herm\u00e9tique<\/em>)<\/li>\n<li>Bloc<em>La bataille de Zendikar<\/em><em> (La bataille de Zendikar, Le serment des Sentinelles<\/em><\/li>\n<li>Bloc<em>Khans de Tarkir<\/em><em> (Khans de Tarkir, Destin reforg\u00e9, Dragons de Tarkir)<\/em><\/li>\n<li>Bloc<em>Th\u00e9ros<\/em><em> (Th\u00e9ros, Cr\u00e9ations divines, Incursion dans Nyx)<\/em><\/li>\n<li>Bloc<em>Retour sur Ravnica<\/em><em> (Retour sur Ravnica, Insurrection, Le Labyrinthe du dragon)<\/em><\/li>\n<li>Bloc<em>Innistrad-Avacyn Ressuscit\u00e9e<\/em><em> (Innistrad, Obscure Ascension, Avacyn Ressuscit\u00e9e)<\/em><\/li>\n<li>Bloc<em>Les Cicatrices de Mirrodin<\/em><em> (Les Cicatrices de Mirrodin, Mirrodin Assi\u00e9g\u00e9, La Nouvelle Phyrexia)<\/em><\/li>\n<li>Bloc<em>Zendikar-L\u2019Ascension des Eldrazi<\/em><em> (Zendikar, Worldwake, L\u2019Ascension des Eldrazi)<\/em><\/li>\n<li>Bloc<em>\u00c9clats d&#8217;Alara<\/em><em> (\u00c9clats d&#8217;Alara, Conflux, La Renaissance d&#8217;Alara)<\/em><\/li>\n<li>Bloc<em>Lorwyn-Sombrelande<\/em><em> (Lorwyn, L\u00e8veciel, Sombrelande, Coucheciel)<\/em><\/li>\n<li>Bloc<em>Spirale Temporelle<\/em><em> (Spirale Temporelle, Chaos Planaire, Vision de l&#8217;Avenir)<\/em><\/li>\n<li>Bloc<em>Ravnica<\/em><em> (Ravnica : la Cit\u00e9 des Guildes, Le Pacte des Guildes, Discorde)<\/em><\/li>\n<li>Bloc<em>Kamigawa<\/em><em> (Champions de Kamigawa, Tra\u00eetres de Kamigawa, Lib\u00e9rateurs de Kamigawa)<\/em><\/li>\n<li>Bloc<em>Mirrodin<\/em><em> (Mirrodin, Sombracier, Cinqui\u00e8me Aube)<\/em><\/li>\n<li>Bloc<em>Carnage<\/em><em> (Carnage, L\u00e9gions, Fl\u00e9au)<\/em><\/li>\n<li>Bloc<em>Odyss\u00e9e<\/em><em> (Odyss\u00e9e, Tourment, Jugement)<\/em><\/li>\n<li>Bloc<em>Invasion<\/em><em> (Invasion, Planeshift, Apocalypse)<\/em><\/li>\n<li>Bloc<em>Mercadia<\/em><em> (Masques de Mercadia, N\u00e9m\u00e9sis, Proph\u00e9tie)<\/em><\/li>\n<li>Bloc<em>Urza<\/em><em> (L&#8217;\u00c9pop\u00e9e d&#8217;Urza, L&#8217;H\u00e9ritage d&#8217;Urza, La Destin\u00e9e d&#8217;Urza)<\/em><\/li>\n<li>Bloc<em>Temp\u00eate<\/em><em> (Temp\u00eate, Forteresse, Exode)<\/em><\/li>\n<li>Bloc<em>Mirage<\/em><em> (Mirage, Visions, Aquilon)<\/em><\/li>\n<li>Bloc<em>\u00c8re Glaciaire<\/em><em> (\u00c8re Glaciaire, Alliances, Souffle Glaciaire)<\/em><\/li>\n<\/ul>\n<div class=\"alert alert-info\" role=\"alert\"> <em>M\u00eame dans les formats en Bloc, il existe certaines cartes qui ont un trop fort impact sur le format. Ces cartes sont bannies de ces formats et elles sont \u00e9num\u00e9r\u00e9es ci-dessous.<\/em><br \/>\n<\/div>\n<p style=\"text-align: justify\">Les cartes suivantes sont bannies des tournois au format Bloc :<\/p>\n<table style=\"border-style: hidden;width: 640px\">\n<tbody>\n<tr>\n<td style=\"width: 320px\">\n<ul>\n<li style=\"list-style-type: none\">\n<ul>\n<li><a href=\"https:\/\/blogs.magicjudges.org\/rules\/wp-content\/plugins\/lems-mtg-helper\/lems-mtg-helper-cardfinder.php?find=Intangible+Virtue&width=223&height=310\" class=\"jTip\" name=\"\">Intangible Virtue<\/a> (Vertu intangible)<\/li>\n<\/ul>\n<\/li>\n<\/ul>\n<p>(<em>bloc Innistrad-Avacyn Ressuscit\u00e9e<\/em> )<\/td>\n<td style=\"width: 320px\">\n<ul>\n<li style=\"list-style-type: none\">\n<ul>\n<li><a href=\"https:\/\/blogs.magicjudges.org\/rules\/wp-content\/plugins\/lems-mtg-helper\/lems-mtg-helper-cardfinder.php?find=Rishadan+Port&width=223&height=310\" class=\"jTip\" name=\"\">Rishadan Port<\/a> (Port rishadan)<\/li>\n<\/ul>\n<\/li>\n<\/ul>\n<p>(<em>bloc Mercadia<\/em> )<\/td>\n<\/tr>\n<tr>\n<td style=\"width: 320px\">\n<ul>\n<li style=\"list-style-type: none\">\n<ul>\n<li><a href=\"https:\/\/blogs.magicjudges.org\/rules\/wp-content\/plugins\/lems-mtg-helper\/lems-mtg-helper-cardfinder.php?find=Lingering+Souls&width=223&height=310\" class=\"jTip\" name=\"\">Lingering Souls<\/a> ( mes persistantes)<\/li>\n<\/ul>\n<\/li>\n<\/ul>\n<p>(<em>bloc Innistrad-Avacyn Ressuscit\u00e9e<\/em> )<\/td>\n<td style=\"width: 320px\">\n<ul>\n<li style=\"list-style-type: none\">\n<ul>\n<li><a href=\"https:\/\/blogs.magicjudges.org\/rules\/wp-content\/plugins\/lems-mtg-helper\/lems-mtg-helper-cardfinder.php?find=Gaea%26%238217%3Bs+Cradle&width=223&height=310\" class=\"jTip\" name=\"\">Gaea&#8217;s Cradle<\/a> (Berceau de Gaia)<\/li>\n<\/ul>\n<\/li>\n<\/ul>\n<p>(<em>bloc Urza<\/em> )<\/td>\n<\/tr>\n<tr>\n<td style=\"width: 320px\">\n<ul>\n<li style=\"list-style-type: none\">\n<ul>\n<li><a href=\"https:\/\/blogs.magicjudges.org\/rules\/wp-content\/plugins\/lems-mtg-helper\/lems-mtg-helper-cardfinder.php?find=%C3%86ther+Vial&width=223&height=310\" class=\"jTip\" name=\"\">\u00c6ther Vial<\/a> (Fiole d&#8217;\u00c6ther)<\/li>\n<\/ul>\n<\/li>\n<\/ul>\n<p>(<em>bloc Mirrodin<\/em> )<\/td>\n<td style=\"width: 320px\">\n<ul>\n<li style=\"list-style-type: none\">\n<ul>\n<li><a href=\"https:\/\/blogs.magicjudges.org\/rules\/wp-content\/plugins\/lems-mtg-helper\/lems-mtg-helper-cardfinder.php?find=Memory+Jar&width=223&height=310\" class=\"jTip\" name=\"\">Memory Jar<\/a> (Jarre-m\u00e9moire)<\/li>\n<\/ul>\n<\/li>\n<\/ul>\n<p>(<em>bloc Urza<\/em> )<\/td>\n<\/tr>\n<tr>\n<td style=\"width: 320px\">\n<ul>\n<li style=\"list-style-type: none\">\n<ul>\n<li><a href=\"https:\/\/blogs.magicjudges.org\/rules\/wp-content\/plugins\/lems-mtg-helper\/lems-mtg-helper-cardfinder.php?find=Ancient+Den&width=223&height=310\" class=\"jTip\" name=\"\">Ancient Den<\/a> (Ancienne tani\u00e8re)<\/li>\n<\/ul>\n<\/li>\n<\/ul>\n<p>(<em>bloc Mirrodin<\/em> )<\/td>\n<td style=\"width: 320px\">\n<ul>\n<li style=\"list-style-type: none\">\n<ul>\n<li><a href=\"https:\/\/blogs.magicjudges.org\/rules\/wp-content\/plugins\/lems-mtg-helper\/lems-mtg-helper-cardfinder.php?find=Serra%26%238217%3Bs+Sanctum&width=223&height=310\" class=\"jTip\" name=\"\">Serra&#8217;s Sanctum<\/a> (Sanctuaire de Serra)<\/li>\n<\/ul>\n<\/li>\n<\/ul>\n<p>(<em>bloc Urza<\/em> )<\/td>\n<\/tr>\n<tr>\n<td style=\"width: 320px\">\n<ul>\n<li style=\"list-style-type: none\">\n<ul>\n<li><a href=\"https:\/\/blogs.magicjudges.org\/rules\/wp-content\/plugins\/lems-mtg-helper\/lems-mtg-helper-cardfinder.php?find=Arcbound+Ravager&width=223&height=310\" class=\"jTip\" name=\"\">Arcbound Ravager<\/a> (D\u00e9vastateur entravarc)<\/li>\n<\/ul>\n<\/li>\n<\/ul>\n<p>(<em>bloc Mirrodin<\/em> )<\/td>\n<td style=\"width: 320px\">\n<ul>\n<li style=\"list-style-type: none\">\n<ul>\n<li><a href=\"https:\/\/blogs.magicjudges.org\/rules\/wp-content\/plugins\/lems-mtg-helper\/lems-mtg-helper-cardfinder.php?find=Time+Spiral&width=223&height=310\" class=\"jTip\" name=\"\">Time Spiral<\/a> (Spirale temporelle)<\/li>\n<\/ul>\n<\/li>\n<\/ul>\n<p>(<em>bloc Urza<\/em> )<\/td>\n<\/tr>\n<tr>\n<td style=\"width: 320px\">\n<ul>\n<li style=\"list-style-type: none\">\n<ul>\n<li><a href=\"https:\/\/blogs.magicjudges.org\/rules\/wp-content\/plugins\/lems-mtg-helper\/lems-mtg-helper-cardfinder.php?find=Darksteel+Citadel&width=223&height=310\" class=\"jTip\" name=\"\">Darksteel Citadel<\/a> (Citadelle de Sombracier)<\/li>\n<\/ul>\n<\/li>\n<\/ul>\n<p>(<em>bloc Mirrodin<\/em> )<\/td>\n<td style=\"width: 320px\">\n<ul>\n<li style=\"list-style-type: none\">\n<ul>\n<li><a href=\"https:\/\/blogs.magicjudges.org\/rules\/wp-content\/plugins\/lems-mtg-helper\/lems-mtg-helper-cardfinder.php?find=Tolarian+Academy&width=223&height=310\" class=\"jTip\" name=\"\">Tolarian Academy<\/a> (Acad\u00e9mie tolariane)<\/li>\n<\/ul>\n<\/li>\n<\/ul>\n<p>(<em>bloc Urza<\/em> )<\/td>\n<\/tr>\n<tr>\n<td style=\"width: 320px\">\n<ul>\n<li style=\"list-style-type: none\">\n<ul>\n<li><a href=\"https:\/\/blogs.magicjudges.org\/rules\/wp-content\/plugins\/lems-mtg-helper\/lems-mtg-helper-cardfinder.php?find=Disciple+of+the+Vault&width=223&height=310\" class=\"jTip\" name=\"\">Disciple of the Vault<\/a> (Disciple du Caveau)<\/li>\n<\/ul>\n<\/li>\n<\/ul>\n<p>(<em>bloc Mirrodin<\/em> )<\/td>\n<td style=\"width: 320px\">\n<ul>\n<li style=\"list-style-type: none\">\n<ul>\n<li><a href=\"https:\/\/blogs.magicjudges.org\/rules\/wp-content\/plugins\/lems-mtg-helper\/lems-mtg-helper-cardfinder.php?find=Voltaic+Key&width=223&height=310\" class=\"jTip\" name=\"\">Voltaic Key<\/a> (Cl\u00e9 volta\u00efque)<\/li>\n<\/ul>\n<\/li>\n<\/ul>\n<p>(<em>bloc Urza<\/em> )<\/td>\n<\/tr>\n<tr>\n<td style=\"width: 320px\">\n<ul>\n<li style=\"list-style-type: none\">\n<ul>\n<li><a href=\"https:\/\/blogs.magicjudges.org\/rules\/wp-content\/plugins\/lems-mtg-helper\/lems-mtg-helper-cardfinder.php?find=Great+Furnace&width=223&height=310\" class=\"jTip\" name=\"\">Great Furnace<\/a> (Grand fourneau)<\/li>\n<\/ul>\n<\/li>\n<\/ul>\n<p>(<em>bloc Mirrodin<\/em> )<\/td>\n<td style=\"width: 320px\">\n<ul>\n<li style=\"list-style-type: none\">\n<ul>\n<li><a href=\"https:\/\/blogs.magicjudges.org\/rules\/wp-content\/plugins\/lems-mtg-helper\/lems-mtg-helper-cardfinder.php?find=Windfall&width=223&height=310\" class=\"jTip\" name=\"\">Windfall<\/a> (Aubaine)<\/li>\n<\/ul>\n<\/li>\n<\/ul>\n<p>(<em>bloc Urza<\/em> )<\/td>\n<\/tr>\n<tr>\n<td style=\"width: 320px\">\n<ul>\n<li style=\"list-style-type: none\">\n<ul>\n<li><a href=\"https:\/\/blogs.magicjudges.org\/rules\/wp-content\/plugins\/lems-mtg-helper\/lems-mtg-helper-cardfinder.php?find=Seat+of+the+Synod&width=223&height=310\" class=\"jTip\" name=\"\">Seat of the Synod<\/a> (Si\u00e8ge du Synode)<\/li>\n<\/ul>\n<\/li>\n<\/ul>\n<p>(<em>bloc Mirrodin<\/em> )<\/td>\n<td style=\"width: 320px\">\n<ul>\n<li style=\"list-style-type: none\">\n<ul>\n<li><a href=\"https:\/\/blogs.magicjudges.org\/rules\/wp-content\/plugins\/lems-mtg-helper\/lems-mtg-helper-cardfinder.php?find=Cursed+Scroll&width=223&height=310\" class=\"jTip\" name=\"\">Cursed Scroll<\/a> (Parchemin maudit)<\/li>\n<\/ul>\n<\/li>\n<\/ul>\n<p>(<em>bloc Temp\u00eate<\/em> )<\/td>\n<\/tr>\n<tr>\n<td style=\"width: 320px\">\n<ul>\n<li style=\"list-style-type: none\">\n<ul>\n<li><a href=\"https:\/\/blogs.magicjudges.org\/rules\/wp-content\/plugins\/lems-mtg-helper\/lems-mtg-helper-cardfinder.php?find=Tree+of+Tales&width=223&height=310\" class=\"jTip\" name=\"\">Tree of Tales<\/a> (Arbre des r\u00e9cits)<\/li>\n<\/ul>\n<\/li>\n<\/ul>\n<p>(<em>bloc Mirrodin<\/em> )<\/td>\n<td style=\"width: 320px\">\n<ul>\n<li style=\"list-style-type: none\">\n<ul>\n<li><a href=\"https:\/\/blogs.magicjudges.org\/rules\/wp-content\/plugins\/lems-mtg-helper\/lems-mtg-helper-cardfinder.php?find=Squandered+Resources&width=223&height=310\" class=\"jTip\" name=\"\">Squandered Resources<\/a> (Ressources gaspill\u00e9es)<\/li>\n<\/ul>\n<\/li>\n<\/ul>\n<p>(<em>bloc Mirage<\/em> )<\/td>\n<\/tr>\n<tr>\n<td style=\"width: 320px\">\n<ul>\n<li style=\"list-style-type: none\">\n<ul>\n<li><a href=\"https:\/\/blogs.magicjudges.org\/rules\/wp-content\/plugins\/lems-mtg-helper\/lems-mtg-helper-cardfinder.php?find=Vault+of+Whispers&width=223&height=310\" class=\"jTip\" name=\"\">Vault of Whispers<\/a> (Caveau des chuchotements)<\/li>\n<\/ul>\n<\/li>\n<\/ul>\n<p>(<em>bloc Mirrodin<\/em> )<\/td>\n<td style=\"width: 320px\">\n<ul>\n<li style=\"list-style-type: none\">\n<ul>\n<li><a href=\"https:\/\/blogs.magicjudges.org\/rules\/wp-content\/plugins\/lems-mtg-helper\/lems-mtg-helper-cardfinder.php?find=Amulet+of+Quoz&width=223&height=310\" class=\"jTip\" name=\"\">Amulet of Quoz<\/a> (Amulette saugrenue)<\/li>\n<\/ul>\n<\/li>\n<\/ul>\n<p>(<em>bloc \u00c8re Glaciaire<\/em> )<\/td>\n<\/tr>\n<tr>\n<td style=\"width: 320px\">\n<ul>\n<li style=\"list-style-type: none\">\n<ul>\n<li><a href=\"https:\/\/blogs.magicjudges.org\/rules\/wp-content\/plugins\/lems-mtg-helper\/lems-mtg-helper-cardfinder.php?find=Skullclamp&width=223&height=310\" class=\"jTip\" name=\"\">Skullclamp<\/a> (Pincecr\u00e2ne)<\/li>\n<\/ul>\n<\/li>\n<\/ul>\n<p>(<em>bloc Mirrodin<\/em> )<\/td>\n<td style=\"width: 320px\">\n<ul>\n<li style=\"list-style-type: none\">\n<ul>\n<li><a href=\"https:\/\/blogs.magicjudges.org\/rules\/wp-content\/plugins\/lems-mtg-helper\/lems-mtg-helper-cardfinder.php?find=Thawing+Glaciers&width=223&height=310\" class=\"jTip\" name=\"\">Thawing Glaciers<\/a> (Glaciers en d\u00e9gel)<\/li>\n<\/ul>\n<\/li>\n<\/ul>\n<p>(<em>bloc \u00c8re Glaciaire<\/em> )<\/td>\n<\/tr>\n<tr>\n<td style=\"width: 320px\">\n<ul>\n<li style=\"list-style-type: none\">\n<ul>\n<li><a href=\"https:\/\/blogs.magicjudges.org\/rules\/wp-content\/plugins\/lems-mtg-helper\/lems-mtg-helper-cardfinder.php?find=Lin+Sivvi%2C+Defiant+Hero&width=223&height=310\" class=\"jTip\" name=\"\">Lin Sivvi, Defiant Hero<\/a> (Line Sivvi, h\u00e9ro\u00efne provocante)<\/li>\n<\/ul>\n<\/li>\n<\/ul>\n<p>(<em>bloc Mercadia<\/em> )<\/td>\n<td style=\"width: 320px\">\n<ul>\n<li style=\"list-style-type: none\">\n<ul>\n<li><a href=\"https:\/\/blogs.magicjudges.org\/rules\/wp-content\/plugins\/lems-mtg-helper\/lems-mtg-helper-cardfinder.php?find=Zuran+Orb&width=223&height=310\" class=\"jTip\" name=\"\">Zuran Orb<\/a> (Orbe zuranienne)<\/li>\n<\/ul>\n<\/li>\n<\/ul>\n<p>(<em>bloc \u00c8re Glaciaire<\/em> )<\/td>\n<\/tr>\n<\/tbody>\n<\/table>\n<p>&nbsp;<\/p>\n","protected":false},"excerpt":{"rendered":"<p>Le format Bloc permet de jouer des cartes provenant d\u2019un nombre limit\u00e9 d\u2019extensions. Les formats Bloc suivants sont homologu\u00e9s par la DCI : Bloc Ixalan (Ixalan [\u00e0 partir du 29 septembre 2017], Les combattants d\u2019Ixalan [\u00e0 partir du 19 janvier 2018]) Bloc Amonkhet (Amonkhet, L\u2019\u00e2ge de la destruction) Bloc Kaladesh BlocT\u00e9n\u00e8bres sur Innistrad (T\u00e9n\u00e8bres sur [&hellip;]<\/p>\n","protected":false},"author":30,"featured_media":0,"parent":0,"menu_order":0,"comment_status":"closed","ping_status":"closed","template":"page_width-index.php","meta":{"footnotes":"","_links_to":"","_links_to_target":""},"language":[9],"class_list":["post-6080","page","type-page","status-publish","hentry","language-fr"],"_links":{"self":[{"href":"https:\/\/blogs.magicjudges.org\/rules\/wp-json\/wp\/v2\/pages\/6080","targetHints":{"allow":["GET"]}}],"collection":[{"href":"https:\/\/blogs.magicjudges.org\/rules\/wp-json\/wp\/v2\/pages"}],"about":[{"href":"https:\/\/blogs.magicjudges.org\/rules\/wp-json\/wp\/v2\/types\/page"}],"author":[{"embeddable":true,"href":"https:\/\/blogs.magicjudges.org\/rules\/wp-json\/wp\/v2\/users\/30"}],"replies":[{"embeddable":true,"href":"https:\/\/blogs.magicjudges.org\/rules\/wp-json\/wp\/v2\/comments?post=6080"}],"version-history":[{"count":3,"href":"https:\/\/blogs.magicjudges.org\/rules\/wp-json\/wp\/v2\/pages\/6080\/revisions"}],"predecessor-version":[{"id":7182,"href":"https:\/\/blogs.magicjudges.org\/rules\/wp-json\/wp\/v2\/pages\/6080\/revisions\/7182"}],"wp:attachment":[{"href":"https:\/\/blogs.magicjudges.org\/rules\/wp-json\/wp\/v2\/media?parent=6080"}],"wp:term":[{"taxonomy":"language","embeddable":true,"href":"https:\/\/blogs.magicjudges.org\/rules\/wp-json\/wp\/v2\/language?post=6080"}],"curies":[{"name":"wp","href":"https:\/\/api.w.org\/{rel}","templated":true}]}}