{"id":6097,"date":"2016-01-17T17:22:42","date_gmt":"2016-01-17T14:22:42","guid":{"rendered":"http:\/\/blogs.magicjudges.org\/rules\/?page_id=6097"},"modified":"2019-01-22T19:26:15","modified_gmt":"2019-01-22T16:26:15","slug":"mtr7-1-fr","status":"publish","type":"page","link":"https:\/\/blogs.magicjudges.org\/rules\/mtr7-1-fr\/","title":{"rendered":"MTR 7.1 Limitations sur la construction de decks en Limit\u00e9"},"content":{"rendered":"<p style=\"text-align: justify\">En Limit\u00e9 un deck doit \u00eatre compos\u00e9 d\u2019au moins quarante cartes. Il n\u2019y a pas de taille de deck maximale. Toutes les cartes draft\u00e9es ou ouvertes et qui ne sont pas utilis\u00e9es dans le deck d\u2019un joueur constituent sa r\u00e9serve.<\/p>\n<p style=\"text-align: justify;margin-bottom: 0px\">Un deck peut contenir plus de quatre exemplaires d\u2019une m\u00eame carte dans les tournois en Limit\u00e9.<\/p>\n<div class=\"alert alert-info\" role=\"alert\"> <em>L\u2019une des questions qui reviennent le plus souvent dans la bouche des nouveaux joueurs est de savoir s\u2019ils ont le droit de jouer plus de quatre copies d\u2019une m\u00eame carte en format Limit\u00e9. La r\u00e9ponse est oui ! Remarquez que bien entendu ils peuvent jouer ces cartes dans leur deck principal ou en laisser des copies suppl\u00e9mentaires dans leur sideboard. Il est conseill\u00e9 de demander aux joueurs qui poss\u00e8dent plus de quatre exemplaires de certaines cartes particuli\u00e8rement puissantes de vous le signaler \u00e0 l\u2019avance. Cela peut aider \u00e0 r\u00e9cuser d\u2019\u00e9ventuelles accusations de triche.<br \/>\n<\/em><\/div>\n","protected":false},"excerpt":{"rendered":"<p>En Limit\u00e9 un deck doit \u00eatre compos\u00e9 d\u2019au moins quarante cartes. Il n\u2019y a pas de taille de deck maximale. Toutes les cartes draft\u00e9es ou ouvertes et qui ne sont pas utilis\u00e9es dans le deck d\u2019un joueur constituent sa r\u00e9serve. Un deck peut contenir plus de quatre exemplaires d\u2019une m\u00eame carte dans les tournois en [&hellip;]<\/p>\n","protected":false},"author":30,"featured_media":0,"parent":0,"menu_order":0,"comment_status":"closed","ping_status":"closed","template":"page_width-index.php","meta":{"footnotes":"","_links_to":"","_links_to_target":""},"language":[9],"class_list":["post-6097","page","type-page","status-publish","hentry","language-fr"],"_links":{"self":[{"href":"https:\/\/blogs.magicjudges.org\/rules\/wp-json\/wp\/v2\/pages\/6097","targetHints":{"allow":["GET"]}}],"collection":[{"href":"https:\/\/blogs.magicjudges.org\/rules\/wp-json\/wp\/v2\/pages"}],"about":[{"href":"https:\/\/blogs.magicjudges.org\/rules\/wp-json\/wp\/v2\/types\/page"}],"author":[{"embeddable":true,"href":"https:\/\/blogs.magicjudges.org\/rules\/wp-json\/wp\/v2\/users\/30"}],"replies":[{"embeddable":true,"href":"https:\/\/blogs.magicjudges.org\/rules\/wp-json\/wp\/v2\/comments?post=6097"}],"version-history":[{"count":2,"href":"https:\/\/blogs.magicjudges.org\/rules\/wp-json\/wp\/v2\/pages\/6097\/revisions"}],"predecessor-version":[{"id":7183,"href":"https:\/\/blogs.magicjudges.org\/rules\/wp-json\/wp\/v2\/pages\/6097\/revisions\/7183"}],"wp:attachment":[{"href":"https:\/\/blogs.magicjudges.org\/rules\/wp-json\/wp\/v2\/media?parent=6097"}],"wp:term":[{"taxonomy":"language","embeddable":true,"href":"https:\/\/blogs.magicjudges.org\/rules\/wp-json\/wp\/v2\/language?post=6097"}],"curies":[{"name":"wp","href":"https:\/\/api.w.org\/{rel}","templated":true}]}}