{"id":6098,"date":"2016-01-17T17:22:49","date_gmt":"2016-01-17T14:22:49","guid":{"rendered":"http:\/\/blogs.magicjudges.org\/rules\/?page_id=6098"},"modified":"2017-03-01T00:46:11","modified_gmt":"2017-02-28T21:46:11","slug":"mtr7-2-fr","status":"publish","type":"page","link":"https:\/\/blogs.magicjudges.org\/rules\/mtr7-2-fr\/","title":{"rendered":"MTR 7.2 Cartes utilisables dans un tournoi en Limit\u00e9"},"content":{"rendered":"<p style=\"text-align: justify\">Toutes les cartes doivent provenir directement des officiels du tournoi. Le produit doit \u00eatre neuf et jamais ouvert. Les boosters peuvent avoir \u00e9t\u00e9 ouverts dans le but d\u2019\u00eatre tamponn\u00e9s dans le cadre d\u2019un Pro Tour, d\u2019un Grand Prix, de la World Magic Cup ou du World Championship. Chaque joueur (ou \u00e9quipe) doit recevoir exactement la m\u00eame quantit\u00e9 et le m\u00eame type de produit que tous les autres joueurs participant au tournoi. Par exemple, si un joueur re\u00e7oit trois boosters Magic Origines pour un draft, tous les autres joueurs doivent \u00e9galement recevoir trois boosters Magic Origines.<\/p>\n<p style=\"text-align: justify\">Les seules cartes pouvant \u00eatre utilis\u00e9es dans le deck d\u2019un joueur sont les cartes provenant des \u00e9ditions des boosters ouverts (et uniquement les cartes ouvertes ou draft\u00e9es dans le tas de ce joueur.) Les cas suivants constituent des exceptions \u00e0 cette r\u00e8gle :<\/p>\n<ul style=\"text-align: justify\">\n<li>Les joueurs peuvent ajouter un nombre illimit\u00e9 de cartes nomm\u00e9es Plaine, \u00cele, Marais, Montagne ou For\u00eat \u00e0 leur deck et \u00e0 leur sideboard. Ils ne peuvent pas y ajouter des cartes suppl\u00e9mentaires de terrains de base enneig\u00e9s (ex : For\u00eat enneig\u00e9e, etc.) ni de cartes de terrains de base Lande, m\u00eame dans les formats dans lesquels elles sont l\u00e9gales.<\/li>\n<li>Les terrains non-base des \u00e9ditions Retour sur Ravnica et Insurrection sont autoris\u00e9s s\u2019ils ont \u00e9t\u00e9 ouverts dans des boosters Le Labyrinthe du Dragon.<\/li>\n<li>Les terrains non-base de l\u2019\u00e9dition Les Khans de Tarkir sont autoris\u00e9s s\u2019ils ont \u00e9t\u00e9 ouverts dans des boosters Destin reforg\u00e9.<\/li>\n<li>Les terrains non-base de l\u2019\u00e9dition Exp\u00e9ditions sur Zendikar sont autoris\u00e9s s\u2019ils ont \u00e9t\u00e9 ouverts dans des boosters La bataille de Zendikar ou Le serment des Sentinelles.<\/li>\n<li>Les cartes des S\u00e9ries Chefs d\u2019\u0153uvre sont autoris\u00e9es quand elles sont ouvertes dans des boosters associ\u00e9s \u00e0 cette S\u00e9rie.<\/li>\n<li>Les tournois des avant-premi\u00e8res peuvent pr\u00e9senter des exceptions suppl\u00e9mentaires. Celles-ci seront annonc\u00e9es dans le cadre des informations sur les avant-premi\u00e8res.<\/li>\n<\/ul>\n<p style=\"text-align: justify\">Les joueurs peuvent demander \u00e0 un arbitre la permission de remplacer une carte avec une autre version de la m\u00eame carte.<\/p>\n<p style=\"text-align: justify\">Parce qu\u2019ils ont \u00e9t\u00e9 pr\u00e9vus sp\u00e9cifiquement pour des parties en multi-joueurs, l\u2019utilisation de boosters Conspiracy en tournois homologu\u00e9s en format Limit\u00e9 (paquet scell\u00e9 et booster draft) n\u2019est pas autoris\u00e9e.<\/p>\n<p style=\"text-align: justify\">Il est recommand\u00e9 que chaque joueur re\u00e7oive 6 boosters lors d\u2019un \u00e9v\u00e9nement en paquet scell\u00e9 individuel et 3 boosters lors d\u2019un \u00e9v\u00e9nement en draft individuel ou en Rochester individuel. R\u00e9f\u00e9rez-vous \u00e0 <a href=\"http:\/\/blogs.magicjudges.org\/rules\/mtr-appendix-d\/\">l\u2019annexe D<\/a> pour conna\u00eetre le produit recommand\u00e9 pour les diff\u00e9rents blocs.<\/p>\n<p style=\"text-align: justify\">Si l\u2019organisateur du tournoi permet aux joueurs de ramener leur propre produit, celui-ci doit \u00eatre rassembl\u00e9 avec le reste du produit pr\u00e9vu pour ce tournoi, puis r\u00e9parti al\u00e9atoirement entre les joueurs.<\/p>\n<p style=\"text-align: justify\">If the Tournament Organizer is not providing extra land cards for use in a Limited tournament, he or she must announce this before tournament registration. Tournament Organizers may require players to return these land cards when they leave the tournament. Players may use their own basic lands during tournaments.<\/p>\n<div class=\"alert alert-info\" role=\"alert\"> <em>Si l\u2019organisateur ne fournit pas des terrains de base suppl\u00e9mentaires pour un tournoi en Limit\u00e9, il doit l\u2019annoncer avant les inscriptions. L\u2019organisateur peut demander aux joueurs de rendre les cartes de terrains de base quand ils quittent le tournoi. Les joueurs peuvent utiliser leurs propres terrains de base pendant les tournois.<\/em><\/p>\n<p><em>Pour m\u00e9moire, lors des tournois d\u2019avant-premi\u00e8res les joueurs ont le droit d\u2019utiliser les cartes foils promotionnelles qu\u2019ils ouvrent, puisque ces cartes font partie de la m\u00eame extension. Toujours pour m\u00e9moire, les cartes check-list ouvertes \u00e0 cette occasion peuvent \u00eatre utilis\u00e9es elles aussi si le joueur a ouvert les cartes double face correspondantes. <\/em><\/p>\n<p><em>Les joueurs peuvent demander la permission de remplacer une carte par une autre version de la m\u00eame carte. Souvent les joueurs demandent une proxy pour leurs cartes foils. Il ne faut pas cr\u00e9er de proxy \u00e0 moins que la carte n\u2019ait \u00e9t\u00e9 ouverte d\u00e9j\u00e0 ab\u00eem\u00e9e, toutefois un joueur peut utiliser une version non foil de la m\u00eame carte s\u2019il en a une. <\/em><\/p>\n<p><em>Les joueurs pr\u00e9f\u00e8rent souvent utiliser leurs propres terrains de base pour tout un tas de raisons. Bien qu\u2019en g\u00e9n\u00e9ral cela ne pose pas de probl\u00e8me, prenez garde aux terrains de base foils qui sont marqu\u00e9s (incurv\u00e9s) ou aux terrains de l\u2019\u00e9dition Alpha qui causent des marques sp\u00e9cifiques sur les pochettes au fil de la journ\u00e9e. Bien que les terrains eux-m\u00eames puissent \u00eatre acceptables, les marques peuvent finir par poser probl\u00e8me. <\/em><br \/>\n<\/div>\n","protected":false},"excerpt":{"rendered":"<p>Toutes les cartes doivent provenir directement des officiels du tournoi. Le produit doit \u00eatre neuf et jamais ouvert. Les boosters peuvent avoir \u00e9t\u00e9 ouverts dans le but d\u2019\u00eatre tamponn\u00e9s dans le cadre d\u2019un Pro Tour, d\u2019un Grand Prix, de la World Magic Cup ou du World Championship. Chaque joueur (ou \u00e9quipe) doit recevoir exactement la [&hellip;]<\/p>\n","protected":false},"author":30,"featured_media":0,"parent":0,"menu_order":0,"comment_status":"closed","ping_status":"closed","template":"page_width-index.php","meta":{"footnotes":"","_links_to":"","_links_to_target":""},"language":[9],"class_list":["post-6098","page","type-page","status-publish","hentry","language-fr"],"_links":{"self":[{"href":"https:\/\/blogs.magicjudges.org\/rules\/wp-json\/wp\/v2\/pages\/6098","targetHints":{"allow":["GET"]}}],"collection":[{"href":"https:\/\/blogs.magicjudges.org\/rules\/wp-json\/wp\/v2\/pages"}],"about":[{"href":"https:\/\/blogs.magicjudges.org\/rules\/wp-json\/wp\/v2\/types\/page"}],"author":[{"embeddable":true,"href":"https:\/\/blogs.magicjudges.org\/rules\/wp-json\/wp\/v2\/users\/30"}],"replies":[{"embeddable":true,"href":"https:\/\/blogs.magicjudges.org\/rules\/wp-json\/wp\/v2\/comments?post=6098"}],"version-history":[{"count":2,"href":"https:\/\/blogs.magicjudges.org\/rules\/wp-json\/wp\/v2\/pages\/6098\/revisions"}],"predecessor-version":[{"id":6421,"href":"https:\/\/blogs.magicjudges.org\/rules\/wp-json\/wp\/v2\/pages\/6098\/revisions\/6421"}],"wp:attachment":[{"href":"https:\/\/blogs.magicjudges.org\/rules\/wp-json\/wp\/v2\/media?parent=6098"}],"wp:term":[{"taxonomy":"language","embeddable":true,"href":"https:\/\/blogs.magicjudges.org\/rules\/wp-json\/wp\/v2\/language?post=6098"}],"curies":[{"name":"wp","href":"https:\/\/api.w.org\/{rel}","templated":true}]}}