{"id":6100,"date":"2016-01-17T17:22:58","date_gmt":"2016-01-17T14:22:58","guid":{"rendered":"http:\/\/blogs.magicjudges.org\/rules\/?page_id=6100"},"modified":"2017-01-17T17:56:56","modified_gmt":"2017-01-17T14:56:56","slug":"mtr7-4-fr","status":"publish","type":"page","link":"https:\/\/blogs.magicjudges.org\/rules\/mtr7-4-fr\/","title":{"rendered":"MTR 7.4 Anomalies dans le produit"},"content":{"rendered":"<p style=\"text-align: justify\">Ni Wizards of the Coast, ni l\u2019organisateur du tournoi ne garantissent une distribution particuli\u00e8re de raret\u00e9s ou de fr\u00e9quences de cartes dans un booster ou dans un paquet de tournoi. Si un joueur re\u00e7oit un booster ou un paquet de tournoi pr\u00e9sentant une distribution de raret\u00e9s ou de fr\u00e9quences non conventionnelle, il doit imm\u00e9diatement appeler un arbitre. La d\u00e9cision de conserver ou de remplacer le produit anormal revient au Head-Judge et \u00e0 l\u2019organisateur.<\/p>\n<div class=\"alert alert-info\" role=\"alert\"> <em>Prenez soin de consulter le TO. Offrir du produit en remplacement lui co\u00fbte de l\u2019argent. <\/em><\/p>\n<p><em>Les joueurs sont cens\u00e9s ouvrir et contr\u00f4ler un seul booster \u00e0 la fois. Les choses deviennent compliqu\u00e9es si quelqu\u2019un a une carte peu commune de moins ou en trop et qu\u2019il ne s\u2019en aper\u00e7oit qu\u2019apr\u00e8s avoir ouvert tous ses six boosters. <\/em><\/p>\n<p><em>S\u2019il manque une carte \u00e0 un joueur, le Head-Judge peut ouvrir un booster et y choisir au hasard une carte de m\u00eame raret\u00e9 pour remplacer celle qui manque. Si un joueur a une carte en trop, les options qui s\u2019offrent \u00e0 vous sont de la lui laisser, de remplacer le booster tout entier, ou encore de choisir au hasard une carte parmi celles de m\u00eame raret\u00e9 que la carte en trop et de dire au joueur de la mettre de c\u00f4t\u00e9 (ex : dans son classeur d\u2019\u00e9changes). En g\u00e9n\u00e9ral il vaut mieux minimiser la perturbation en retirant une carte du pool. <\/em><\/p>\n<p><em>Il est \u00e9galement int\u00e9ressant de noter que par le pass\u00e9 Wizards of the Coast a rarement (et de fa\u00e7on non intentionnelle) ajout\u00e9 dans des boosters du produit d\u2019une extension du futur ou du pass\u00e9. Si cela se produit alors cela tombe aussi sous le coup du r\u00e8glement li\u00e9 aux anomalies dans le produit d\u00e9crit ici. <\/em><\/div>\n","protected":false},"excerpt":{"rendered":"<p>Ni Wizards of the Coast, ni l\u2019organisateur du tournoi ne garantissent une distribution particuli\u00e8re de raret\u00e9s ou de fr\u00e9quences de cartes dans un booster ou dans un paquet de tournoi. Si un joueur re\u00e7oit un booster ou un paquet de tournoi pr\u00e9sentant une distribution de raret\u00e9s ou de fr\u00e9quences non conventionnelle, il doit imm\u00e9diatement appeler [&hellip;]<\/p>\n","protected":false},"author":30,"featured_media":0,"parent":0,"menu_order":0,"comment_status":"closed","ping_status":"closed","template":"page_width-index.php","meta":{"footnotes":"","_links_to":"","_links_to_target":""},"language":[9],"class_list":["post-6100","page","type-page","status-publish","hentry","language-fr"],"_links":{"self":[{"href":"https:\/\/blogs.magicjudges.org\/rules\/wp-json\/wp\/v2\/pages\/6100","targetHints":{"allow":["GET"]}}],"collection":[{"href":"https:\/\/blogs.magicjudges.org\/rules\/wp-json\/wp\/v2\/pages"}],"about":[{"href":"https:\/\/blogs.magicjudges.org\/rules\/wp-json\/wp\/v2\/types\/page"}],"author":[{"embeddable":true,"href":"https:\/\/blogs.magicjudges.org\/rules\/wp-json\/wp\/v2\/users\/30"}],"replies":[{"embeddable":true,"href":"https:\/\/blogs.magicjudges.org\/rules\/wp-json\/wp\/v2\/comments?post=6100"}],"version-history":[{"count":1,"href":"https:\/\/blogs.magicjudges.org\/rules\/wp-json\/wp\/v2\/pages\/6100\/revisions"}],"predecessor-version":[{"id":6107,"href":"https:\/\/blogs.magicjudges.org\/rules\/wp-json\/wp\/v2\/pages\/6100\/revisions\/6107"}],"wp:attachment":[{"href":"https:\/\/blogs.magicjudges.org\/rules\/wp-json\/wp\/v2\/media?parent=6100"}],"wp:term":[{"taxonomy":"language","embeddable":true,"href":"https:\/\/blogs.magicjudges.org\/rules\/wp-json\/wp\/v2\/language?post=6100"}],"curies":[{"name":"wp","href":"https:\/\/api.w.org\/{rel}","templated":true}]}}