{"id":6101,"date":"2016-01-17T17:23:05","date_gmt":"2016-01-17T14:23:05","guid":{"rendered":"http:\/\/blogs.magicjudges.org\/rules\/?page_id=6101"},"modified":"2017-01-17T17:57:13","modified_gmt":"2017-01-17T14:57:13","slug":"mtr7-5-fr","status":"publish","type":"page","link":"https:\/\/blogs.magicjudges.org\/rules\/mtr7-5-fr\/","title":{"rendered":"MTR 7.5 Listage des paquets scell\u00e9s"},"content":{"rendered":"<p style=\"text-align: justify\">Dans les tournois en paquet scell\u00e9, le Head-Judge peut demander aux joueurs d\u2019effectuer une proc\u00e9dure de listage des paquets scell\u00e9s avant de commencer la construction :<\/p>\n<ul>\n<li>On distribue \u00e0 chaque joueur le bon nombre de boosters. Les boosters doivent \u00eatre marqu\u00e9s d\u2019une mani\u00e8re distinctive qui montre qu\u2019ils proviennent de l\u2019organisateur de ce tournoi.<\/li>\n<div class=\"alert alert-info\" role=\"alert\"> <em>Voici une mani\u00e8re simple et rapide de marquer les boosters : faites un trait au marqueur ind\u00e9l\u00e9bile sur l&#8217;un des c\u00f4t\u00e9s des boosters. C&#8217;est facile et applicable \u00e0 grande \u00e9chelle lors d&#8217;un Grand Prix par exemple. Pour les \u00e9v\u00e9nements de plus petite taille, les arbitres et le TO peuvent employer des solutions plus personnalis\u00e9es comme des autocollants ou des rubans adh\u00e9sifs color\u00e9s pour identifier de fa\u00e7on vraiment unique les boosters d\u00e9di\u00e9s \u00e0 cet \u00e9v\u00e9nement.<br \/>\n\t<\/em><\/div>\n<li>Les joueurs d\u2019un m\u00eame c\u00f4t\u00e9 de chaque table ouvrent leurs boosters (ce sont les joueurs A). Les joueurs qui leur font face directement (les joueurs B) les observent. Les deux joueurs A et B observent et v\u00e9rifient le contenu de ces boosters. Apr\u00e8s ce processus, les cartes ouvertes sont rassembl\u00e9es en une seule pile face cach\u00e9e et plac\u00e9es \u00e0 c\u00f4t\u00e9 du joueur B.<\/li>\n<div class=\"alert alert-info\" role=\"alert\"> <em>Quand vous faites vos annonces, il est important de faire savoir \u00e0 tout le monde qui sont les joueurs A qui commencent \u00e0 ouvrir les boosters et qui sont les joueurs B qui observent. Une fa\u00e7on simple de le leur faire comprendre est de d\u00e9signer les joueurs d&#8217;un cot\u00e9 de la table par rapport \u00e0 un certain point, comme la table d&#8217;arbitrage ou le Head-Judge. Par exemple : \u201ctous les joueurs assis du c\u00f4t\u00e9 de la table le plus \u00e9loign\u00e9 de la table d&#8217;arbitrage ouvriront leurs boosters en premier, suivis par ceux du c\u00f4t\u00e9 le plus proche.\u201d<br \/>\n\t<\/em><\/div>\n<li>\u00c0 pr\u00e9sent les joueurs B ouvrent leurs boosters. Les joueurs A les observent. Les deux joueurs A et B observent et v\u00e9rifient le contenu de ces boosters. Apr\u00e8s ce processus, les cartes ouvertes sont rassembl\u00e9es en une seule pile face cach\u00e9e et plac\u00e9es \u00e0 c\u00f4t\u00e9 du joueur A.<\/li>\n<li>Ensuite le joueur A trie et liste le contenu de la pile du joueur B et vice versa.\n<\/li>\n<li>Apr\u00e8s le listage, chaque joueur rend la pile de cartes list\u00e9es au joueur qui les a ouvertes.<\/li>\n<li>Enfin les joueurs construisent et listent leurs decks comme d\u2019habitude.<\/li>\n<\/ul>\n<div class=\"alert alert-info\" role=\"alert\"> <em>La proc\u00e9dure d&#8217;\u00e9change des paquets scell\u00e9s est caract\u00e9ristique des \u00e9v\u00e9nements en REL Comp\u00e9titif qui imposent de lister les decks car elle contribue \u00e0 garantir que personne ne tentera de glisser des cartes suppl\u00e9mentaires dans son pool. Comme c&#8217;est un autre joueur qui observe l&#8217;ouverture de chaque pool et qui en liste le contenu, cela r\u00e9duit consid\u00e9rablement les opportunit\u00e9s d&#8217;y glisser discr\u00e8tement des cartes suppl\u00e9mentaires. De m\u00eame la norme veut que les joueurs soient assis selon un ordre al\u00e9atoire, afin d&#8217;\u00e9viter la collusion entre amis qui se retrouvent r\u00e9guli\u00e8rement assis l&#8217;un \u00e0 c\u00f4t\u00e9 de l&#8217;autre quand l&#8217;ordre est alphab\u00e9tique parce que leurs noms de famille sont proches. <\/em><\/p>\n<p><em>La m\u00e9thode pr\u00e9c\u00e9dente \u00e9tait encore plus drastique pour assurer la r\u00e9partition al\u00e9atoire des pools de cartes mais elle comportait d&#8217;autres probl\u00e8mes ; par exemple un joueur qui ouvrait un pool de grande valeur p\u00e9cuniaire avait le choix entre y renoncer pour jouer le tournoi ou quitter le tournoi avec ce pool. Des pr\u00e9cisions sur les raisons de cette \u00e9volution sont <a href=\"http:\/\/magic.wizards.com\/en\/articles\/archive\/news\/sealed-pool-procedure-update-starting-gp-sydney-and-gp-madison-2015-10-08\" target=\"_blank\">\u00e0 lire ici.<\/a><\/em><\/div>\n","protected":false},"excerpt":{"rendered":"<p>Dans les tournois en paquet scell\u00e9, le Head-Judge peut demander aux joueurs d\u2019effectuer une proc\u00e9dure de listage des paquets scell\u00e9s avant de commencer la construction : On distribue \u00e0 chaque joueur le bon nombre de boosters. Les boosters doivent \u00eatre marqu\u00e9s d\u2019une mani\u00e8re distinctive qui montre qu\u2019ils proviennent de l\u2019organisateur de ce tournoi. Les joueurs [&hellip;]<\/p>\n","protected":false},"author":30,"featured_media":0,"parent":0,"menu_order":0,"comment_status":"closed","ping_status":"closed","template":"page_width-index.php","meta":{"footnotes":"","_links_to":"","_links_to_target":""},"language":[9],"class_list":["post-6101","page","type-page","status-publish","hentry","language-fr"],"_links":{"self":[{"href":"https:\/\/blogs.magicjudges.org\/rules\/wp-json\/wp\/v2\/pages\/6101","targetHints":{"allow":["GET"]}}],"collection":[{"href":"https:\/\/blogs.magicjudges.org\/rules\/wp-json\/wp\/v2\/pages"}],"about":[{"href":"https:\/\/blogs.magicjudges.org\/rules\/wp-json\/wp\/v2\/types\/page"}],"author":[{"embeddable":true,"href":"https:\/\/blogs.magicjudges.org\/rules\/wp-json\/wp\/v2\/users\/30"}],"replies":[{"embeddable":true,"href":"https:\/\/blogs.magicjudges.org\/rules\/wp-json\/wp\/v2\/comments?post=6101"}],"version-history":[{"count":1,"href":"https:\/\/blogs.magicjudges.org\/rules\/wp-json\/wp\/v2\/pages\/6101\/revisions"}],"predecessor-version":[{"id":6108,"href":"https:\/\/blogs.magicjudges.org\/rules\/wp-json\/wp\/v2\/pages\/6101\/revisions\/6108"}],"wp:attachment":[{"href":"https:\/\/blogs.magicjudges.org\/rules\/wp-json\/wp\/v2\/media?parent=6101"}],"wp:term":[{"taxonomy":"language","embeddable":true,"href":"https:\/\/blogs.magicjudges.org\/rules\/wp-json\/wp\/v2\/language?post=6101"}],"curies":[{"name":"wp","href":"https:\/\/api.w.org\/{rel}","templated":true}]}}