{"id":6102,"date":"2016-01-17T17:23:10","date_gmt":"2016-01-17T14:23:10","guid":{"rendered":"http:\/\/blogs.magicjudges.org\/rules\/?page_id=6102"},"modified":"2017-12-08T14:44:50","modified_gmt":"2017-12-08T11:44:50","slug":"mtr7-6-fr","status":"publish","type":"page","link":"https:\/\/blogs.magicjudges.org\/rules\/mtr7-6-fr\/","title":{"rendered":"MTR 7.6 Pods de draft"},"content":{"rendered":"<p style=\"text-align: justify;margin-bottom: 0px\">Dans les tournois en draft ou en Rochester, les joueurs s\u2019assoient al\u00e9atoirement en cercles (appel\u00e9s pods) de tailles \u00e0 peu pr\u00e8s \u00e9gales, en suivant les instructions du Head-Judge. Ensuite, les officiels de tournoi distribuent, \u00e0 chaque joueur, un m\u00eame ensemble de boosters.<\/p>\n<div class=\"alert alert-info\" role=\"alert\"> <em>Faites de votre mieux pour constituer des pods de 8 ou les plus proches de 8 joueurs que possible. En r\u00e8gle g\u00e9n\u00e9rale, t\u00e2chez de former des pods de 6 ou 8 plut\u00f4t qu\u2019un nombre impair afin d\u2019\u00e9viter les byes. Normalement le logiciel asseoira automatiquement les joueurs sur des pods de ces tailles-l\u00e0. Il convient d\u2019utiliser les pods ainsi cr\u00e9\u00e9s sauf si une erreur s\u2019est produite.<\/em><\/div>\n<p style=\"text-align: justify;margin-bottom: 0px\">Les joueurs ne peuvent s\u2019affronter qu\u2019\u00e0 l\u2019int\u00e9rieur d\u2019un m\u00eame pod. Dans les \u00e9v\u00e9nements en Niveau d\u2019Application des R\u00e8gles convivial, l\u2019organisateur peut choisir d\u2019ignorer cette contrainte. Cela doit \u00eatre annonc\u00e9 avant le d\u00e9but du tournoi.<\/p>\n<div class=\"alert alert-info\" role=\"alert\"> <em>G\u00e9n\u00e9ralement les joueurs pr\u00e9f\u00e8rent jouer contre des gens du m\u00eame pod. Ce n\u2019est pas amusant de perdre contre un bon joueur qui a draft\u00e9 \u00e0 un autre pod dont en plus les sept autres joueurs sont novices. Gardez \u00e0 l\u2019esprit qu\u2019un joueur qui perd contre un joueur d\u2019un pod diff\u00e9rent peut avoir le sentiment d\u2019avoir perdu \u00e0 cause de circonstances qui \u00e9chappent \u00e0 son contr\u00f4le.<\/em><\/div>\n","protected":false},"excerpt":{"rendered":"<p>Dans les tournois en draft ou en Rochester, les joueurs s\u2019assoient al\u00e9atoirement en cercles (appel\u00e9s pods) de tailles \u00e0 peu pr\u00e8s \u00e9gales, en suivant les instructions du Head-Judge. Ensuite, les officiels de tournoi distribuent, \u00e0 chaque joueur, un m\u00eame ensemble de boosters. Les joueurs ne peuvent s\u2019affronter qu\u2019\u00e0 l\u2019int\u00e9rieur d\u2019un m\u00eame pod. Dans les \u00e9v\u00e9nements [&hellip;]<\/p>\n","protected":false},"author":30,"featured_media":0,"parent":0,"menu_order":0,"comment_status":"closed","ping_status":"closed","template":"page_width-index.php","meta":{"footnotes":"","_links_to":"","_links_to_target":""},"language":[9],"class_list":["post-6102","page","type-page","status-publish","hentry","language-fr"],"_links":{"self":[{"href":"https:\/\/blogs.magicjudges.org\/rules\/wp-json\/wp\/v2\/pages\/6102","targetHints":{"allow":["GET"]}}],"collection":[{"href":"https:\/\/blogs.magicjudges.org\/rules\/wp-json\/wp\/v2\/pages"}],"about":[{"href":"https:\/\/blogs.magicjudges.org\/rules\/wp-json\/wp\/v2\/types\/page"}],"author":[{"embeddable":true,"href":"https:\/\/blogs.magicjudges.org\/rules\/wp-json\/wp\/v2\/users\/30"}],"replies":[{"embeddable":true,"href":"https:\/\/blogs.magicjudges.org\/rules\/wp-json\/wp\/v2\/comments?post=6102"}],"version-history":[{"count":3,"href":"https:\/\/blogs.magicjudges.org\/rules\/wp-json\/wp\/v2\/pages\/6102\/revisions"}],"predecessor-version":[{"id":7185,"href":"https:\/\/blogs.magicjudges.org\/rules\/wp-json\/wp\/v2\/pages\/6102\/revisions\/7185"}],"wp:attachment":[{"href":"https:\/\/blogs.magicjudges.org\/rules\/wp-json\/wp\/v2\/media?parent=6102"}],"wp:term":[{"taxonomy":"language","embeddable":true,"href":"https:\/\/blogs.magicjudges.org\/rules\/wp-json\/wp\/v2\/language?post=6102"}],"curies":[{"name":"wp","href":"https:\/\/api.w.org\/{rel}","templated":true}]}}