{"id":6103,"date":"2016-01-17T17:23:14","date_gmt":"2016-01-17T14:23:14","guid":{"rendered":"http:\/\/blogs.magicjudges.org\/rules\/?page_id=6103"},"modified":"2017-12-08T14:46:24","modified_gmt":"2017-12-08T11:46:24","slug":"mtr7-7-fr","status":"publish","type":"page","link":"https:\/\/blogs.magicjudges.org\/rules\/mtr7-7-fr\/","title":{"rendered":"MTR 7.7 Proc\u00e9dures de draft"},"content":{"rendered":"<p style=\"text-align: justify;margin-bottom: 0px\">Tous les joueurs doivent ouvrir et drafter le m\u00eame type de booster en m\u00eame temps. Chaque joueur ouvre son premier booster et compte combien de cartes il a ouvert, faces cach\u00e9es, tout en retirant les jetons, les cartes de r\u00e8gles ainsi que toute autre carte ne faisant pas partie du jeu. Les joueurs qui re\u00e7oivent un nombre anormal de cartes doivent en informer imm\u00e9diatement un arbitre. Apr\u00e8s cela, les joueurs retirent et conservent les cartes de terrains de base non premium nomm\u00e9es Plaine, \u00cele, Marais, Montagne ou For\u00eat, ainsi que toutes les cartes non utilisables l\u00e9galement au cours du draft. Les cartes de terrain de base premium restent \u00e0 l\u2019int\u00e9rieur du booster et sont draft\u00e9es avec les autres cartes. Chaque joueur choisit une carte dans le booster qu\u2019il a entre les mains, puis passe les cartes restantes, faces cach\u00e9es, au joueur \u00e0 sa gauche, jusqu\u2019\u00e0 ce que toutes les cartes soient ainsi draft\u00e9es. Une fois qu\u2019un joueur a \u00f4t\u00e9 une carte du paquet et l\u2019a pos\u00e9e sur le dessus de son tas de cartes draft\u00e9es (qui doit consister en un unique tas de cartes, face cach\u00e9e), cette carte est consid\u00e9r\u00e9e comme \u00e9tant draft\u00e9e et ne peut \u00eatre remise dans le paquet.<\/p>\n<div class=\"alert alert-info\" role=\"alert\"> <em>Un joueur qui change d\u2019avis peut poser des probl\u00e8mes ou s\u2019en servir comme diversion tandis qu\u2019il proc\u00e8de discr\u00e8tement \u00e0 un tour de passe-passe sur son paquet de cartes. Une bonne pratique consiste \u00e0 demander aux joueurs de retirer les cartes de publicit\u00e9 ou d\u2019astuces de jeu, le jeton et le terrain de base, le tout face visible sur la table afin d\u2019\u00e9viter que des cartes \u00e0 drafter soient retir\u00e9es accidentellement du booster.<br \/>\n<\/em><\/div>\n<p style=\"text-align: justify;margin-bottom: 0px\">Aucun joueur ne peut r\u00e9v\u00e9ler le recto de la carte qu\u2019il a choisie ou le contenu du paquet qu\u2019il a entre les mains aux autres participants du draft. Les joueurs doivent faire suffisamment d\u2019efforts afin de garder ces informations \u00e0 l\u2019abri du regard de leurs adversaires. Les joueurs n\u2019ont pas l\u2019autorisation de r\u00e9v\u00e9ler des informations cach\u00e9es d\u2019aucune sorte aux autres participants du draft, concernant leurs propres choix, ou ce qu\u2019ils souhaiteraient que d\u2019autres choisissent. (Exception : cette r\u00e8gle ne s\u2019applique pas aux cartes double face, dont chaque face peut \u00eatre r\u00e9v\u00e9l\u00e9e n\u2019importe quand pendant le draft).<\/p>\n<div class=\"alert alert-info\" role=\"alert\"> <em>Chaque drafteur doit tenir ses cartes de telle sorte que lui seul puisse les voir. Il se peut qu\u2019il soit parfois n\u00e9cessaire de le leur rappeler, par exemple s\u2019il les tient trop basses.<\/em><\/p>\n<p><em>Si un joueur a les yeux qui se baladent, c\u2019est mal. Si vous pensez qu\u2019il agit ainsi pour obtenir des informations sur ce qui se trouve dans le tas suivant, veuillez le retirer de l\u2019\u00e9v\u00e9nement en le disqualifiant. <\/em><br \/>\n<\/div>\n<p style=\"text-align: justify;margin-bottom: 0px\">Les joueurs et les \u00e9quipes ne peuvent pas examiner les cartes qu\u2019ils ont draft\u00e9es entre leurs choix ni pendant leur choix en Niveau d\u2019Application des R\u00e8gles Comp\u00e9titif ou Professionnel. En Niveau d\u2019Application des R\u00e8gles Convivial, les joueurs peuvent examiner les cartes qu\u2019ils ont draft\u00e9es entre leurs choix, ou pendant leur choix, tant qu\u2019ils n\u2019ont aucune autre carte en main au m\u00eame moment. Le Head-Judge peut choisir de ne pas autoriser cela, \u00e0 condition qu\u2019il l\u2019annonce avant que la premi\u00e8re carte ne soit draft\u00e9e. Entre chaque booster, chaque joueur dispose d\u2019une p\u00e9riode de temps pendant laquelle il peut examiner les cartes qu\u2019il a draft\u00e9es.<\/p>\n<p style=\"text-align: justify\">Si le draft n\u2019est pas cadenc\u00e9 et que deux joueurs ne souhaitent pas s\u00e9lectionner une carte avant l\u2019autre, le joueur dont le paquet sera pass\u00e9 \u00e0 l\u2019autre en premier s\u00e9lectionne une carte en premier. En cas d\u2019\u00e9galit\u00e9, le joueur qui est dans le num\u00e9ro de si\u00e8ge le plus bas s\u00e9lectionne une carte en premier.<\/p>\n<div class=\"alert alert-info\" role=\"alert\"> <em>En Niveau d\u2019Application des R\u00e8gles Convivial bien que les joueurs aient le droit de regarder les cartes qu\u2019ils ont d\u00e9j\u00e0 s\u00e9lectionn\u00e9es, ils doivent quand m\u00eame drafter \u00e0 un rythme raisonnable. Veuillez insister aupr\u00e8s des joueurs sur la n\u00e9cessit\u00e9 absolue de bien s\u00e9parer leurs picks et les tas de cartes qui passent de main en main. On octroie aux joueurs un laps de temps bien d\u00e9fini pour examiner leurs picks entre chaque booster. Pour conna\u00eetre pr\u00e9cis\u00e9ment ces dur\u00e9es, consultez<a href=\"http:\/\/blogs.magicjudges.org\/rules\/mtr-appendix-b-fr\/\">l\u2019annexe B des MTR<\/a>.<\/em><\/p>\n<p><em>La derni\u00e8re partie sur l\u2019ordre des picks sert \u00e0 g\u00e9rer les cartes double face. Admettons que le joueur 5 attende, pour choisir son pick, la d\u00e9cision du joueur X. Si X est le joueur 2 3 ou 4, le joueur 5 prend son pick en premier. Si X est le joueur 6 7 ou 8, le joueur X prend son pick en premier. De m\u00eame si X = 1, alors X prend son pick en premier. <\/em><\/div>\n<p style=\"text-align: justify\">Une fois le premier paquet draft\u00e9 et la p\u00e9riode de temps de consultation termin\u00e9e, chaque joueur ouvre son deuxi\u00e8me booster et drafte de la m\u00eame mani\u00e8re, sauf que le sens du draft est maintenant invers\u00e9 : les joueurs passent d\u00e9sormais les boosters \u00e0 leur voisin de droite. Ce processus se r\u00e9p\u00e8te, en inversant le sens du draft \u00e0 chaque booster, jusqu\u2019\u00e0 ce que toutes les cartes de tous les boosters aient \u00e9t\u00e9 draft\u00e9es.<\/p>\n<p style=\"text-align: justify;margin-bottom: 0px\">Si un joueur ne peut pas ou ne souhaite pas continuer \u00e0 drafter mais souhaite rester dans le tournoi, il est retir\u00e9 du draft et doit construire son deck \u00e0 partir des cartes qu\u2019il a draft\u00e9es jusque-l\u00e0. Pour le reste du draft, les s\u00e9lections de ce joueur sont saut\u00e9es et le draft continue avec un joueur de moins.<\/p>\n<div class=\"alert alert-info\" role=\"alert\"> <em>Personnellement je n\u2019ai jamais vu un joueur qui \u201cne peut pas ou ne souhaite pas\u201d continuer \u00e0 drafter.<\/em><\/div>\n","protected":false},"excerpt":{"rendered":"<p>Tous les joueurs doivent ouvrir et drafter le m\u00eame type de booster en m\u00eame temps. Chaque joueur ouvre son premier booster et compte combien de cartes il a ouvert, faces cach\u00e9es, tout en retirant les jetons, les cartes de r\u00e8gles ainsi que toute autre carte ne faisant pas partie du jeu. Les joueurs qui re\u00e7oivent [&hellip;]<\/p>\n","protected":false},"author":30,"featured_media":0,"parent":0,"menu_order":0,"comment_status":"closed","ping_status":"closed","template":"page_width-index.php","meta":{"footnotes":"","_links_to":"","_links_to_target":""},"language":[9],"class_list":["post-6103","page","type-page","status-publish","hentry","language-fr"],"_links":{"self":[{"href":"https:\/\/blogs.magicjudges.org\/rules\/wp-json\/wp\/v2\/pages\/6103","targetHints":{"allow":["GET"]}}],"collection":[{"href":"https:\/\/blogs.magicjudges.org\/rules\/wp-json\/wp\/v2\/pages"}],"about":[{"href":"https:\/\/blogs.magicjudges.org\/rules\/wp-json\/wp\/v2\/types\/page"}],"author":[{"embeddable":true,"href":"https:\/\/blogs.magicjudges.org\/rules\/wp-json\/wp\/v2\/users\/30"}],"replies":[{"embeddable":true,"href":"https:\/\/blogs.magicjudges.org\/rules\/wp-json\/wp\/v2\/comments?post=6103"}],"version-history":[{"count":3,"href":"https:\/\/blogs.magicjudges.org\/rules\/wp-json\/wp\/v2\/pages\/6103\/revisions"}],"predecessor-version":[{"id":7187,"href":"https:\/\/blogs.magicjudges.org\/rules\/wp-json\/wp\/v2\/pages\/6103\/revisions\/7187"}],"wp:attachment":[{"href":"https:\/\/blogs.magicjudges.org\/rules\/wp-json\/wp\/v2\/media?parent=6103"}],"wp:term":[{"taxonomy":"language","embeddable":true,"href":"https:\/\/blogs.magicjudges.org\/rules\/wp-json\/wp\/v2\/language?post=6103"}],"curies":[{"name":"wp","href":"https:\/\/api.w.org\/{rel}","templated":true}]}}