{"id":6111,"date":"2016-01-17T17:29:31","date_gmt":"2016-01-17T14:29:31","guid":{"rendered":"http:\/\/blogs.magicjudges.org\/rules\/?page_id=6111"},"modified":"2017-01-17T17:58:18","modified_gmt":"2017-01-17T14:58:18","slug":"mtr8-1-fr","status":"publish","type":"page","link":"https:\/\/blogs.magicjudges.org\/rules\/mtr8-1-fr\/","title":{"rendered":"MTR 8.1 Nom de l\u2019\u00e9quipe"},"content":{"rendered":"<p style=\"text-align: justify;margin-bottom: 0px\">Wizards of the Coast se r\u00e9serve le droit de refuser tout nom d\u2019\u00e9quipe qu\u2019elle consid\u00e8re comme offensant et\/ou obsc\u00e8ne. Tout officiel de tournoi peut refuser l\u2019enregistrement de noms d\u2019\u00e9quipe qu\u2019il consid\u00e8re comme offensant et\/ou obsc\u00e8ne.<\/p>\n<div class=\"alert alert-info\" role=\"alert\"> <em>Il est important de se rappeler que Wizards of the Coast est l\u2019autorit\u00e9 ultime pour d\u00e9terminer ce qui est consid\u00e9r\u00e9 ou non comment offensant. Bien que certains noms soient clairement offensants (allez, vous savez bien de quoi on parle), d\u2019autres peuvent aussi \u00eatre consid\u00e9r\u00e9s comme inacceptables. Ne vous \u00e9tonnez pas qu\u2019un nom qui insulte subtilement des joueurs ou des officiels de tournoi ne soit pas autoris\u00e9. De m\u00eame un nom qui vante un autre jeu ou un autre comp\u00e9titeur peut \u00e9galement \u00eatre consid\u00e9r\u00e9 comme malvenu.<br \/>\n<\/em><\/div>\n","protected":false},"excerpt":{"rendered":"<p>Wizards of the Coast se r\u00e9serve le droit de refuser tout nom d\u2019\u00e9quipe qu\u2019elle consid\u00e8re comme offensant et\/ou obsc\u00e8ne. Tout officiel de tournoi peut refuser l\u2019enregistrement de noms d\u2019\u00e9quipe qu\u2019il consid\u00e8re comme offensant et\/ou obsc\u00e8ne.<\/p>\n","protected":false},"author":30,"featured_media":0,"parent":0,"menu_order":0,"comment_status":"closed","ping_status":"closed","template":"page_width-index.php","meta":{"footnotes":"","_links_to":"","_links_to_target":""},"language":[9],"class_list":["post-6111","page","type-page","status-publish","hentry","language-fr"],"_links":{"self":[{"href":"https:\/\/blogs.magicjudges.org\/rules\/wp-json\/wp\/v2\/pages\/6111","targetHints":{"allow":["GET"]}}],"collection":[{"href":"https:\/\/blogs.magicjudges.org\/rules\/wp-json\/wp\/v2\/pages"}],"about":[{"href":"https:\/\/blogs.magicjudges.org\/rules\/wp-json\/wp\/v2\/types\/page"}],"author":[{"embeddable":true,"href":"https:\/\/blogs.magicjudges.org\/rules\/wp-json\/wp\/v2\/users\/30"}],"replies":[{"embeddable":true,"href":"https:\/\/blogs.magicjudges.org\/rules\/wp-json\/wp\/v2\/comments?post=6111"}],"version-history":[{"count":1,"href":"https:\/\/blogs.magicjudges.org\/rules\/wp-json\/wp\/v2\/pages\/6111\/revisions"}],"predecessor-version":[{"id":6117,"href":"https:\/\/blogs.magicjudges.org\/rules\/wp-json\/wp\/v2\/pages\/6111\/revisions\/6117"}],"wp:attachment":[{"href":"https:\/\/blogs.magicjudges.org\/rules\/wp-json\/wp\/v2\/media?parent=6111"}],"wp:term":[{"taxonomy":"language","embeddable":true,"href":"https:\/\/blogs.magicjudges.org\/rules\/wp-json\/wp\/v2\/language?post=6111"}],"curies":[{"name":"wp","href":"https:\/\/api.w.org\/{rel}","templated":true}]}}