{"id":6112,"date":"2016-01-17T17:29:36","date_gmt":"2016-01-17T14:29:36","guid":{"rendered":"http:\/\/blogs.magicjudges.org\/rules\/?page_id=6112"},"modified":"2017-01-17T17:58:44","modified_gmt":"2017-01-17T14:58:44","slug":"mtr8-2-fr","status":"publish","type":"page","link":"https:\/\/blogs.magicjudges.org\/rules\/mtr8-2-fr\/","title":{"rendered":"MTR 8.2 Composition de l\u2019\u00e9quipe et identification"},"content":{"rendered":"<p style=\"text-align: justify\">Une \u00e9quipe est compos\u00e9e de deux ou trois membres, en fonction du format. Une \u00e9quipe est identifi\u00e9e par les num\u00e9ros DCI de chacun de ses membres. Chaque \u00e9quipe doit fournir \u00e0 l\u2019organisateur du tournoi toutes les informations n\u00e9cessaires au moment des inscriptions. Un m\u00eame joueur, membre de la DCI, peut faire partie de plusieurs \u00e9quipes, mais pas pendant un m\u00eame tournoi. Si un joueur quitte l\u2019\u00e9v\u00e9nement ou s\u2019il est disqualifi\u00e9 de l\u2019\u00e9v\u00e9nement, et qu\u2019il ne reste pas assez de membres dans son \u00e9quipe pour continuer \u00e0 jouer, son \u00e9quipe enti\u00e8re est retir\u00e9e de l\u2019\u00e9v\u00e9nement.<\/p>\n<p style=\"text-align: justify\">Chaque \u00e9quipe doit indiquer le placement de chacun de ses joueurs pendant les inscriptions. Par exemple, lors d\u2019un \u00e9v\u00e9nement o\u00f9 s\u2019opposent des \u00e9quipes de trois joueurs, chaque \u00e9quipe doit d\u00e9signer qui est le joueur A, qui est le joueur B et qui est le joueur C. Les joueurs gardent ces d\u00e9nominations tout au long du tournoi.<\/p>\n<p style=\"text-align: justify;margin-bottom: 0px\">Quand deux \u00e9quipes s\u2019affrontent pendant un tournoi, les \u201cjoueurs A\u201d de chacune des \u00e9quipes s\u2019affrontent, les \u201cjoueurs B\u201d de chacune des \u00e9quipes s\u2019affrontent et ainsi de suite.<\/p>\n<div class=\"alert alert-info\" role=\"alert\"> <em>L\u2019int\u00e9r\u00eat d\u2019identifier une \u00e9quipe par les num\u00e9ros DCI de ses membres est que m\u00eame si l\u2019\u00e9quipe change de nom, tant qu\u2019elle reste compos\u00e9e des trois m\u00eames co\u00e9quipiers, ceux-ci seront pris en compte dans le m\u00eame historique de l\u2019\u00e9v\u00e9nement. Bien entendu une \u00e9quipe ne peut pas concourir avec seulement deux membres et il ne lui est pas permis de \u201ccommencer la ronde avec un match perdu\u201d.<\/em><\/p>\n<p><em>Il est plus important de s\u2019assurer que les bons adversaires de deux \u00e9quipes s\u2019affrontent que de leur imposer o\u00f9 s\u2019asseoir. Si l\u2019\u00e9quipier C a envie de s\u2019asseoir au centre de la table, \u00e7a ne pose pas de probl\u00e8me, du moment que ce sont bien les joueurs C des deux \u00e9quipes qui s\u2019affrontent au milieu. Les membres d\u2019une \u00e9quipe ne doivent jamais modifier leur ordre respectif (A B C) de fa\u00e7on intentionnelle au beau milieu du tournoi. <\/em><br \/>\n<\/div>\n","protected":false},"excerpt":{"rendered":"<p>Une \u00e9quipe est compos\u00e9e de deux ou trois membres, en fonction du format. Une \u00e9quipe est identifi\u00e9e par les num\u00e9ros DCI de chacun de ses membres. Chaque \u00e9quipe doit fournir \u00e0 l\u2019organisateur du tournoi toutes les informations n\u00e9cessaires au moment des inscriptions. Un m\u00eame joueur, membre de la DCI, peut faire partie de plusieurs \u00e9quipes, [&hellip;]<\/p>\n","protected":false},"author":30,"featured_media":0,"parent":0,"menu_order":0,"comment_status":"closed","ping_status":"closed","template":"page_width-index.php","meta":{"footnotes":"","_links_to":"","_links_to_target":""},"language":[9],"class_list":["post-6112","page","type-page","status-publish","hentry","language-fr"],"_links":{"self":[{"href":"https:\/\/blogs.magicjudges.org\/rules\/wp-json\/wp\/v2\/pages\/6112","targetHints":{"allow":["GET"]}}],"collection":[{"href":"https:\/\/blogs.magicjudges.org\/rules\/wp-json\/wp\/v2\/pages"}],"about":[{"href":"https:\/\/blogs.magicjudges.org\/rules\/wp-json\/wp\/v2\/types\/page"}],"author":[{"embeddable":true,"href":"https:\/\/blogs.magicjudges.org\/rules\/wp-json\/wp\/v2\/users\/30"}],"replies":[{"embeddable":true,"href":"https:\/\/blogs.magicjudges.org\/rules\/wp-json\/wp\/v2\/comments?post=6112"}],"version-history":[{"count":1,"href":"https:\/\/blogs.magicjudges.org\/rules\/wp-json\/wp\/v2\/pages\/6112\/revisions"}],"predecessor-version":[{"id":6118,"href":"https:\/\/blogs.magicjudges.org\/rules\/wp-json\/wp\/v2\/pages\/6112\/revisions\/6118"}],"wp:attachment":[{"href":"https:\/\/blogs.magicjudges.org\/rules\/wp-json\/wp\/v2\/media?parent=6112"}],"wp:term":[{"taxonomy":"language","embeddable":true,"href":"https:\/\/blogs.magicjudges.org\/rules\/wp-json\/wp\/v2\/language?post=6112"}],"curies":[{"name":"wp","href":"https:\/\/api.w.org\/{rel}","templated":true}]}}