{"id":6113,"date":"2016-01-17T17:29:41","date_gmt":"2016-01-17T14:29:41","guid":{"rendered":"http:\/\/blogs.magicjudges.org\/rules\/?page_id=6113"},"modified":"2019-01-22T18:54:22","modified_gmt":"2019-01-22T15:54:22","slug":"mtr8-3-fr","status":"publish","type":"page","link":"https:\/\/blogs.magicjudges.org\/rules\/mtr8-3-fr\/","title":{"rendered":"MTR 8.3 R\u00e8gles de communication \u00e0 l\u2019int\u00e9rieur de l\u2019\u00e9quipe"},"content":{"rendered":"<p>Les r\u00e8gles pour la communication \u00e0 l\u2019int\u00e9rieur de l\u2019\u00e9quipe sont les m\u00eames que celles pour le Troll \u00e0 deux t\u00eates. <a href=\"http:\/\/blogs.magicjudges.org\/rules\/mtr4-6-fr\/\">Voir la section 4.6 pour plus de d\u00e9tails.<\/a><\/p>\n","protected":false},"excerpt":{"rendered":"<p>Les r\u00e8gles pour la communication \u00e0 l\u2019int\u00e9rieur de l\u2019\u00e9quipe sont les m\u00eames que celles pour le Troll \u00e0 deux t\u00eates. Voir la section 4.6 pour plus de d\u00e9tails.<\/p>\n","protected":false},"author":30,"featured_media":0,"parent":0,"menu_order":0,"comment_status":"closed","ping_status":"closed","template":"page_width-index.php","meta":{"footnotes":"","_links_to":"","_links_to_target":""},"language":[9],"class_list":["post-6113","page","type-page","status-publish","hentry","language-fr"],"_links":{"self":[{"href":"https:\/\/blogs.magicjudges.org\/rules\/wp-json\/wp\/v2\/pages\/6113","targetHints":{"allow":["GET"]}}],"collection":[{"href":"https:\/\/blogs.magicjudges.org\/rules\/wp-json\/wp\/v2\/pages"}],"about":[{"href":"https:\/\/blogs.magicjudges.org\/rules\/wp-json\/wp\/v2\/types\/page"}],"author":[{"embeddable":true,"href":"https:\/\/blogs.magicjudges.org\/rules\/wp-json\/wp\/v2\/users\/30"}],"replies":[{"embeddable":true,"href":"https:\/\/blogs.magicjudges.org\/rules\/wp-json\/wp\/v2\/comments?post=6113"}],"version-history":[{"count":5,"href":"https:\/\/blogs.magicjudges.org\/rules\/wp-json\/wp\/v2\/pages\/6113\/revisions"}],"predecessor-version":[{"id":8643,"href":"https:\/\/blogs.magicjudges.org\/rules\/wp-json\/wp\/v2\/pages\/6113\/revisions\/8643"}],"wp:attachment":[{"href":"https:\/\/blogs.magicjudges.org\/rules\/wp-json\/wp\/v2\/media?parent=6113"}],"wp:term":[{"taxonomy":"language","embeddable":true,"href":"https:\/\/blogs.magicjudges.org\/rules\/wp-json\/wp\/v2\/language?post=6113"}],"curies":[{"name":"wp","href":"https:\/\/api.w.org\/{rel}","templated":true}]}}