{"id":6114,"date":"2016-01-17T17:29:46","date_gmt":"2016-01-17T14:29:46","guid":{"rendered":"http:\/\/blogs.magicjudges.org\/rules\/?page_id=6114"},"modified":"2017-03-01T01:08:35","modified_gmt":"2017-02-28T22:08:35","slug":"mtr8-4-fr","status":"publish","type":"page","link":"https:\/\/blogs.magicjudges.org\/rules\/mtr8-4-fr\/","title":{"rendered":"MTR 8.4 R\u00e8gle de construction unifi\u00e9e de deck"},"content":{"rendered":"<p style=\"text-align: justify\">Les tournois par \u00e9quipes en Construit utilisent la r\u00e8gle de construction unifi\u00e9e de deck : except\u00e9 pour les cartes avec le sur-type \u00ab de base \u00bb et de celles dont le texte pr\u00e9cise le contraire, une carte donn\u00e9e ne peut appartenir qu\u2019\u00e0 un seul deck de l\u2019\u00e9quipe (en se basant sur le nom anglais des cartes). Par exemple, si un joueur, dans un \u00e9v\u00e9nement par \u00e9quipes en Construit, a Naturalisation dans son deck, aucun autre joueur de son \u00e9quipe ne peut utiliser Naturalisation dans son deck. Aucun joueur ne peut avoir de cartes bannies d\u2019un certain format. <\/p>\n<p style=\"text-align: justify;margin-bottom: 0px\">La r\u00e8gle de construction unifi\u00e9e de deck ne s\u2019applique que si tous les membres d\u2019une m\u00eame \u00e9quipe jouent dans le m\u00eame format. <\/p>\n<div class=\"alert alert-info\" role=\"alert\"> <em>Remarquez le changement ici ! D\u00e9sormais, l\u2019utilisation d\u2019une carte est limit\u00e9e \u00e0 un joueur. Cela rend bien plus facile la v\u00e9rification sur la l\u00e9galit\u00e9 des cartes, \u00e0 la fois pour les \u00e9quipes et les arbitres.<\/em><\/div>\n","protected":false},"excerpt":{"rendered":"<p>Les tournois par \u00e9quipes en Construit utilisent la r\u00e8gle de construction unifi\u00e9e de deck : except\u00e9 pour les cartes avec le sur-type \u00ab de base \u00bb et de celles dont le texte pr\u00e9cise le contraire, une carte donn\u00e9e ne peut appartenir qu\u2019\u00e0 un seul deck de l\u2019\u00e9quipe (en se basant sur le nom anglais des [&hellip;]<\/p>\n","protected":false},"author":30,"featured_media":0,"parent":0,"menu_order":0,"comment_status":"closed","ping_status":"closed","template":"page_width-index.php","meta":{"footnotes":"","_links_to":"","_links_to_target":""},"language":[9],"class_list":["post-6114","page","type-page","status-publish","hentry","language-fr"],"_links":{"self":[{"href":"https:\/\/blogs.magicjudges.org\/rules\/wp-json\/wp\/v2\/pages\/6114","targetHints":{"allow":["GET"]}}],"collection":[{"href":"https:\/\/blogs.magicjudges.org\/rules\/wp-json\/wp\/v2\/pages"}],"about":[{"href":"https:\/\/blogs.magicjudges.org\/rules\/wp-json\/wp\/v2\/types\/page"}],"author":[{"embeddable":true,"href":"https:\/\/blogs.magicjudges.org\/rules\/wp-json\/wp\/v2\/users\/30"}],"replies":[{"embeddable":true,"href":"https:\/\/blogs.magicjudges.org\/rules\/wp-json\/wp\/v2\/comments?post=6114"}],"version-history":[{"count":2,"href":"https:\/\/blogs.magicjudges.org\/rules\/wp-json\/wp\/v2\/pages\/6114\/revisions"}],"predecessor-version":[{"id":6433,"href":"https:\/\/blogs.magicjudges.org\/rules\/wp-json\/wp\/v2\/pages\/6114\/revisions\/6433"}],"wp:attachment":[{"href":"https:\/\/blogs.magicjudges.org\/rules\/wp-json\/wp\/v2\/media?parent=6114"}],"wp:term":[{"taxonomy":"language","embeddable":true,"href":"https:\/\/blogs.magicjudges.org\/rules\/wp-json\/wp\/v2\/language?post=6114"}],"curies":[{"name":"wp","href":"https:\/\/api.w.org\/{rel}","templated":true}]}}