{"id":6116,"date":"2016-01-17T17:29:55","date_gmt":"2016-01-17T14:29:55","guid":{"rendered":"http:\/\/blogs.magicjudges.org\/rules\/?page_id=6116"},"modified":"2017-01-17T18:00:45","modified_gmt":"2017-01-17T15:00:45","slug":"mtr8-6-fr","status":"publish","type":"page","link":"https:\/\/blogs.magicjudges.org\/rules\/mtr8-6-fr\/","title":{"rendered":"MTR 8.6 Tournois en paquet scell\u00e9 par \u00e9quipes"},"content":{"rendered":"<p style=\"text-align: justify\">Toutes les r\u00e8gles r\u00e9gissant les \u00e9v\u00e9nements individuels en Limit\u00e9 (cf. section 7) s\u2019appliquent aux \u00e9v\u00e9nements en paquet scell\u00e9 par \u00e9quipes, avec les exceptions ci-dessous.<\/p>\n<p style=\"text-align: justify\">Chaque \u00e9quipe doit recevoir le m\u00eame produit. Par exemple, si une \u00e9quipe re\u00e7oit douze boosters Magic Origines, chaque \u00e9quipe doit recevoir douze boosters Magic Origines.<\/p>\n<p style=\"text-align: justify\">Il est recommand\u00e9 que chaque \u00e9quipe re\u00e7oive huit boosters lors des \u00e9v\u00e9nements en \u00e9quipes de deux joueurs et douze boosters lors des \u00e9v\u00e9nements en \u00e9quipes de trois joueurs. R\u00e9f\u00e9rez-vous \u00e0 l\u2019<a href=\"http:\/\/blogs.magicjudges.org\/rules\/mtr-appendix-d\/\">Annexe D<\/a> pour conna\u00eetre le produit recommand\u00e9 pour les diff\u00e9rents blocs..<\/p>\n<p style=\"text-align: justify;margin-bottom: 0px\">Chaque carte doit \u00eatre int\u00e9gr\u00e9e au deck ou au sideboard d\u2019un joueur pendant la construction du deck, et ne peut \u00eatre transf\u00e9r\u00e9e \u00e0 un autre joueur lors de ce tournoi. (Les joueurs d\u2019une m\u00eame \u00e9quipe ne partagent pas les cartes de leur deck, ni de leur sideboard.) Les joueurs d\u2019une m\u00eame \u00e9quipe peuvent \u00e9changer leurs cartes entre les diff\u00e9rentes rondes, lors des tournois en Niveau d\u2019Application des R\u00e8gles Convivial qui n\u2019utilisent pas les listes de deck, mais uniquement entre les matchs.<\/p>\n<div class=\"alert alert-info\" role=\"alert\"> <em>Pour les tournois comp\u00e9titifs, il est hautement recommand\u00e9 de suivre les indications sur la r\u00e9partition du produit de l\u2019<a href=\"http:\/\/blogs.magicjudges.org\/rules\/mtr-appendix-d\/\">Annexe D<\/a> afin que les joueurs puissent raisonnablement savoir \u00e0 quoi s\u2019attendre dans le format, m\u00eame si techniquement n\u2019importe quels produits peuvent \u00eatre utilis\u00e9s dans le cadre du r\u00e8glement ci-dessus. Les \u00e9v\u00e9nements comp\u00e9titifs par \u00e9quipes sont rares en dehors des Grands Prix par \u00e9quipes, n\u00e9anmoins quand ils ont lieu, il demeure n\u00e9cessaire que chaque match suive les m\u00eames directives que dans les tournois individuels.<br \/>\n<\/em><\/div>\n","protected":false},"excerpt":{"rendered":"<p>Toutes les r\u00e8gles r\u00e9gissant les \u00e9v\u00e9nements individuels en Limit\u00e9 (cf. section 7) s\u2019appliquent aux \u00e9v\u00e9nements en paquet scell\u00e9 par \u00e9quipes, avec les exceptions ci-dessous. Chaque \u00e9quipe doit recevoir le m\u00eame produit. Par exemple, si une \u00e9quipe re\u00e7oit douze boosters Magic Origines, chaque \u00e9quipe doit recevoir douze boosters Magic Origines. Il est recommand\u00e9 que chaque \u00e9quipe [&hellip;]<\/p>\n","protected":false},"author":30,"featured_media":0,"parent":0,"menu_order":0,"comment_status":"closed","ping_status":"closed","template":"page_width-index.php","meta":{"footnotes":"","_links_to":"","_links_to_target":""},"language":[9],"class_list":["post-6116","page","type-page","status-publish","hentry","language-fr"],"_links":{"self":[{"href":"https:\/\/blogs.magicjudges.org\/rules\/wp-json\/wp\/v2\/pages\/6116","targetHints":{"allow":["GET"]}}],"collection":[{"href":"https:\/\/blogs.magicjudges.org\/rules\/wp-json\/wp\/v2\/pages"}],"about":[{"href":"https:\/\/blogs.magicjudges.org\/rules\/wp-json\/wp\/v2\/types\/page"}],"author":[{"embeddable":true,"href":"https:\/\/blogs.magicjudges.org\/rules\/wp-json\/wp\/v2\/users\/30"}],"replies":[{"embeddable":true,"href":"https:\/\/blogs.magicjudges.org\/rules\/wp-json\/wp\/v2\/comments?post=6116"}],"version-history":[{"count":1,"href":"https:\/\/blogs.magicjudges.org\/rules\/wp-json\/wp\/v2\/pages\/6116\/revisions"}],"predecessor-version":[{"id":6122,"href":"https:\/\/blogs.magicjudges.org\/rules\/wp-json\/wp\/v2\/pages\/6116\/revisions\/6122"}],"wp:attachment":[{"href":"https:\/\/blogs.magicjudges.org\/rules\/wp-json\/wp\/v2\/media?parent=6116"}],"wp:term":[{"taxonomy":"language","embeddable":true,"href":"https:\/\/blogs.magicjudges.org\/rules\/wp-json\/wp\/v2\/language?post=6116"}],"curies":[{"name":"wp","href":"https:\/\/api.w.org\/{rel}","templated":true}]}}