{"id":6123,"date":"2016-01-17T17:35:41","date_gmt":"2016-01-17T14:35:41","guid":{"rendered":"http:\/\/blogs.magicjudges.org\/rules\/?page_id=6123"},"modified":"2017-01-17T18:00:56","modified_gmt":"2017-01-17T15:00:56","slug":"mtr9-1-fr","status":"publish","type":"page","link":"https:\/\/blogs.magicjudges.org\/rules\/mtr9-1-fr\/","title":{"rendered":"MTR 9.1 Structure du match en Troll \u00e0 deux t\u00eates"},"content":{"rendered":"<p style=\"text-align: justify\">En Troll \u00e0 deux t\u00eates, les matchs se jouent en une partie gagnante.<\/p>\n<div class=\"alert alert-info\" role=\"alert\"> <em>Les parties en Troll \u00e0 deux t\u00eates sont plus longues que les parties classiques donc on n\u2019a le temps que de faire une seule partie par match si on veut que les tournois se terminent dans des d\u00e9lais raisonnables. La plupart des r\u00e8gles ci-apr\u00e8s s\u2019efforcent de compenser l\u2019importance que le facteur al\u00e9atoire prend du fait de ne jouer qu\u2019une seule partie par match.<br \/>\n<\/em><\/p>\n<p style=\"text-align: justify\">Tous les joueurs des deux \u00e9quipes jouent la m\u00eame partie.<\/p>\n<p><em>Cela fait r\u00e9f\u00e9rence \u00e0 la nature bien distincte du Troll \u00e0 deux t\u00eates. Les MTR ne sont pas le document appropri\u00e9 pour expliquer les r\u00e8gles du Troll \u00e0 deux t\u00eates, celles-ci se trouvent dans la section 810 des r\u00e8gles compl\u00e8tes de Magic.<br \/>\n<\/em><\/p>\n<p style=\"text-align: justify;margin-bottom: 0px\">Les parties nulles (sans vainqueur) ne sont pas prises en compte. Tant que le temps imparti n\u2019est pas \u00e9coul\u00e9, le match se poursuit jusqu\u2019\u00e0 ce qu\u2019une \u00e9quipe gagne une partie.<\/p>\n<p><em>Tout comme dans les matchs classiques o\u00f9 l\u2019expression \u201cle meilleur en trois parties\u201d signifie en r\u00e9alit\u00e9 \u201cle premier \u00e0 deux victoires\u201d, l\u2019expression \u201cle meilleur en une partie\u201d signifie en r\u00e9alit\u00e9 \u201cle premier \u00e0 une victoire\u201d.<\/em><\/div>\n","protected":false},"excerpt":{"rendered":"<p>En Troll \u00e0 deux t\u00eates, les matchs se jouent en une partie gagnante.<\/p>\n","protected":false},"author":30,"featured_media":0,"parent":0,"menu_order":0,"comment_status":"closed","ping_status":"closed","template":"page_width-index.php","meta":{"footnotes":"","_links_to":"","_links_to_target":""},"language":[9],"class_list":["post-6123","page","type-page","status-publish","hentry","language-fr"],"_links":{"self":[{"href":"https:\/\/blogs.magicjudges.org\/rules\/wp-json\/wp\/v2\/pages\/6123","targetHints":{"allow":["GET"]}}],"collection":[{"href":"https:\/\/blogs.magicjudges.org\/rules\/wp-json\/wp\/v2\/pages"}],"about":[{"href":"https:\/\/blogs.magicjudges.org\/rules\/wp-json\/wp\/v2\/types\/page"}],"author":[{"embeddable":true,"href":"https:\/\/blogs.magicjudges.org\/rules\/wp-json\/wp\/v2\/users\/30"}],"replies":[{"embeddable":true,"href":"https:\/\/blogs.magicjudges.org\/rules\/wp-json\/wp\/v2\/comments?post=6123"}],"version-history":[{"count":1,"href":"https:\/\/blogs.magicjudges.org\/rules\/wp-json\/wp\/v2\/pages\/6123\/revisions"}],"predecessor-version":[{"id":6130,"href":"https:\/\/blogs.magicjudges.org\/rules\/wp-json\/wp\/v2\/pages\/6123\/revisions\/6130"}],"wp:attachment":[{"href":"https:\/\/blogs.magicjudges.org\/rules\/wp-json\/wp\/v2\/media?parent=6123"}],"wp:term":[{"taxonomy":"language","embeddable":true,"href":"https:\/\/blogs.magicjudges.org\/rules\/wp-json\/wp\/v2\/language?post=6123"}],"curies":[{"name":"wp","href":"https:\/\/api.w.org\/{rel}","templated":true}]}}