{"id":6124,"date":"2016-01-17T17:35:51","date_gmt":"2016-01-17T14:35:51","guid":{"rendered":"http:\/\/blogs.magicjudges.org\/rules\/?page_id=6124"},"modified":"2017-01-17T18:01:16","modified_gmt":"2017-01-17T15:01:16","slug":"mtr9-2-fr","status":"publish","type":"page","link":"https:\/\/blogs.magicjudges.org\/rules\/mtr9-2-fr\/","title":{"rendered":"MTR 9.2 R\u00e8gles de communication"},"content":{"rendered":"<p style=\"text-align: justify;margin-bottom: 0px\">Les membres d\u2019une m\u00eame \u00e9quipe peuvent communiquer entre eux \u00e0 tout moment.<\/p>\n<div class=\"alert alert-info\" role=\"alert\"> <em>\u201c\u00c0 tout moment\u201d signifie bel et bien \u201c\u00e0 tout moment\u201d. Les joueurs ne peuvent pas en abuser pour perdre du temps mais \u00e0 cela pr\u00e8s il n\u2019y a aucune autre limite. Les joueurs peuvent vraiment communiquer entre eux \u00e0 tout moment.<\/em><\/p>\n<p><em>Voici une liste rapide et certainement pas exhaustive de ces moments-l\u00e0 :<br \/>\n&#8211; Au moment de d\u00e9cider quelle carte choisir en draft.<br \/>\n&#8211; Au moment de d\u00e9cider s\u2019il faut effectuer un mulligan.<br \/>\n&#8211; \u00c0 chaque \u00e9tape du lancement d\u2019un sort.<br \/>\n&#8211; Entre deux tours.<br \/>\n&#8211; Apr\u00e8s avoir d\u00e9gag\u00e9 les cr\u00e9atures mais avant d\u2019avoir d\u00e9gag\u00e9 les terrains.<\/em><br \/>\n<\/div>\n","protected":false},"excerpt":{"rendered":"<p>Les membres d\u2019une m\u00eame \u00e9quipe peuvent communiquer entre eux \u00e0 tout moment.<\/p>\n","protected":false},"author":30,"featured_media":0,"parent":0,"menu_order":0,"comment_status":"closed","ping_status":"closed","template":"page_width-index.php","meta":{"footnotes":"","_links_to":"","_links_to_target":""},"language":[9],"class_list":["post-6124","page","type-page","status-publish","hentry","language-fr"],"_links":{"self":[{"href":"https:\/\/blogs.magicjudges.org\/rules\/wp-json\/wp\/v2\/pages\/6124","targetHints":{"allow":["GET"]}}],"collection":[{"href":"https:\/\/blogs.magicjudges.org\/rules\/wp-json\/wp\/v2\/pages"}],"about":[{"href":"https:\/\/blogs.magicjudges.org\/rules\/wp-json\/wp\/v2\/types\/page"}],"author":[{"embeddable":true,"href":"https:\/\/blogs.magicjudges.org\/rules\/wp-json\/wp\/v2\/users\/30"}],"replies":[{"embeddable":true,"href":"https:\/\/blogs.magicjudges.org\/rules\/wp-json\/wp\/v2\/comments?post=6124"}],"version-history":[{"count":1,"href":"https:\/\/blogs.magicjudges.org\/rules\/wp-json\/wp\/v2\/pages\/6124\/revisions"}],"predecessor-version":[{"id":6131,"href":"https:\/\/blogs.magicjudges.org\/rules\/wp-json\/wp\/v2\/pages\/6124\/revisions\/6131"}],"wp:attachment":[{"href":"https:\/\/blogs.magicjudges.org\/rules\/wp-json\/wp\/v2\/media?parent=6124"}],"wp:term":[{"taxonomy":"language","embeddable":true,"href":"https:\/\/blogs.magicjudges.org\/rules\/wp-json\/wp\/v2\/language?post=6124"}],"curies":[{"name":"wp","href":"https:\/\/api.w.org\/{rel}","templated":true}]}}