{"id":6127,"date":"2016-01-17T17:36:05","date_gmt":"2016-01-17T14:36:05","guid":{"rendered":"http:\/\/blogs.magicjudges.org\/rules\/?page_id=6127"},"modified":"2017-03-01T01:38:44","modified_gmt":"2017-02-28T22:38:44","slug":"mtr9-5-fr","status":"publish","type":"page","link":"https:\/\/blogs.magicjudges.org\/rules\/mtr9-5-fr\/","title":{"rendered":"MTR 9.5 Decks en Construit en Troll \u00e0 deux t\u00eates"},"content":{"rendered":"<p style=\"text-align: justify\">La r\u00e8gle de construction unifi\u00e9e de deck s\u2019applique aux tournois en Construit en Troll \u00e0 deux t\u00eates (cf. <a href=\"http:\/\/blogs.magicjudges.org\/rules\/mtr8-4-fr\/\">section 8.4<\/a>).<\/p>\n<p style=\"text-align: justify\">En plus des cartes bannies de leurs formats respectifs, la carte suivante est bannie de TOUS les tournois en Construit en Troll \u00e0 deux t\u00eates (Vintage, Legacy, Modern et Bloc) :<\/p>\n<ul style=\"text-align: justify\">\n<li style=\"text-align: justify\"><a href=\"https:\/\/blogs.magicjudges.org\/rules\/wp-content\/plugins\/lems-mtg-helper\/lems-mtg-helper-cardfinder.php?find=Erayo%2C+Soratami+Ascendant&width=223&height=310\" class=\"jTip\" name=\"\">Erayo, Soratami Ascendant<\/a> (Erayo, ascendante soratami) <\/li>\n<\/ul>\n<p style=\"text-align: justify;margin-bottom: 0px\">Le recours \u00e0 un sideboard n\u2019est pas autoris\u00e9 dans les tournois en Construit en Troll \u00e0 deux t\u00eates.<\/p>\n<div class=\"alert alert-info\" role=\"alert\"> <em>Les sideboards sont interdits parce que les matchs en Troll \u00e0 deux t\u00eates se jouent en une manche gagnante. Certes cela a un impact direct sur la facult\u00e9 des joueurs \u00e0 utiliser le cycle des cartes de Souhait de mani\u00e8re fonctionnelle mais il s\u2019agit d\u2019une perte acceptable. En outre, veuillez vous rappeler que le jeu construit en Troll \u00e0 deux t\u00eates respecte un format pr\u00e9cis (Moderne, Standard, Vintage!, etc) et en tant que tel il est soumis aux restrictions de construction des decks associ\u00e9es \u00e0 ce format. De plus Erayo est bannie quel que soit le format.<\/em><\/div>\n","protected":false},"excerpt":{"rendered":"<p>La r\u00e8gle de construction unifi\u00e9e de deck s\u2019applique aux tournois en Construit en Troll \u00e0 deux t\u00eates (cf. section 8.4). En plus des cartes bannies de leurs formats respectifs, la carte suivante est bannie de TOUS les tournois en Construit en Troll \u00e0 deux t\u00eates (Vintage, Legacy, Modern et Bloc) : (Erayo, ascendante soratami) Le [&hellip;]<\/p>\n","protected":false},"author":30,"featured_media":0,"parent":0,"menu_order":0,"comment_status":"closed","ping_status":"closed","template":"page_width-index.php","meta":{"footnotes":"","_links_to":"","_links_to_target":""},"language":[9],"class_list":["post-6127","page","type-page","status-publish","hentry","language-fr"],"_links":{"self":[{"href":"https:\/\/blogs.magicjudges.org\/rules\/wp-json\/wp\/v2\/pages\/6127","targetHints":{"allow":["GET"]}}],"collection":[{"href":"https:\/\/blogs.magicjudges.org\/rules\/wp-json\/wp\/v2\/pages"}],"about":[{"href":"https:\/\/blogs.magicjudges.org\/rules\/wp-json\/wp\/v2\/types\/page"}],"author":[{"embeddable":true,"href":"https:\/\/blogs.magicjudges.org\/rules\/wp-json\/wp\/v2\/users\/30"}],"replies":[{"embeddable":true,"href":"https:\/\/blogs.magicjudges.org\/rules\/wp-json\/wp\/v2\/comments?post=6127"}],"version-history":[{"count":2,"href":"https:\/\/blogs.magicjudges.org\/rules\/wp-json\/wp\/v2\/pages\/6127\/revisions"}],"predecessor-version":[{"id":6455,"href":"https:\/\/blogs.magicjudges.org\/rules\/wp-json\/wp\/v2\/pages\/6127\/revisions\/6455"}],"wp:attachment":[{"href":"https:\/\/blogs.magicjudges.org\/rules\/wp-json\/wp\/v2\/media?parent=6127"}],"wp:term":[{"taxonomy":"language","embeddable":true,"href":"https:\/\/blogs.magicjudges.org\/rules\/wp-json\/wp\/v2\/language?post=6127"}],"curies":[{"name":"wp","href":"https:\/\/api.w.org\/{rel}","templated":true}]}}