{"id":6128,"date":"2016-01-17T17:36:08","date_gmt":"2016-01-17T14:36:08","guid":{"rendered":"http:\/\/blogs.magicjudges.org\/rules\/?page_id=6128"},"modified":"2017-01-17T18:02:04","modified_gmt":"2017-01-17T15:02:04","slug":"mtr9-6-fr","status":"publish","type":"page","link":"https:\/\/blogs.magicjudges.org\/rules\/mtr9-6-fr\/","title":{"rendered":"MTR 9.6 R\u00e8gles de tournoi en Limit\u00e9 en Troll \u00e0 deux t\u00eates"},"content":{"rendered":"<p style=\"text-align: justify\">Toutes les r\u00e8gles r\u00e9gissant les tournois en Limit\u00e9 (cf. section 7) s\u2019appliquent, avec les exceptions ci-dessous.<\/p>\n<p style=\"text-align: justify\">Il est recommand\u00e9 que chaque \u00e9quipe re\u00e7oive huit boosters. R\u00e9f\u00e9rez-vous \u00e0 <a href=\"http:\/\/blogs.magicjudges.org\/rules\/mtr-appendix-d-fr\/\">l\u2019annexe D<\/a>pour conna\u00eetre le produit recommand\u00e9 pour diff\u00e9rents blocs.<\/p>\n<p style=\"text-align: justify;margin-bottom: 0px\">Les cartes qui ne sont pas incluses dans un des decks de d\u00e9part de l\u2019\u00e9quipe constituent le sideboard partag\u00e9 par les deux joueurs, qui ont chacun acc\u00e8s \u00e0 ces cartes.<\/p>\n<div class=\"alert alert-info\" role=\"alert\"> <em>Souvenez-vous bien de ceci : bien que le sideboard soit partag\u00e9 par les deux joueurs, un match est remport\u00e9 en une manche gagnante en Troll \u00e0 deux t\u00eates. Cette r\u00e8gle prend toute son importance dans les tournois o\u00f9 les joueurs peuvent \u00e9changer des cartes entre leur deck principal et les cartes de leur sideboard (ex : ceux o\u00f9 on ne demande pas de listes de decks).<\/em><\/div>\n","protected":false},"excerpt":{"rendered":"<p>Toutes les r\u00e8gles r\u00e9gissant les tournois en Limit\u00e9 (cf. section 7) s\u2019appliquent, avec les exceptions ci-dessous. Il est recommand\u00e9 que chaque \u00e9quipe re\u00e7oive huit boosters. R\u00e9f\u00e9rez-vous \u00e0 l\u2019annexe Dpour conna\u00eetre le produit recommand\u00e9 pour diff\u00e9rents blocs. Les cartes qui ne sont pas incluses dans un des decks de d\u00e9part de l\u2019\u00e9quipe constituent le sideboard partag\u00e9 [&hellip;]<\/p>\n","protected":false},"author":30,"featured_media":0,"parent":0,"menu_order":0,"comment_status":"closed","ping_status":"closed","template":"page_width-index.php","meta":{"footnotes":"","_links_to":"","_links_to_target":""},"language":[9],"class_list":["post-6128","page","type-page","status-publish","hentry","language-fr"],"_links":{"self":[{"href":"https:\/\/blogs.magicjudges.org\/rules\/wp-json\/wp\/v2\/pages\/6128","targetHints":{"allow":["GET"]}}],"collection":[{"href":"https:\/\/blogs.magicjudges.org\/rules\/wp-json\/wp\/v2\/pages"}],"about":[{"href":"https:\/\/blogs.magicjudges.org\/rules\/wp-json\/wp\/v2\/types\/page"}],"author":[{"embeddable":true,"href":"https:\/\/blogs.magicjudges.org\/rules\/wp-json\/wp\/v2\/users\/30"}],"replies":[{"embeddable":true,"href":"https:\/\/blogs.magicjudges.org\/rules\/wp-json\/wp\/v2\/comments?post=6128"}],"version-history":[{"count":1,"href":"https:\/\/blogs.magicjudges.org\/rules\/wp-json\/wp\/v2\/pages\/6128\/revisions"}],"predecessor-version":[{"id":6135,"href":"https:\/\/blogs.magicjudges.org\/rules\/wp-json\/wp\/v2\/pages\/6128\/revisions\/6135"}],"wp:attachment":[{"href":"https:\/\/blogs.magicjudges.org\/rules\/wp-json\/wp\/v2\/media?parent=6128"}],"wp:term":[{"taxonomy":"language","embeddable":true,"href":"https:\/\/blogs.magicjudges.org\/rules\/wp-json\/wp\/v2\/language?post=6128"}],"curies":[{"name":"wp","href":"https:\/\/api.w.org\/{rel}","templated":true}]}}