{"id":6129,"date":"2016-01-17T17:36:13","date_gmt":"2016-01-17T14:36:13","guid":{"rendered":"http:\/\/blogs.magicjudges.org\/rules\/?page_id=6129"},"modified":"2017-01-17T18:02:35","modified_gmt":"2017-01-17T15:02:35","slug":"mtr9-7-fr","status":"publish","type":"page","link":"https:\/\/blogs.magicjudges.org\/rules\/mtr9-7-fr\/","title":{"rendered":"MTR 9.7 Tournois en draft en Troll \u00e0 deux t\u00eates"},"content":{"rendered":"<p style=\"text-align: justify\">Les \u00e9quipes (et non les joueurs) forment al\u00e9atoirement des cercles (appel\u00e9 pods de draft) de tailles \u00e0 peu pr\u00e8s \u00e9gales dans la direction du Head-Judge. Les co\u00e9quipiers s\u2019assoient l\u2019un \u00e0 c\u00f4t\u00e9 de l\u2019autre. Ensuite, les officiels de tournoi distribuent six boosters identiques \u00e0 chaque \u00e9quipe pr\u00e9sente dans le pod. <\/p>\n<p style=\"text-align: justify\">Apr\u00e8s avoir ouvert le premier booster et compt\u00e9 le nombre de cartes \u00e0 l\u2019int\u00e9rieur de celui-ci, chaque \u00e9quipe choisit deux cartes de son booster, puis passe les cartes restantes, faces cach\u00e9es, \u00e0 l\u2019\u00e9quipe se trouvant \u00e0 sa gauche. Les cartes ainsi choisies peuvent former un ou deux tas. Elles ne sont pas assign\u00e9es \u00e0 un joueur en particulier. Elles font partie du paquet \u00e0 partir duquel chacun des deux membres de l\u2019\u00e9quipe devra construire son deck. Les boosters ouverts font le tour du pod de draft (chaque \u00e9quipe prenant deux cartes de chaque booster avant de le passer \u00e0 l\u2019\u00e9quipe suivante) jusqu\u2019\u00e0 ce que toutes les cartes soient draft\u00e9es.<\/p>\n<p style=\"text-align: justify;margin-bottom: 0px\">Pour le deuxi\u00e8me booster, le sens du draft est invers\u00e9, comme en individuel. Ainsi les joueurs passent-ils alternativement vers la : gauche\u2013droite\u2013gauche\u2013droite\u2013gauche\u2013droite. <\/p>\n<div class=\"alert alert-info\" role=\"alert\"> <em>Ici la situation id\u00e9ale est que la taille des pods soit comparable \u00e0 celle d\u2019un draft classique. En r\u00e8gle g\u00e9n\u00e9rale nous aimerions avoir de six \u00e0 huit joueurs par pod et c\u2019est aussi ce que nous souhaitons ici. Cela correspond \u00e0 trois ou quatre \u00e9quipes dans ce contexte. Il ne faut pas asseoir de six \u00e0 huit \u00e9quipes par pod ! <\/em><\/p>\n<p><em>Rappelez-vous \u00e9galement qu\u2019en r\u00e8gle g\u00e9n\u00e9rale pendant le draft ce n\u2019est pas le moment de discuter et le 2HG Troll \u00e0 deux t\u00eates ne constitue absolument pas une exception. Les joueurs ont le droit de communiquer avec leurs co\u00e9quipiers et de s\u2019entraider (parce qu\u2019ils choisissent leurs picks ensemble, en tant qu\u2019\u00e9quipe). <\/em><\/div>\n","protected":false},"excerpt":{"rendered":"<p>Les \u00e9quipes (et non les joueurs) forment al\u00e9atoirement des cercles (appel\u00e9 pods de draft) de tailles \u00e0 peu pr\u00e8s \u00e9gales dans la direction du Head-Judge. Les co\u00e9quipiers s\u2019assoient l\u2019un \u00e0 c\u00f4t\u00e9 de l\u2019autre. Ensuite, les officiels de tournoi distribuent six boosters identiques \u00e0 chaque \u00e9quipe pr\u00e9sente dans le pod. Apr\u00e8s avoir ouvert le premier booster [&hellip;]<\/p>\n","protected":false},"author":30,"featured_media":0,"parent":0,"menu_order":0,"comment_status":"closed","ping_status":"closed","template":"page_width-index.php","meta":{"footnotes":"","_links_to":"","_links_to_target":""},"language":[9],"class_list":["post-6129","page","type-page","status-publish","hentry","language-fr"],"_links":{"self":[{"href":"https:\/\/blogs.magicjudges.org\/rules\/wp-json\/wp\/v2\/pages\/6129","targetHints":{"allow":["GET"]}}],"collection":[{"href":"https:\/\/blogs.magicjudges.org\/rules\/wp-json\/wp\/v2\/pages"}],"about":[{"href":"https:\/\/blogs.magicjudges.org\/rules\/wp-json\/wp\/v2\/types\/page"}],"author":[{"embeddable":true,"href":"https:\/\/blogs.magicjudges.org\/rules\/wp-json\/wp\/v2\/users\/30"}],"replies":[{"embeddable":true,"href":"https:\/\/blogs.magicjudges.org\/rules\/wp-json\/wp\/v2\/comments?post=6129"}],"version-history":[{"count":1,"href":"https:\/\/blogs.magicjudges.org\/rules\/wp-json\/wp\/v2\/pages\/6129\/revisions"}],"predecessor-version":[{"id":6136,"href":"https:\/\/blogs.magicjudges.org\/rules\/wp-json\/wp\/v2\/pages\/6129\/revisions\/6136"}],"wp:attachment":[{"href":"https:\/\/blogs.magicjudges.org\/rules\/wp-json\/wp\/v2\/media?parent=6129"}],"wp:term":[{"taxonomy":"language","embeddable":true,"href":"https:\/\/blogs.magicjudges.org\/rules\/wp-json\/wp\/v2\/language?post=6129"}],"curies":[{"name":"wp","href":"https:\/\/api.w.org\/{rel}","templated":true}]}}