{"id":6138,"date":"2016-01-17T17:43:01","date_gmt":"2016-01-17T14:43:01","guid":{"rendered":"http:\/\/blogs.magicjudges.org\/rules\/?page_id=6138"},"modified":"2017-01-17T18:02:53","modified_gmt":"2017-01-17T15:02:53","slug":"mtr10-2-fr","status":"publish","type":"page","link":"https:\/\/blogs.magicjudges.org\/rules\/mtr10-2-fr\/","title":{"rendered":"MTR 10.2 Nombre de rondes"},"content":{"rendered":"<p style=\"text-align: justify\">Le nombre minimum de rondes requis pour qu\u2019un tournoi soit homologu\u00e9 est de :<\/p>\n<ul style=\"text-align: justify\">\n<li>Trois (3) rondes minimum pour les tournois en individuel.<\/li>\n<li>Deux (2) rondes minimum pour les tournois par \u00e9quipes et en Troll \u00e0 deux t\u00eates.<\/li>\n<\/ul>\n<p style=\"text-align: justify\">Si le nombre minimum de rondes n\u2019est pas atteint, le tournoi n\u2019est plus homologu\u00e9 DCI et ne rapportera pas de point Planeswalker. Si le nombre minimum de rondes n\u2019est pas atteint, l\u2019organisateur du tournoi doit rapporter le tournoi avec le statut \u00ab Did Not Occur \u00bb (n\u2019a pas eu lieu).<\/p>\n<p style=\"text-align: justify\">Le nombre de rondes doit \u00eatre annonc\u00e9 au d\u00e9but de la premi\u00e8re ronde ou avant ; une fois qu\u2019il a \u00e9t\u00e9 annonc\u00e9 il ne peut pas \u00eatre chang\u00e9. \u00c0 la place, l\u2019organisateur peut annoncer un nombre variable de rondes, avec un crit\u00e8re sp\u00e9cifique pour terminer le tournoi. Par exemple, il peut annoncer un tournoi de 20 joueurs comme comptant 5 rondes \u00e0 moins qu\u2019il ne reste qu\u2019un joueur avec 4 victoires \u00e0 l\u2019issue de la quatri\u00e8me ronde.<\/p>\n<p style=\"text-align: justify\">Le nombre recommand\u00e9 de rondes pour les tournois en rondes suisses est indiqu\u00e9 dans <a href=\"http:\/\/blogs.magicjudges.org\/rules\/mtr-appendix-e\/\">l\u2019annexe E<\/a>.<\/p>\n","protected":false},"excerpt":{"rendered":"<p>Le nombre minimum de rondes requis pour qu\u2019un tournoi soit homologu\u00e9 est de : Trois (3) rondes minimum pour les tournois en individuel. Deux (2) rondes minimum pour les tournois par \u00e9quipes et en Troll \u00e0 deux t\u00eates. Si le nombre minimum de rondes n\u2019est pas atteint, le tournoi n\u2019est plus homologu\u00e9 DCI et ne [&hellip;]<\/p>\n","protected":false},"author":30,"featured_media":0,"parent":0,"menu_order":0,"comment_status":"closed","ping_status":"closed","template":"page_width-index.php","meta":{"footnotes":"","_links_to":"","_links_to_target":""},"language":[9],"class_list":["post-6138","page","type-page","status-publish","hentry","language-fr"],"_links":{"self":[{"href":"https:\/\/blogs.magicjudges.org\/rules\/wp-json\/wp\/v2\/pages\/6138","targetHints":{"allow":["GET"]}}],"collection":[{"href":"https:\/\/blogs.magicjudges.org\/rules\/wp-json\/wp\/v2\/pages"}],"about":[{"href":"https:\/\/blogs.magicjudges.org\/rules\/wp-json\/wp\/v2\/types\/page"}],"author":[{"embeddable":true,"href":"https:\/\/blogs.magicjudges.org\/rules\/wp-json\/wp\/v2\/users\/30"}],"replies":[{"embeddable":true,"href":"https:\/\/blogs.magicjudges.org\/rules\/wp-json\/wp\/v2\/comments?post=6138"}],"version-history":[{"count":1,"href":"https:\/\/blogs.magicjudges.org\/rules\/wp-json\/wp\/v2\/pages\/6138\/revisions"}],"predecessor-version":[{"id":6142,"href":"https:\/\/blogs.magicjudges.org\/rules\/wp-json\/wp\/v2\/pages\/6138\/revisions\/6142"}],"wp:attachment":[{"href":"https:\/\/blogs.magicjudges.org\/rules\/wp-json\/wp\/v2\/media?parent=6138"}],"wp:term":[{"taxonomy":"language","embeddable":true,"href":"https:\/\/blogs.magicjudges.org\/rules\/wp-json\/wp\/v2\/language?post=6138"}],"curies":[{"name":"wp","href":"https:\/\/api.w.org\/{rel}","templated":true}]}}