{"id":6145,"date":"2016-01-17T17:45:05","date_gmt":"2016-01-17T14:45:05","guid":{"rendered":"http:\/\/blogs.magicjudges.org\/rules\/?page_id=6145"},"modified":"2017-03-01T01:39:19","modified_gmt":"2017-02-28T22:39:19","slug":"mtr-appendix-a-fr","status":"publish","type":"page","link":"https:\/\/blogs.magicjudges.org\/rules\/mtr-appendix-a-fr\/","title":{"rendered":"MTR Appendix A \u2014 Changes From Previous Versions"},"content":{"rendered":"<p style=\"text-align: justify\">Seuls les changements concernant cette version et la version pr\u00e9c\u00e9dente de ce document seront list\u00e9s dans cette annexe.<\/p>\n<p style=\"text-align: justify\">\n<strong>20 janvier  2017<\/strong><br \/>\nG\u00e9n\u00e9ralit\u00e9 : Nettoyage des utilisations de \u00ab \u00e9v\u00e8nements \u00bb et \u00ab tournois \u00bb.<br \/>\n<a href=\"http:\/\/blogs.magicjudges.org\/rules\/magic-the-gathering-tournament-rules-fr\/\">Introduction<\/a>: Ajout du planning des futurs changements.<br \/>\n<a href=\"http:\/\/blogs.magicjudges.org\/rules\/mtr2-4-fr\/\">Section 2.4<\/a>: Les matchs nul intentionnels sont report\u00e9s 0-0-3 ou en utilisant le bouton Draw.<br \/>\n<a href=\"http:\/\/blogs.magicjudges.org\/rules\/mtr2-6-fr\/\">Section 2.6<\/a>: Les Features matches dans les tournois ayant un suivi vid\u00e9o re\u00e7oivent au moins trois minutes d\u2019extension de temps.<br \/>\n<a href=\"http:\/\/blogs.magicjudges.org\/rules\/mtr3-9-fr\/\">Section 3.9<\/a>: Les joueurs peuvent uniquement utiliser le m\u00e9lange en tas une fois par partie, au d\u00e9but.<br \/>\n<a href=\"http:\/\/blogs.magicjudges.org\/rules\/mtr4-2-fr\/\">Section 4.2<\/a>: Le raccourci de redirection sur les Planeswalker ne s\u2019applique qu\u2019aux Planeswalker adverses.<br \/>\n<a href=\"http:\/\/blogs.magicjudges.org\/rules\/mtr6-1-fr\/\">Section 6.1<\/a>: Pr\u00e9cision sur la l\u00e9galit\u00e9 des cartes des S\u00e9ries Chefs d\u2019oeuvre.<br \/>\n<a href=\"http:\/\/blogs.magicjudges.org\/rules\/mtr6-3-fr\/\">Section 6.3<\/a>: Mise \u00e0 jour du format Standard. 3 cartes bannies<br \/>\n<a href=\"http:\/\/blogs.magicjudges.org\/rules\/mtr6-4-fr\/\">Section 6.4<\/a>: Mise \u00e0 jour du format Modern. 2 cartes bannies.<br \/>\n<a href=\"http:\/\/blogs.magicjudges.org\/rules\/mtr7-2-fr\/\">Section 7.2<\/a>: Pr\u00e9cision sur la l\u00e9galit\u00e9 des cartes des S\u00e9ries Chefs d\u2019oeuvre.<br \/>\n<a href=\"http:\/\/blogs.magicjudges.org\/rules\/mtr-appendix-b-fr\/\">Annexe B<\/a>: Augmentation du temps de revue lors d\u2019un Booster draft.<br \/>\n<a href=\"http:\/\/blogs.magicjudges.org\/rules\/mtr-appendix-d-fr\/\">Annexe D<\/a>: Mise \u00e0 jour du mix de produit pour les formats Limit\u00e9.\n<\/p>\n<p style=\"text-align: justify\">\n<strong>10 novembre 2016<\/strong><br \/>\n<a href=\"http:\/\/blogs.magicjudges.org\/rules\/mtr-appendix-d-fr\/\">Annexe D<\/a>: Mise \u00e0 jour du mix de produit pour les formats Limit\u00e9.\n<\/p>\n<p style=\"text-align: justify\">\n<strong>14 octobre 2016<\/strong><br \/>\n<a href=\"http:\/\/blogs.magicjudges.org\/rules\/mtr6-3-fr\/\">Section 6.3<\/a>: Dates de rotation du Standards pour La Bataille de Zendikar et Le Serment des Sentinelles retir\u00e9es, d\u00fb au changement de la politique des rotations.\n<\/p>\n<p style=\"text-align: justify\">\n<strong>30 septembre 2016<\/strong><br \/>\nG\u00e9n\u00e9ralit\u00e9 : ajout de \u00ab class\u00e9 \u00bb comme forme de tournoi \u00ab homologu\u00e9s \u00bb.<br \/>\nIntroduction : clarifier qu\u2019il y a deux type de tournois homologu\u00e9s (convivial et class\u00e9) et d\u00e9finir chacun<br \/>\n<a href=\"http:\/\/blogs.magicjudges.org\/rules\/mtr3-7-fr\/\">Section 3.7<\/a>: mise \u00e0 jour des prochaines sorties.<br \/>\n<a href=\"http:\/\/blogs.magicjudges.org\/rules\/mtr3-9-fr\/\">Section 3.9<\/a>: le m\u00e9lange en tas ne peut pas \u00eatre utilis\u00e9 plus d\u2019une fois par m\u00e9lange<br \/>\n<a href=\"http:\/\/blogs.magicjudges.org\/rules\/mtr6-4-fr\/\">Section 6.4<\/a>: mise \u00e0 jour du format Modern.<br \/>\n<a href=\"http:\/\/blogs.magicjudges.org\/rules\/mtr6-5-fr\/\">Section 6.5<\/a>: modification de la fa\u00e7on dont sont not\u00e9es les cartes Conspiracy et cartes de mise.<br \/>\n<a href=\"http:\/\/blogs.magicjudges.org\/rules\/mtr6-6-fr\/\">Section 6.6<\/a>: modification de la fa\u00e7on dont sont not\u00e9es les cartes Conspiracy et cartes de mise.<br \/>\n<a href=\"http:\/\/blogs.magicjudges.org\/rules\/mtr6-7-fr\/\">Section 6.7<\/a>: ajout du bloc Kaladesh.<a href=\"http:\/\/blogs.magicjudges.org\/rules\/mtr-appendix-d\/\">Annexe D<\/a>: mise \u00e0 jour du mix de produit.<br \/>\n<a href=\"http:\/\/blogs.magicjudges.org\/rules\/mtr-appendix-e\/\">Annexe E<\/a>: clarification du nombre de rondes\/phase d\u2019\u00e9limination directe pour les tournois de 9 \u00e0 16 joueurs.<\/p>\n","protected":false},"excerpt":{"rendered":"<p>Seuls les changements concernant cette version et la version pr\u00e9c\u00e9dente de ce document seront list\u00e9s dans cette annexe. 20 janvier 2017 G\u00e9n\u00e9ralit\u00e9 : Nettoyage des utilisations de \u00ab \u00e9v\u00e8nements \u00bb et \u00ab tournois \u00bb. Introduction: Ajout du planning des futurs changements. Section 2.4: Les matchs nul intentionnels sont report\u00e9s 0-0-3 ou en utilisant le bouton [&hellip;]<\/p>\n","protected":false},"author":30,"featured_media":0,"parent":0,"menu_order":0,"comment_status":"closed","ping_status":"closed","template":"page_width-index.php","meta":{"footnotes":"","_links_to":"","_links_to_target":""},"language":[9],"class_list":["post-6145","page","type-page","status-publish","hentry","language-fr"],"_links":{"self":[{"href":"https:\/\/blogs.magicjudges.org\/rules\/wp-json\/wp\/v2\/pages\/6145","targetHints":{"allow":["GET"]}}],"collection":[{"href":"https:\/\/blogs.magicjudges.org\/rules\/wp-json\/wp\/v2\/pages"}],"about":[{"href":"https:\/\/blogs.magicjudges.org\/rules\/wp-json\/wp\/v2\/types\/page"}],"author":[{"embeddable":true,"href":"https:\/\/blogs.magicjudges.org\/rules\/wp-json\/wp\/v2\/users\/30"}],"replies":[{"embeddable":true,"href":"https:\/\/blogs.magicjudges.org\/rules\/wp-json\/wp\/v2\/comments?post=6145"}],"version-history":[{"count":3,"href":"https:\/\/blogs.magicjudges.org\/rules\/wp-json\/wp\/v2\/pages\/6145\/revisions"}],"predecessor-version":[{"id":6456,"href":"https:\/\/blogs.magicjudges.org\/rules\/wp-json\/wp\/v2\/pages\/6145\/revisions\/6456"}],"wp:attachment":[{"href":"https:\/\/blogs.magicjudges.org\/rules\/wp-json\/wp\/v2\/media?parent=6145"}],"wp:term":[{"taxonomy":"language","embeddable":true,"href":"https:\/\/blogs.magicjudges.org\/rules\/wp-json\/wp\/v2\/language?post=6145"}],"curies":[{"name":"wp","href":"https:\/\/api.w.org\/{rel}","templated":true}]}}