{"id":6224,"date":"2017-02-01T00:39:40","date_gmt":"2017-01-31T21:39:40","guid":{"rendered":"http:\/\/blogs.magicjudges.org\/rules\/?page_id=6224"},"modified":"2018-09-03T03:04:52","modified_gmt":"2018-09-03T00:04:52","slug":"ipg1-5-es","status":"publish","type":"page","link":"https:\/\/blogs.magicjudges.org\/rules\/ipg1-5-es\/","title":{"rendered":"IPG 1.5 Grupos"},"content":{"rendered":"<p><span style=\"font-weight: 400\">Algunas infracciones en este documento se refieren a \u201cgrupos\u201d de cartas.<\/span><\/p>\n<p><span style=\"font-weight: 400\"><div class=\"alert alert-info\" role=\"alert\"> <\/span><i><span style=\"font-weight: 400\">Dichas Infracciones son<\/span><\/i><a href=\"http:\/\/blogs.magicjudges.org\/rules\/ipg2-2-es\/\"> <i><span style=\"font-weight: 400\">IPG 2.2 Mirar Cartas Adicionales<\/span><\/i><\/a><i><span style=\"font-weight: 400\">,<\/span><\/i><a href=\"http:\/\/blogs.magicjudges.org\/rules\/ipg2-3-es\/\"> <i><span style=\"font-weight: 400\">IPG 2.3 Error de Carta Oculta<\/span><\/i><\/a><i><span style=\"font-weight: 400\">, y<\/span><\/i><a href=\"http:\/\/blogs.magicjudges.org\/rules\/ipg3-5-es\/\"> <i><span style=\"font-weight: 400\">IPG 3.5 Problema de Mazo<\/span><\/i><\/a><i><span style=\"font-weight: 400\">.<\/span><\/i><span style=\"font-weight: 400\"><\/div><\/span><\/p>\n<p><span style=\"font-weight: 400\">Un grupo es un conjunto de cartas f\u00edsicamente distinto definido por una regla de juego o efecto. Puede corresponderse con una zona espec\u00edfica, o representar una parte de una zona. Un grupo puede consistir en una \u00fanica carta.<\/span><\/p>\n<p><span style=\"font-weight: 400\"><div class=\"alert alert-info\" role=\"alert\"> <\/span><i><span style=\"font-weight: 400\">Una carta o regla puede crear grupos brevemente durante su resoluci\u00f3n (como por ejemplo, <a href=\"https:\/\/blogs.magicjudges.org\/rules\/wp-content\/plugins\/lems-mtg-helper\/lems-mtg-helper-cardfinder.php?find=Realidad+o+ficci%C3%B3n&width=223&height=310\" class=\"jTip\" name=\"\">Realidad o ficci\u00f3n<\/a>, o <a href=\"https:\/\/blogs.magicjudges.org\/rules\/wp-content\/plugins\/lems-mtg-helper\/lems-mtg-helper-cardfinder.php?find=Compa%C3%B1%C3%ADa+reunida&width=223&height=310\" class=\"jTip\" name=\"\">Compa\u00f1\u00eda reunida<\/a>, o incluso la carta que robas por turno). Si est\u00e1s agarrando una o m\u00e1s cartas, eso es un grupo. Si damos vuelta las tres cartas del tope de nuestra biblioteca para revelarlas, eso es un grupo. Otros grupos existen de forma natural en el juego, como son tu Biblioteca, Cementerio, Exilio, y Mano. S\u00f3lo para dejarlo de forma totalmente clara, una \u00fanica carta tambi\u00e9n puede ser un grupo.<\/span><\/i><span style=\"font-weight: 400\"><\/div><\/span><\/p>\n<p><span style=\"font-weight: 400\">Las cartas se consideran parte de un grupo hasta que se unen a otro grupo. No hay un estado entre medio y cualquier carta que todav\u00eda no fue vista es parte del grupo anterior (a menos que el nuevo grupo es oculto).<\/span><\/p>\n<p><span style=\"font-weight: 400\"><div class=\"alert alert-info\" role=\"alert\"> <\/span><i><span style=\"font-weight: 400\">Esto es s\u00f3lo para dejar expl\u00edcitamente aclarado que, no importa cu\u00e1nto lo intentes, no puede existir una carta que no sea parte de un grupo. Considera cualquier carta no vista como parte de su grupo no-oculto anterior.<\/span><\/i><span style=\"font-weight: 400\"><\/div><\/span><\/p>\n","protected":false},"excerpt":{"rendered":"<p>Algunas infracciones en este documento se refieren a \u201cgrupos\u201d de cartas. Un grupo es un conjunto de cartas f\u00edsicamente distinto definido por una regla de juego o efecto. Puede corresponderse con una zona espec\u00edfica, o representar una parte de una zona. Un grupo puede consistir en una \u00fanica carta. Las cartas se consideran parte de [&hellip;]<\/p>\n","protected":false},"author":243,"featured_media":0,"parent":0,"menu_order":0,"comment_status":"closed","ping_status":"closed","template":"","meta":{"footnotes":"","_links_to":"","_links_to_target":""},"language":[8],"class_list":["post-6224","page","type-page","status-publish","hentry","language-es"],"_links":{"self":[{"href":"https:\/\/blogs.magicjudges.org\/rules\/wp-json\/wp\/v2\/pages\/6224","targetHints":{"allow":["GET"]}}],"collection":[{"href":"https:\/\/blogs.magicjudges.org\/rules\/wp-json\/wp\/v2\/pages"}],"about":[{"href":"https:\/\/blogs.magicjudges.org\/rules\/wp-json\/wp\/v2\/types\/page"}],"author":[{"embeddable":true,"href":"https:\/\/blogs.magicjudges.org\/rules\/wp-json\/wp\/v2\/users\/243"}],"replies":[{"embeddable":true,"href":"https:\/\/blogs.magicjudges.org\/rules\/wp-json\/wp\/v2\/comments?post=6224"}],"version-history":[{"count":8,"href":"https:\/\/blogs.magicjudges.org\/rules\/wp-json\/wp\/v2\/pages\/6224\/revisions"}],"predecessor-version":[{"id":8218,"href":"https:\/\/blogs.magicjudges.org\/rules\/wp-json\/wp\/v2\/pages\/6224\/revisions\/8218"}],"wp:attachment":[{"href":"https:\/\/blogs.magicjudges.org\/rules\/wp-json\/wp\/v2\/media?parent=6224"}],"wp:term":[{"taxonomy":"language","embeddable":true,"href":"https:\/\/blogs.magicjudges.org\/rules\/wp-json\/wp\/v2\/language?post=6224"}],"curies":[{"name":"wp","href":"https:\/\/api.w.org\/{rel}","templated":true}]}}