{"id":6739,"date":"2017-05-16T01:26:45","date_gmt":"2017-05-15T22:26:45","guid":{"rendered":"http:\/\/blogs.magicjudges.org\/rules\/?page_id=6739"},"modified":"2017-05-24T21:20:34","modified_gmt":"2017-05-24T18:20:34","slug":"ipg1-5-conjuntos","status":"publish","type":"page","link":"https:\/\/blogs.magicjudges.org\/rules\/ipg1-5-conjuntos\/","title":{"rendered":"IPG 1.5 Conjuntos"},"content":{"rendered":"<p><span style=\"font-weight: 400\">Algumas infra\u00e7\u00f5es deste documento fazem refer\u00eancia a \u201cconjuntos\u201d de cards.<\/span><\/p>\n<p><i><span style=\"font-weight: 400\"><div class=\"alert alert-info\" role=\"alert\"> <\/span><\/i><span style=\"font-weight: 400\">Essas infra\u00e7\u00f5es s\u00e3o: Olhar Cards Extra, Erro de Card Oculto e Problema de Deck.<\/span><i><span style=\"font-weight: 400\"><\/div><\/span><\/i><\/p>\n<p><span style=\"font-weight: 400\">Um conjunto \u00e9 um grupo de cards fisicamente distinto definido por uma regra \u00a0de jogo ou efeito. Ele pode corresponder a uma zona espec\u00edfica ou pode representar apenas parte de uma zona. Um conjunto pode consistir de apenas um card.<\/span><\/p>\n<p><i><span style=\"font-weight: 400\"><div class=\"alert alert-info\" role=\"alert\"> <\/span><\/i><span style=\"font-weight: 400\">Isso \u00e9 meio que auto-explicativo. Um card pode criar conjuntos durante sua resolu\u00e7\u00e3o (como Fact or Fiction ou Collected Company). Se voc\u00ea estiver segurando um ou mais cards, ent\u00e3o isso \u00e9 um conjunto. Se voc\u00ea virou os 3 cards do topo de seu grim\u00f3rio para revel\u00e1-los, isso tamb\u00e9m \u00e9 um conjunto. Outros conjuntos existem naturalmente no jogo, como sua m\u00e3o, cemit\u00e9rio, grim\u00f3rio ou ex\u00edlio. E para que fique bem claro, um \u00fanico card tamb\u00e9m pode ser um conjunto.<\/span><i><span style=\"font-weight: 400\"><\/div><\/span><\/i><\/p>\n<p><span style=\"font-weight: 400\">Considera-se que os cards fazem parte de um conjunto at\u00e9 que eles entrem em outro conjunto. N\u00e3o existem estados intermedi\u00e1rios e qualquer card que ainda n\u00e3o foi visto, \u00e9 parte do conjunto anterior (a n\u00e3o ser que o novo conjunto seja oculto).<\/span><\/p>\n<p><i><span style=\"font-weight: 400\"><div class=\"alert alert-info\" role=\"alert\"> <\/span><\/i><span style=\"font-weight: 400\">Esse par\u00e1grafo \u00e9 pra dizer claramente que, n\u00e3o importa o quanto voc\u00ea queira ou tente, nunca teremos uma situa\u00e7\u00e3o aonde um card n\u00e3o \u00e9 parte de um conjunto. Considere todos os cards que n\u00e3o foram vistos ainda como parte do conjunto anterior.<\/span><i><span style=\"font-weight: 400\"><\/div><\/span><\/i><\/p>\n","protected":false},"excerpt":{"rendered":"<p>Algumas infra\u00e7\u00f5es deste documento fazem refer\u00eancia a \u201cconjuntos\u201d de cards. Um conjunto \u00e9 um grupo de cards fisicamente distinto definido por uma regra \u00a0de jogo ou efeito. Ele pode corresponder a uma zona espec\u00edfica ou pode representar apenas parte de uma zona. Um conjunto pode consistir de apenas um card. Considera-se que os cards fazem [&hellip;]<\/p>\n","protected":false},"author":249,"featured_media":0,"parent":0,"menu_order":0,"comment_status":"closed","ping_status":"closed","template":"","meta":{"footnotes":"","_links_to":"","_links_to_target":""},"language":[13],"class_list":["post-6739","page","type-page","status-publish","hentry","language-pt_br"],"_links":{"self":[{"href":"https:\/\/blogs.magicjudges.org\/rules\/wp-json\/wp\/v2\/pages\/6739","targetHints":{"allow":["GET"]}}],"collection":[{"href":"https:\/\/blogs.magicjudges.org\/rules\/wp-json\/wp\/v2\/pages"}],"about":[{"href":"https:\/\/blogs.magicjudges.org\/rules\/wp-json\/wp\/v2\/types\/page"}],"author":[{"embeddable":true,"href":"https:\/\/blogs.magicjudges.org\/rules\/wp-json\/wp\/v2\/users\/249"}],"replies":[{"embeddable":true,"href":"https:\/\/blogs.magicjudges.org\/rules\/wp-json\/wp\/v2\/comments?post=6739"}],"version-history":[{"count":2,"href":"https:\/\/blogs.magicjudges.org\/rules\/wp-json\/wp\/v2\/pages\/6739\/revisions"}],"predecessor-version":[{"id":6743,"href":"https:\/\/blogs.magicjudges.org\/rules\/wp-json\/wp\/v2\/pages\/6739\/revisions\/6743"}],"wp:attachment":[{"href":"https:\/\/blogs.magicjudges.org\/rules\/wp-json\/wp\/v2\/media?parent=6739"}],"wp:term":[{"taxonomy":"language","embeddable":true,"href":"https:\/\/blogs.magicjudges.org\/rules\/wp-json\/wp\/v2\/language?post=6739"}],"curies":[{"name":"wp","href":"https:\/\/api.w.org\/{rel}","templated":true}]}}