{"id":7222,"date":"2017-12-20T19:05:00","date_gmt":"2017-12-20T16:05:00","guid":{"rendered":"http:\/\/blogs.magicjudges.org\/rules\/?page_id=7222"},"modified":"2017-12-20T19:06:00","modified_gmt":"2017-12-20T16:06:00","slug":"mtr1-1-pt","status":"publish","type":"page","link":"https:\/\/blogs.magicjudges.org\/rules\/mtr1-1-pt\/","title":{"rendered":"MTR 1.1 Tipos de Torneio"},"content":{"rendered":"<p><span style=\"font-weight: 400\">Torneios classificados sancionados s\u00e3o divididos em dois tipos: Premier e n\u00e3o-Premier. Torneios premier s\u00e3o organizados pela Wizards of the Coast ou Organizadores de Torneio selecionados. Eles possuem nomes e caracter\u00edsticas \u00fanicas. Torneios n\u00e3o-Premier s\u00e3o torneio que n\u00e3o s\u00e3o explicitamente Premier. <\/span><\/p>\n<p><span style=\"font-weight: 400\"><div class=\"alert alert-info\" role=\"alert\">  <\/span><i><span style=\"font-weight: 400\">Torneios premier atualmente incluem Magic: The Gathering World Championship, World Magic Cup, World Magic Cup Qualifiers, World Magic Cup Qualifier Trials, Pro Tour, Regional Pro Tour Qualifier, Preliminary Pro Tour Qualifier, Grand Prix, Grand Prix Trial, WPN Premium Tournament, e WPN Premium Qualifier. Torneios n\u00e3o-Premier incluem qualquer outro torneio sancionado. Torneios Premier s\u00e3o listados no website da Wizards of the Coast. O MTR \u00e9 um documento de normas tanto para torneios Premier quanto para torneios n\u00e3o-Premier sancionados.<\/span><\/i><span style=\"font-weight: 400\"> <\/div><\/span><\/p>\n<p><span style=\"font-weight: 400\">H\u00e1 dois grandes formatos de torneio: Limitado e Constru\u00eddo. Cada um possui regras espec\u00edficas a seu formato. Em torneios Limitados, todo o produto necess\u00e1rio para o jogo \u00e9 fornecido durante o torneio. Em torneios constru\u00eddos, os jogadores competem utilizando decks preparados anteriormente. Alguns torneios Premier podem consistir em m\u00faltiplos formatos dentro do mesmo torneio.<\/span><\/p>\n<p><span style=\"font-weight: 400\"><div class=\"alert alert-info\" role=\"alert\">  <\/span><i><span style=\"font-weight: 400\">Formatos limitados incluem qualquer formato em que um jogador constr\u00f3i seu deck durante o evento \u2014 ex. draft, deck selado e mini masters. Formatos constru\u00eddos incluem qualquer formato em que o jogador constr\u00f3i seu deck antes do evento. Os formatos constru\u00eddos mais populares s\u00e3o Padr\u00e3o (standard), Moderno (modern) e Legado (legacy). <\/span><\/i><span style=\"font-weight: 400\"><\/div><\/span><\/p>\n","protected":false},"excerpt":{"rendered":"<p>Torneios classificados sancionados s\u00e3o divididos em dois tipos: Premier e n\u00e3o-Premier. Torneios premier s\u00e3o organizados pela Wizards of the Coast ou Organizadores de Torneio selecionados. Eles possuem nomes e caracter\u00edsticas \u00fanicas. Torneios n\u00e3o-Premier s\u00e3o torneio que n\u00e3o s\u00e3o explicitamente Premier. H\u00e1 dois grandes formatos de torneio: Limitado e Constru\u00eddo. Cada um possui regras espec\u00edficas a [&hellip;]<\/p>\n","protected":false},"author":249,"featured_media":0,"parent":0,"menu_order":0,"comment_status":"closed","ping_status":"closed","template":"","meta":{"footnotes":"","_links_to":"","_links_to_target":""},"language":[13],"class_list":["post-7222","page","type-page","status-publish","hentry","language-pt_br"],"_links":{"self":[{"href":"https:\/\/blogs.magicjudges.org\/rules\/wp-json\/wp\/v2\/pages\/7222","targetHints":{"allow":["GET"]}}],"collection":[{"href":"https:\/\/blogs.magicjudges.org\/rules\/wp-json\/wp\/v2\/pages"}],"about":[{"href":"https:\/\/blogs.magicjudges.org\/rules\/wp-json\/wp\/v2\/types\/page"}],"author":[{"embeddable":true,"href":"https:\/\/blogs.magicjudges.org\/rules\/wp-json\/wp\/v2\/users\/249"}],"replies":[{"embeddable":true,"href":"https:\/\/blogs.magicjudges.org\/rules\/wp-json\/wp\/v2\/comments?post=7222"}],"version-history":[{"count":2,"href":"https:\/\/blogs.magicjudges.org\/rules\/wp-json\/wp\/v2\/pages\/7222\/revisions"}],"predecessor-version":[{"id":7226,"href":"https:\/\/blogs.magicjudges.org\/rules\/wp-json\/wp\/v2\/pages\/7222\/revisions\/7226"}],"wp:attachment":[{"href":"https:\/\/blogs.magicjudges.org\/rules\/wp-json\/wp\/v2\/media?parent=7222"}],"wp:term":[{"taxonomy":"language","embeddable":true,"href":"https:\/\/blogs.magicjudges.org\/rules\/wp-json\/wp\/v2\/language?post=7222"}],"curies":[{"name":"wp","href":"https:\/\/api.w.org\/{rel}","templated":true}]}}