{"id":7304,"date":"2018-01-05T15:12:11","date_gmt":"2018-01-05T12:12:11","guid":{"rendered":"http:\/\/blogs.magicjudges.org\/rules\/?page_id=7304"},"modified":"2018-10-03T15:20:21","modified_gmt":"2018-10-03T12:20:21","slug":"mtr5-6-es","status":"publish","type":"page","link":"https:\/\/blogs.magicjudges.org\/rules\/mtr5-6-es\/","title":{"rendered":"MTR 5.6 Ayuda externa"},"content":{"rendered":"<div>Durante las partidas, los jugadores no pueden pedir consejos de los espectadores y estos no pueden dar consejos a los jugadores.<\/div>\n<div>Durante la construcci\u00f3n de mazos, los jugadores y espectadores no pueden dar consejos o hacer comentarios a un jugador hasta que la lista de mazo de ese jugador haya sido entregada.<\/div>\n<div>Los jugadores y espectadores evitar dar cualquier informaci\u00f3n sobre selecciones de draft o estrategias entre los anuncios en la mesa y al final del draft. A nivel de imposici\u00f3n de reglas competitivo y profesional, los jugadores y espectadores se espera permanezcan en silencio durante el draft.<\/div>\n<div>Algunas de estas restricciones pueden ser obviadas para la prensa oficial y cobertura; en estas situaciones, el jugador ser\u00e1 informado de las expectativas revisadas. Los compa\u00f1eros de algunos torneos de equipo tambi\u00e9n est\u00e1n exceptuados de estas restricciones (<a href=\"http:\/\/blogs.magicjudges.org\/rules\/mtr4-5-es\">ver la secci\u00f3n 4.5<\/a>).<\/div>\n","protected":false},"excerpt":{"rendered":"<p>Durante las partidas, los jugadores no pueden pedir consejos de los espectadores y estos no pueden dar consejos a los jugadores. Durante la construcci\u00f3n de mazos, los jugadores y espectadores no pueden dar consejos o hacer comentarios a un jugador hasta que la lista de mazo de ese jugador haya sido entregada. Los jugadores y [&hellip;]<\/p>\n","protected":false},"author":28,"featured_media":0,"parent":0,"menu_order":0,"comment_status":"closed","ping_status":"closed","template":"","meta":{"footnotes":"","_links_to":"","_links_to_target":""},"language":[8],"class_list":["post-7304","page","type-page","status-publish","hentry","language-es"],"_links":{"self":[{"href":"https:\/\/blogs.magicjudges.org\/rules\/wp-json\/wp\/v2\/pages\/7304","targetHints":{"allow":["GET"]}}],"collection":[{"href":"https:\/\/blogs.magicjudges.org\/rules\/wp-json\/wp\/v2\/pages"}],"about":[{"href":"https:\/\/blogs.magicjudges.org\/rules\/wp-json\/wp\/v2\/types\/page"}],"author":[{"embeddable":true,"href":"https:\/\/blogs.magicjudges.org\/rules\/wp-json\/wp\/v2\/users\/28"}],"replies":[{"embeddable":true,"href":"https:\/\/blogs.magicjudges.org\/rules\/wp-json\/wp\/v2\/comments?post=7304"}],"version-history":[{"count":1,"href":"https:\/\/blogs.magicjudges.org\/rules\/wp-json\/wp\/v2\/pages\/7304\/revisions"}],"predecessor-version":[{"id":7305,"href":"https:\/\/blogs.magicjudges.org\/rules\/wp-json\/wp\/v2\/pages\/7304\/revisions\/7305"}],"wp:attachment":[{"href":"https:\/\/blogs.magicjudges.org\/rules\/wp-json\/wp\/v2\/media?parent=7304"}],"wp:term":[{"taxonomy":"language","embeddable":true,"href":"https:\/\/blogs.magicjudges.org\/rules\/wp-json\/wp\/v2\/language?post=7304"}],"curies":[{"name":"wp","href":"https:\/\/api.w.org\/{rel}","templated":true}]}}