{"id":7314,"date":"2018-01-05T16:29:07","date_gmt":"2018-01-05T13:29:07","guid":{"rendered":"http:\/\/blogs.magicjudges.org\/rules\/?page_id=7314"},"modified":"2018-01-05T16:31:43","modified_gmt":"2018-01-05T13:31:43","slug":"mtr5-6-pt","status":"publish","type":"page","link":"https:\/\/blogs.magicjudges.org\/rules\/mtr5-6-pt\/","title":{"rendered":"MTR 5.6 Assist\u00eancia Externa"},"content":{"rendered":"<div>Durante as partidas, os jogadores n\u00e3o podem buscar conselhos de espectadores e os espectadores n\u00e3o podem dar conselhos de jogo aos jogadores.<\/div>\n<div>Durante a constru\u00e7\u00e3o de deck, os jogadores e espectadores podem n\u00e3o fornecer qualquer conselho ou coment\u00e1rio a um jogador at\u00e9 que a lista de deck desse jogador tenha sido entregue.<\/div>\n<div>Jogadores e espectadores abster-se-\u00e3o de fornecer qualquer informa\u00e7\u00e3o sobre sele\u00e7\u00f5es de draft ou estrat\u00e9gias entre o an\u00fancio do pod e o final do draft. Nos n\u00edveis de aplica\u00e7\u00e3o de regras Competitivo e Profissional, os jogadores e os espectadores devem permanecer em sil\u00eancio durante o draft.<\/div>\n<div>Algumas dessas restri\u00e7\u00f5es podem ser dispensadas devido \u00e0 cobertura ou imprensa oficial; nessas situa\u00e7\u00f5es, o jogador ser\u00e1 informado das expectativas revisadas. Os companheiros de equipe em determinados torneios de equipe tamb\u00e9m est\u00e3o exclu\u00eddos dessas restri\u00e7\u00f5es (<a href=\"http:\/\/blogs.magicjudges.org\/rules\/mtr4-5-pt\/\">ver se\u00e7\u00e3o 4.5<\/a>)<\/div>\n","protected":false},"excerpt":{"rendered":"<p>Durante as partidas, os jogadores n\u00e3o podem buscar conselhos de espectadores e os espectadores n\u00e3o podem dar conselhos de jogo aos jogadores. Durante a constru\u00e7\u00e3o de deck, os jogadores e espectadores podem n\u00e3o fornecer qualquer conselho ou coment\u00e1rio a um jogador at\u00e9 que a lista de deck desse jogador tenha sido entregue. Jogadores e espectadores [&hellip;]<\/p>\n","protected":false},"author":28,"featured_media":0,"parent":0,"menu_order":0,"comment_status":"closed","ping_status":"closed","template":"","meta":{"footnotes":"","_links_to":"","_links_to_target":""},"language":[13],"class_list":["post-7314","page","type-page","status-publish","hentry","language-pt_br"],"_links":{"self":[{"href":"https:\/\/blogs.magicjudges.org\/rules\/wp-json\/wp\/v2\/pages\/7314","targetHints":{"allow":["GET"]}}],"collection":[{"href":"https:\/\/blogs.magicjudges.org\/rules\/wp-json\/wp\/v2\/pages"}],"about":[{"href":"https:\/\/blogs.magicjudges.org\/rules\/wp-json\/wp\/v2\/types\/page"}],"author":[{"embeddable":true,"href":"https:\/\/blogs.magicjudges.org\/rules\/wp-json\/wp\/v2\/users\/28"}],"replies":[{"embeddable":true,"href":"https:\/\/blogs.magicjudges.org\/rules\/wp-json\/wp\/v2\/comments?post=7314"}],"version-history":[{"count":2,"href":"https:\/\/blogs.magicjudges.org\/rules\/wp-json\/wp\/v2\/pages\/7314\/revisions"}],"predecessor-version":[{"id":7316,"href":"https:\/\/blogs.magicjudges.org\/rules\/wp-json\/wp\/v2\/pages\/7314\/revisions\/7316"}],"wp:attachment":[{"href":"https:\/\/blogs.magicjudges.org\/rules\/wp-json\/wp\/v2\/media?parent=7314"}],"wp:term":[{"taxonomy":"language","embeddable":true,"href":"https:\/\/blogs.magicjudges.org\/rules\/wp-json\/wp\/v2\/language?post=7314"}],"curies":[{"name":"wp","href":"https:\/\/api.w.org\/{rel}","templated":true}]}}